{"id":716,"date":"2022-09-27T08:22:34","date_gmt":"2022-09-27T08:22:34","guid":{"rendered":"http:\/\/136.116.241.105\/?page_id=716"},"modified":"2025-12-27T11:15:16","modified_gmt":"2025-12-27T10:15:16","slug":"metodo-2","status":"publish","type":"page","link":"https:\/\/air.triuvo.ai\/pt\/metodo-2\/","title":{"rendered":"M\u00e9todo"},"content":{"rendered":"<div data-elementor-type=\"wp-page\" data-elementor-id=\"716\" class=\"elementor elementor-716\">\n\t\t\t\t\t\t<section class=\"elementor-section elementor-top-section elementor-element elementor-element-4eb5ed8 elementor-section-full_width elementor-section-height-default elementor-section-height-default\" data-id=\"4eb5ed8\" data-element_type=\"section\" data-e-type=\"section\">\n\t\t\t\t\t\t<div class=\"elementor-container elementor-column-gap-no\">\n\t\t\t\t\t<div class=\"elementor-column elementor-col-100 elementor-top-column elementor-element elementor-element-a5c0441\" data-id=\"a5c0441\" data-element_type=\"column\" data-e-type=\"column\">\n\t\t\t<div class=\"elementor-widget-wrap elementor-element-populated\">\n\t\t\t\t\t\t<div class=\"elementor-element elementor-element-8c7b509 elementor-widget elementor-widget-BannerSlider\" data-id=\"8c7b509\" data-element_type=\"widget\" data-e-type=\"widget\" data-widget_type=\"BannerSlider.default\">\n\t\t\t\t<div class=\"elementor-widget-container\">\n\t\t\t\t\t                    <div class=\"it-solutions-slides owl-carousel owl-theme\">\r\n                                <div class=\"it-solutions-item\" style=\"background-image:url(https:\/\/air.triuvo.ai\/wp-content\/uploads\/2022\/09\/banner-bg.jpg);\">\r\n                    <div class=\"container-fluid\">\r\n                        <div class=\"it-solutions-banner-content\">\r\n                            <h1>\r\n                                Pesquisa, sinais e portf\u00f3lios modelo                            <\/h1>\r\n\r\n                                                            <p>O Aquinas Intelligence Report (AIR) \u00e9 um sistema completo de pesquisa de mercado, sinais e portf\u00f3lios-modelo baseado na filosofia tomista, na doutrina social cat\u00f3lica e no moderno gerenciamento de riscos. Ele foi projetado para investidores, consultores, empreendedores e escrit\u00f3rios familiares que buscam desempenho, coer\u00eancia moral e prud\u00eancia estrat\u00e9gica em uma estrutura unificada. N\u00e3o vendemos \u201co pr\u00f3ximo foguete\u201d. Fornecemos uma estrutura disciplinada para a tomada de decis\u00f5es s\u00e9rias em a\u00e7\u00f5es, futuros, renda fixa e ativos reais - sem trair sua consci\u00eancia ou colocar em risco o capital que lhe foi confiado.<\/p>\r\n                                                                                        <div class=\"btn-box\">\r\n                                                                            <a href=\"https:\/\/air.triuvo.ai\/pt\/?page_id=345\" class=\"btn btn-primary\"> Leia mais<\/a>\r\n                                    \r\n                                                                            <a href=\"https:\/\/air.triuvo.ai\/pt\/contato\/\" class=\"btn btn-light\"> Come\u00e7ar a usar<\/a>\r\n                                                                    <\/div>\r\n                                                    <\/div>\r\n                    <\/div>\r\n                <\/div>\r\n                            <\/div>\r\n                \t\t\t\t<\/div>\n\t\t\t\t<\/div>\n\t\t\t\t\t<\/div>\n\t\t<\/div>\n\t\t\t\t\t<\/div>\n\t\t<\/section>\n\t\t\t\t<section class=\"elementor-section elementor-top-section elementor-element elementor-element-134b387 elementor-section-full_width elementor-section-height-default elementor-section-height-default\" data-id=\"134b387\" data-element_type=\"section\" data-e-type=\"section\">\n\t\t\t\t\t\t<div class=\"elementor-container elementor-column-gap-no\">\n\t\t\t\t\t<div class=\"elementor-column elementor-col-100 elementor-top-column elementor-element elementor-element-137bb69\" data-id=\"137bb69\" data-element_type=\"column\" data-e-type=\"column\">\n\t\t\t<div class=\"elementor-widget-wrap elementor-element-populated\">\n\t\t\t\t\t\t<div class=\"elementor-element elementor-element-26a226b elementor-widget elementor-widget-Featured\" data-id=\"26a226b\" data-element_type=\"widget\" data-e-type=\"widget\" data-widget_type=\"Featured.default\">\n\t\t\t\t<div class=\"elementor-widget-container\">\n\t\t\t\t\t                    <div class=\"boxes-area\">\r\n                <div class=\"container\">\r\n                    <div class=\"row justify-content-center\">\r\n                                                                    <\/div>\r\n                <\/div>\r\n            <\/div>\r\n                    \t\t\t\t<\/div>\n\t\t\t\t<\/div>\n\t\t\t\t\t<\/div>\n\t\t<\/div>\n\t\t\t\t\t<\/div>\n\t\t<\/section>\n\t\t\t\t<section class=\"elementor-section elementor-top-section elementor-element elementor-element-4ba43d5 elementor-section-full_width elementor-section-height-default elementor-section-height-default\" data-id=\"4ba43d5\" data-element_type=\"section\" data-e-type=\"section\">\n\t\t\t\t\t\t<div class=\"elementor-container elementor-column-gap-no\">\n\t\t\t\t\t<div class=\"elementor-column elementor-col-100 elementor-top-column elementor-element elementor-element-1f02432\" data-id=\"1f02432\" data-element_type=\"column\" data-e-type=\"column\">\n\t\t\t<div class=\"elementor-widget-wrap elementor-element-populated\">\n\t\t\t\t\t\t<div class=\"elementor-element elementor-element-9ef7e62 elementor-widget elementor-widget-spacer\" data-id=\"9ef7e62\" data-element_type=\"widget\" data-e-type=\"widget\" data-widget_type=\"spacer.default\">\n\t\t\t\t<div class=\"elementor-widget-container\">\n\t\t\t\t\t\t\t<div class=\"elementor-spacer\">\n\t\t\t<div class=\"elementor-spacer-inner\"><\/div>\n\t\t<\/div>\n\t\t\t\t\t\t<\/div>\n\t\t\t\t<\/div>\n\t\t\t\t<div class=\"elementor-element elementor-element-d078c9c elementor-widget elementor-widget-about-us-widget\" data-id=\"d078c9c\" data-element_type=\"widget\" data-e-type=\"widget\" data-widget_type=\"about-us-widget.default\">\n\t\t\t\t<div class=\"elementor-widget-container\">\n\t\t\t\t\t\r\n        <!-- Start About Area -->\r\n                        <section class=\"about-area pb-100\">\r\n                    <div class=\"container-fluid\">\r\n                        <div class=\"row align-items-center\">\r\n                            <div class=\"col-lg-6 col-md-12\">\r\n                                <div class=\"about-image-wp\">\r\n                                    <img decoding=\"async\" src=\"https:\/\/air.triuvo.ai\/wp-content\/uploads\/2025\/12\/HOME1.jpg\" alt=\"imagem\">\r\n                                <\/div>\r\n                            <\/div>\r\n\r\n                            <div class=\"col-lg-6 col-md-12\">\r\n                                <div class=\"about-content\">\r\n                                    <div class=\"content\">\r\n                                        <span><\/span>\r\n                                        <h2>E se voc\u00ea tivesse tido Aquinas no ano passado?<\/h2>\r\n                                        <p class=\"p1\">Imagine o ano passado nos mercados - altas bruscas, quedas repentinas, manchetes de guerra, infla\u00e7\u00e3o, bancos centrais e barulho sem fim.<\/p><p class=\"p1\"><i><b>Agora pergunte a si mesmo honestamente:<\/b><\/i><\/p><p class=\"p1\">Voc\u00ea realmente sabia quando era hora de reduzir o risco e quando poderia aument\u00e1-lo com seguran\u00e7a?<\/p><p class=\"p1\">Voc\u00ea consegue distinguir entre o ru\u00eddo da m\u00eddia e as mudan\u00e7as reais de regime?<\/p><p class=\"p1\">Voc\u00ea sabia quais empresas ou setores eram incompat\u00edveis com sua f\u00e9, mesmo que parecessem \u201clucrativos\u201d?<\/p><p class=\"p1\">Voc\u00ea tinha uma estrutura para decidir quanta liquidez manter e quando parar de negociar por simples prud\u00eancia?<\/p>                                                                            <\/div>\r\n                                <\/div>\r\n                            <\/div>\r\n                        <\/div>\r\n                    <\/div>\r\n                <\/section>\r\n                <!-- End About Area -->\r\n        \t\t\t\t<\/div>\n\t\t\t\t<\/div>\n\t\t\t\t<div class=\"elementor-element elementor-element-fe85f16 elementor-widget elementor-widget-about-us-widget\" data-id=\"fe85f16\" data-element_type=\"widget\" data-e-type=\"widget\" data-widget_type=\"about-us-widget.default\">\n\t\t\t\t<div class=\"elementor-widget-container\">\n\t\t\t\t\t\r\n        <!-- Start About Area -->\r\n         \r\n                <div class=\"about-area ptb-90\">\r\n                    <div class=\"container\">\r\n                        <div class=\"row align-items-center\">\r\n                            <div class=\"col-lg-6 col-md-12\">\r\n                                <div class=\"about-image\">\r\n                                    <img decoding=\"async\" class=\"\" src=\"https:\/\/air.triuvo.ai\/wp-content\/uploads\/2022\/09\/about-img2.jpg\" alt=\"imagem\">\r\n                                    <img decoding=\"async\" class=\"\" src=\"https:\/\/air.triuvo.ai\/wp-content\/uploads\/2025\/12\/HOME2.jpg\" alt=\"imagem\">\r\n                                <\/div>\r\n                            <\/div>\r\n                            <div class=\"col-lg-6 col-md-12\">\r\n                                <div class=\"about-content text-right\">\r\n                                    <span><\/span>\r\n                                    <h2>Com o Aquinas Intelligence Report (AIR), voc\u00ea teria:<\/h2>\r\n                                    <ul><li class=\"p1\">Uma c\u00e1psula di\u00e1ria de contexto para come\u00e7ar seu dia com clareza, n\u00e3o com ansiedade.<\/li><li class=\"p1\">Carteiras modelo prudentes com faixas de exposi\u00e7\u00e3o razo\u00e1veis.<\/li><li class=\"p1\">Sinais concretos somente quando o mercado oferecia oportunidades reais, n\u00e3o a cada recupera\u00e7\u00e3o.<\/li><li class=\"p1\">Artigos particulares e sess\u00f5es de perguntas e respostas que explicam a l\u00f3gica por tr\u00e1s de cada decis\u00e3o, para que voc\u00ea possa aprender com cada movimento.<\/li><li class=\"p1\">E um companheiro de estudo -\u00a0<i>Aquinas AI<\/i>\u00a0- para perguntar sempre que algo n\u00e3o estivesse certo.<\/li><li class=\"p1\">A meta n\u00e3o \u00e9 que voc\u00ea \u201cteria feito tudo certo\u201d.\u201d<\/li><li class=\"p1\">\u00c9 que voc\u00ea n\u00e3o teria tomado decis\u00f5es imprudentes graves e que cada passo dado estaria alinhado tanto com sua consci\u00eancia quanto com a realidade econ\u00f4mica.<\/li><\/ul>                                                                    <\/div>\r\n                            <\/div>\r\n                        <\/div>\r\n\r\n                        <div class=\"about-inner-area\">\r\n                            <div class=\"row\">                             <\/div>\r\n                        <\/div>\r\n                    <\/div>\r\n                \r\n                                    <div class=\"shape14\">\r\n                        <img decoding=\"async\" class=\"\" src=\"https:\/\/air.triuvo.ai\/wp-content\/themes\/plaby\/assets\/img\/shape\/13.svg\" alt=\"Shape\">\r\n                    <\/div>\r\n                    <div class=\"shape2\">\r\n                        <img decoding=\"async\" class=\"\" src=\"https:\/\/air.triuvo.ai\/wp-content\/themes\/plaby\/assets\/img\/shape\/18.png\" alt=\"Shape\">\r\n                    <\/div>\r\n                            <\/div>\r\n                    <!-- End About Area -->\r\n        \t\t\t\t<\/div>\n\t\t\t\t<\/div>\n\t\t\t\t\t<\/div>\n\t\t<\/div>\n\t\t\t\t\t<\/div>\n\t\t<\/section>\n\t\t\t\t<section class=\"elementor-section elementor-top-section elementor-element elementor-element-e89444c elementor-section-full_width elementor-section-height-default elementor-section-height-default\" data-id=\"e89444c\" data-element_type=\"section\" data-e-type=\"section\">\n\t\t\t\t\t\t<div class=\"elementor-container elementor-column-gap-no\">\n\t\t\t\t\t<div class=\"elementor-column elementor-col-100 elementor-top-column elementor-element elementor-element-2a8a293\" data-id=\"2a8a293\" data-element_type=\"column\" data-e-type=\"column\">\n\t\t\t<div class=\"elementor-widget-wrap\">\n\t\t\t\t\t\t\t<\/div>\n\t\t<\/div>\n\t\t\t\t\t<\/div>\n\t\t<\/section>\n\t\t\t\t<div class=\"elementor-section elementor-top-section elementor-element elementor-element-66da5cc elementor-section-full_width bg-f7f9fb elementor-section-height-default elementor-section-height-default\" data-id=\"66da5cc\" data-element_type=\"section\" data-e-type=\"section\">\n\t\t\t\t\t\t<div class=\"elementor-container elementor-column-gap-no\">\n\t\t\t\t\t<div class=\"elementor-column elementor-col-100 elementor-top-column elementor-element elementor-element-4e37b79\" data-id=\"4e37b79\" data-element_type=\"column\" data-e-type=\"column\">\n\t\t\t<div class=\"elementor-widget-wrap elementor-element-populated\">\n\t\t\t\t\t\t<div class=\"elementor-element elementor-element-15bb73b elementor-widget elementor-widget-spacer\" data-id=\"15bb73b\" data-element_type=\"widget\" data-e-type=\"widget\" data-widget_type=\"spacer.default\">\n\t\t\t\t<div class=\"elementor-widget-container\">\n\t\t\t\t\t\t\t<div class=\"elementor-spacer\">\n\t\t\t<div class=\"elementor-spacer-inner\"><\/div>\n\t\t<\/div>\n\t\t\t\t\t\t<\/div>\n\t\t\t\t<\/div>\n\t\t\t\t\t<\/div>\n\t\t<\/div>\n\t\t\t\t\t<\/div>\n\t\t<\/div>\n\t\t\t\t<div class=\"elementor-section elementor-top-section elementor-element elementor-element-dca90a0 elementor-section-full_width elementor-section-height-default elementor-section-height-default\" data-id=\"dca90a0\" data-element_type=\"section\" data-e-type=\"section\">\n\t\t\t\t\t\t<div class=\"elementor-container elementor-column-gap-no\">\n\t\t\t\t\t<div class=\"elementor-column elementor-col-100 elementor-top-column elementor-element elementor-element-9230a6c\" data-id=\"9230a6c\" data-element_type=\"column\" data-e-type=\"column\">\n\t\t\t<div class=\"elementor-widget-wrap elementor-element-populated\">\n\t\t\t\t\t\t<div class=\"elementor-element elementor-element-490b6cf elementor-widget elementor-widget-plaby-banner-widget\" data-id=\"490b6cf\" data-element_type=\"widget\" data-e-type=\"widget\" data-widget_type=\"plaby-banner-widget.default\">\n\t\t\t\t<div class=\"elementor-widget-container\">\n\t\t\t\t\t\r\n        <!-- Start Main Banner Area -->\r\n                   \r\n                        <div class=\"it-services-banner-area\" style=\"background-image: url(https:\/\/air.triuvo.ai\/wp-content\/uploads\/2025\/12\/Unstructured-Data-2-scaled.png )\">\r\n                                <div class=\"container-fluid\">\r\n                    <div class=\"row align-items-center\">\r\n                        <div class=\"col-lg-6 col-md-12\">\r\n                            <div class=\"it-services-banner-content\">\r\n                                <h1  ><\/h1>\r\n\r\n                                                                                            <\/div>\r\n                        <\/div>\r\n                        \r\n                        \r\n                                            <\/div>\r\n                <\/div>\r\n            <\/div>\r\n                <!-- End Main Banner Area -->\r\n        \t\t\t\t<\/div>\n\t\t\t\t<\/div>\n\t\t\t\t<div class=\"elementor-element elementor-element-b4f48b8 elementor-widget elementor-widget-spacer\" data-id=\"b4f48b8\" data-element_type=\"widget\" data-e-type=\"widget\" data-widget_type=\"spacer.default\">\n\t\t\t\t<div class=\"elementor-widget-container\">\n\t\t\t\t\t\t\t<div class=\"elementor-spacer\">\n\t\t\t<div class=\"elementor-spacer-inner\"><\/div>\n\t\t<\/div>\n\t\t\t\t\t\t<\/div>\n\t\t\t\t<\/div>\n\t\t\t\t\t<\/div>\n\t\t<\/div>\n\t\t\t\t\t<\/div>\n\t\t<\/div>\n\t\t\t\t<section class=\"elementor-section elementor-top-section elementor-element elementor-element-b3dcf00 elementor-section-full_width elementor-section-height-default elementor-section-height-default\" data-id=\"b3dcf00\" data-element_type=\"section\" data-e-type=\"section\">\n\t\t\t\t\t\t<div class=\"elementor-container elementor-column-gap-no\">\n\t\t\t\t\t<div class=\"elementor-column elementor-col-100 elementor-top-column elementor-element elementor-element-a2a435f\" data-id=\"a2a435f\" data-element_type=\"column\" data-e-type=\"column\">\n\t\t\t<div class=\"elementor-widget-wrap elementor-element-populated\">\n\t\t\t\t\t\t<div class=\"elementor-element elementor-element-c10dc31 elementor-widget elementor-widget-cta-widget\" data-id=\"c10dc31\" data-element_type=\"widget\" data-e-type=\"widget\" data-widget_type=\"cta-widget.default\">\n\t\t\t\t<div class=\"elementor-widget-container\">\n\t\t\t\t\t\r\n        <!-- Start CTA Area -->\r\n                    <div class=\"cta-area jarallax\" data-jarallax='{\"speed\": 0.3}' style=\"background-image: url(https:\/\/air.triuvo.ai\/wp-content\/uploads\/2022\/09\/build-bg.jpg )\">\r\n                <div class=\"container\">\r\n                    <div class=\"cta-content text-left\">\r\n                        <span>Pronto para pensar, n\u00e3o para especular?<\/span>\r\n                        <h2>Use a prud\u00eancia em todas as decis\u00f5es<\/h2>\r\n                                                                                    <a target=\"_blank\" href=\"https:\/\/air.triuvo.ai\/pt\/contato-direto\/\" class=\"btn btn-primary\">Entre em contato conosco<\/a>                                            <\/div>\r\n                <\/div>\r\n            <\/div>\r\n                    <!-- End CTA Area -->\r\n    \t\t\t\t<\/div>\n\t\t\t\t<\/div>\n\t\t\t\t\t<\/div>\n\t\t<\/div>\n\t\t\t\t\t<\/div>\n\t\t<\/section>\n\t\t\t\t<\/div>","protected":false},"excerpt":{"rendered":"<p>Research, Signals, and Model Portfolios Aquinas Intelligence Report (AIR) is a complete system of market research, signals, and model portfolios built on Thomistic philosophy, Catholic social doctrine, and modern risk management. It is designed for investors, advisors, entrepreneurs, and family offices seeking performance, moral coherence, and strategic prudence in one unified framework. We don\u2019t sell<\/p>","protected":false},"author":1,"featured_media":0,"parent":0,"menu_order":0,"comment_status":"closed","ping_status":"closed","template":"elementor_header_footer","meta":{"_acf_changed":false,"pmpro_default_level":"","_uag_custom_page_level_css":"","footnotes":""},"class_list":["post-716","page","type-page","status-publish","hentry","pmpro-has-access"],"acf":[],"uagb_featured_image_src":{"full":false,"thumbnail":false,"medium":false,"medium_large":false,"large":false,"1536x1536":false,"2048x2048":false,"trp-custom-language-flag":false,"plaby_card_thumb":false,"plaby_single_thumb":false,"woocommerce_thumbnail":false,"woocommerce_single":false,"woocommerce_gallery_thumbnail":false},"uagb_author_info":{"display_name":"LuarV-Admin","author_link":"https:\/\/air.triuvo.ai\/pt\/author\/luarv-admin\/"},"uagb_comment_info":0,"uagb_excerpt":"Research, Signals, and Model Portfolios Aquinas Intelligence Report (AIR) is a complete system of market research, signals, and model portfolios built on Thomistic philosophy, Catholic social doctrine, and modern risk management. It is designed for investors, advisors, entrepreneurs, and family offices seeking performance, moral coherence, and strategic prudence in one unified framework. We don\u2019t sell","_links":{"self":[{"href":"https:\/\/air.triuvo.ai\/pt\/wp-json\/wp\/v2\/pages\/716","targetHints":{"allow":["GET"]}}],"collection":[{"href":"https:\/\/air.triuvo.ai\/pt\/wp-json\/wp\/v2\/pages"}],"about":[{"href":"https:\/\/air.triuvo.ai\/pt\/wp-json\/wp\/v2\/types\/page"}],"author":[{"embeddable":true,"href":"https:\/\/air.triuvo.ai\/pt\/wp-json\/wp\/v2\/users\/1"}],"replies":[{"embeddable":true,"href":"https:\/\/air.triuvo.ai\/pt\/wp-json\/wp\/v2\/comments?post=716"}],"version-history":[{"count":161,"href":"https:\/\/air.triuvo.ai\/pt\/wp-json\/wp\/v2\/pages\/716\/revisions"}],"predecessor-version":[{"id":2215,"href":"https:\/\/air.triuvo.ai\/pt\/wp-json\/wp\/v2\/pages\/716\/revisions\/2215"}],"wp:attachment":[{"href":"https:\/\/air.triuvo.ai\/pt\/wp-json\/wp\/v2\/media?parent=716"}],"curies":[{"name":"wp","href":"https:\/\/api.w.org\/{rel}","templated":true}]}}