{"id":2,"date":"2021-03-18T10:14:51","date_gmt":"2021-03-18T10:14:51","guid":{"rendered":"http:\/\/136.116.241.105\/?page_id=2"},"modified":"2025-12-30T01:34:48","modified_gmt":"2025-12-30T00:34:48","slug":"doutrina","status":"publish","type":"page","link":"https:\/\/air.triuvo.ai\/pt\/doutrina\/","title":{"rendered":"Doutrina"},"content":{"rendered":"<div data-elementor-type=\"wp-page\" data-elementor-id=\"2\" class=\"elementor elementor-2\">\n\t\t\t\t\t\t<section class=\"elementor-section elementor-top-section elementor-element elementor-element-169ac773 elementor-section-boxed elementor-section-height-default elementor-section-height-default\" data-id=\"169ac773\" data-element_type=\"section\" data-e-type=\"section\">\n\t\t\t\t\t\t<div class=\"elementor-container elementor-column-gap-default\">\n\t\t\t\t\t<div class=\"elementor-column elementor-col-100 elementor-top-column elementor-element elementor-element-77f85b63\" data-id=\"77f85b63\" data-element_type=\"column\" data-e-type=\"column\">\n\t\t\t<div class=\"elementor-widget-wrap elementor-element-populated\">\n\t\t\t\t\t\t<div class=\"elementor-element elementor-element-a6057e0 elementor-widget elementor-widget-spacer\" data-id=\"a6057e0\" data-element_type=\"widget\" data-e-type=\"widget\" data-widget_type=\"spacer.default\">\n\t\t\t\t<div class=\"elementor-widget-container\">\n\t\t\t\t\t\t\t<div class=\"elementor-spacer\">\n\t\t\t<div class=\"elementor-spacer-inner\"><\/div>\n\t\t<\/div>\n\t\t\t\t\t\t<\/div>\n\t\t\t\t<\/div>\n\t\t\t\t<section class=\"elementor-section elementor-inner-section elementor-element elementor-element-60263b0 elementor-section-boxed elementor-section-height-default elementor-section-height-default\" data-id=\"60263b0\" data-element_type=\"section\" data-e-type=\"section\">\n\t\t\t\t\t\t<div class=\"elementor-container elementor-column-gap-default\">\n\t\t\t\t\t<div class=\"elementor-column elementor-col-100 elementor-inner-column elementor-element elementor-element-c062a66\" data-id=\"c062a66\" data-element_type=\"column\" data-e-type=\"column\">\n\t\t\t<div class=\"elementor-widget-wrap\">\n\t\t\t\t\t\t\t<\/div>\n\t\t<\/div>\n\t\t\t\t\t<\/div>\n\t\t<\/section>\n\t\t\t\t<div class=\"elementor-element elementor-element-36a05da elementor-widget elementor-widget-PlabySection\" data-id=\"36a05da\" data-element_type=\"widget\" data-e-type=\"widget\" data-widget_type=\"PlabySection.default\">\n\t\t\t\t<div class=\"elementor-widget-container\">\n\t\t\t\t\t\r\n        <div class=\"container\">\r\n            <div class=\"section-title  text-center\">\r\n                <span> A ESPECIFICA\u00c7\u00c3O AQUINAS <\/span>\r\n                <h2 class=\"title\">A Arquitetura do Capital Santificado<\/h2>\r\n                <p style=\"text-align: center\"><i>Um Manifesto Doutrin\u00e1rio e Operacional<\/i><\/p>\n<p style=\"text-align: left\">\u00a0<\/p>\n<p>\u00a0<\/p>\n<p style=\"text-align: left\"><span style=\"color: #ff00ff\">I. O Pre\u00e2mbulo: A Unidade da Vis\u00e3o<\/span><\/p>\n<p style=\"text-align: left\">Rejeitamos o dualismo moderno que separa o motor econ\u00f4mico da lei moral. Afirmamos a verdade reveladora de S\u00e3o Jo\u00e3o Paulo II:<\/p>\n<p>\u00a0<\/p>\n<p style=\"padding-left: 40px;text-align: left\"><em>\u201cA f\u00e9 e a raz\u00e3o s\u00e3o como duas asas com as quais o esp\u00edrito humano se eleva para a contempla\u00e7\u00e3o da verdade; e Deus colocou no cora\u00e7\u00e3o humano o desejo de conhecer a verdade \u2014 em suma, de conhecer a si mesmo \u2014 para que, conhecendo e amando a Deus, os homens e as mulheres possam tamb\u00e9m chegar \u00e0 plenitude da verdade sobre si mesmos.\u201d (S\u00e3o Jo\u00e3o Paulo II, Fides et Ratio, B\u00ean\u00e7\u00e3o inicial)<\/em><\/p>\n<p>\u00a0<\/p>\n<p style=\"text-align: left\">No dom\u00ednio do capital, isso n\u00e3o \u00e9 uma met\u00e1fora; \u00e9 um imperativo operacional. A raz\u00e3o (Ratio) analisa as causas materiais e eficientes de um neg\u00f3cio (balan\u00e7os patrimoniais, fluxos de caixa). A f\u00e9 (Fides) ilumina as causas formais e finais (a natureza do neg\u00f3cio e seu objetivo final). Investir com apenas uma ala \u00e9 voar em c\u00edrculos, inevitavelmente colidindo com o solo de consequ\u00eancias indesejadas. Postulamos que a Raz\u00e3o Correta (Recta Ratio) e a Lei Divina n\u00e3o s\u00e3o for\u00e7as opostas. Elas s\u00e3o o padr\u00e3o unificado da Realidade.<\/p>\n<p>\u00a0<\/p>\n<p>\u00a0<\/p>\n<p>\u00a0<\/p>\n<p style=\"text-align: left\"><span style=\"color: #ff00ff\">II. O diagn\u00f3stico: o erro da cumplicidade passiva<\/span><\/p>\n<p style=\"text-align: left\">A abordagem padr\u00e3o para a aloca\u00e7\u00e3o de capital \u2014 o \u00edndice \u201cneutro em rela\u00e7\u00e3o ao mercado\u201d (por exemplo, S&amp;P 500) \u2014 \u00e9 uma fal\u00e1cia teol\u00f3gica. Ela pressup\u00f5e que o capital pode ser neutro. Mas S\u00e3o Tom\u00e1s de Aquino ensina que nenhuma a\u00e7\u00e3o humana proveniente da vontade deliberada \u00e9 moralmente indiferente (Summa Theologiae, I-II, q. 18, a. 9).<\/p>\n<p>\u00a0<\/p>\n<p style=\"text-align: left\">Ao adquirir o \u00edndice, o investidor envolve-se em coopera\u00e7\u00e3o material com os atos espec\u00edficos das empresas constituintes. Quando essas empresas promovem a destrui\u00e7\u00e3o da vida, a dissolu\u00e7\u00e3o da fam\u00edlia ou a explora\u00e7\u00e3o dos vulner\u00e1veis, o investidor passivo fornece a liquidez que sustenta essas desordens. Bento XVI advertiu-nos explicitamente:<\/p>\n<p>\u00a0<\/p>\n<p style=\"text-align: center\"><em>\u201c... toda decis\u00e3o econ\u00f4mica tem uma consequ\u00eancia moral.\u201d<\/em><\/p>\n<p style=\"text-align: center\"><em>(Bento XVI, Caritas in Veritate, n. 37)<\/em><\/p>\n<p>\u00a0<\/p>\n<p style=\"text-align: left\">Alegar a \u201cdiversifica\u00e7\u00e3o\u201d como desculpa para financiar o mal intr\u00ednseco \u00e9 sacrificar a Alma.<\/p>\n<p style=\"text-align: left\">para obter um desvio padr\u00e3o reduzido. \u00c9 uma falha de Prud\u00eancia, que atua como o<\/p>\n<p style=\"text-align: left\">\u201ccondutor das virtudes\u201d (ST II-II, q. 47).<\/p>\n<p>\u00a0<\/p>\n<p>\u00a0<\/p>\n<p style=\"text-align: left\"><span style=\"color: #ff00ff\">III. O M\u00e9todo: O Veto Ontol\u00f3gico<\/span><\/p>\n<p style=\"text-align: left\">Apresentamos o Veto Ontol\u00f3gico. N\u00e3o se trata apenas de \u201cfiltrar o pecado\u201d. \u00c9 um reconhecimento da natureza do mal. Como define S\u00e3o Tom\u00e1s, o mal \u00e9 privatio boni \u2014 uma priva\u00e7\u00e3o do bem que deveria estar presente (ST I, q. 48, a. 1). O mal \u00e9 uma falta de ser; \u00e9 um defeito estrutural.<\/p>\n<p style=\"text-align: left\">\u2022 Fragilidade: uma empresa que lucra com o v\u00edcio \u00e9 estruturalmente fr\u00e1gil; ela depende da escravid\u00e3o de sua base de clientes.<\/p>\n<p style=\"text-align: left\">\u2022 Suic\u00eddio: Uma empresa que lucra com a esterilidade (aborto\/contracep\u00e7\u00e3o) \u00e9 estruturalmente suicida; ela destr\u00f3i a futura for\u00e7a de trabalho e a demanda do mercado das quais depende.<\/p>\n<p style=\"text-align: left\">Portanto, nossa exclus\u00e3o dessas entidades n\u00e3o \u00e9 apenas um dever moral, mas uma estrat\u00e9gia superior de gest\u00e3o de riscos. N\u00e3o evitamos apenas empresas \u201cruins\u201d; evitamos entidades que s\u00e3o ontologicamente defeituosas e est\u00e3o em guerra com a ordem natural.<\/p>\n<p style=\"text-align: left\">\u00a0<\/p>\n<p>\u00a0<\/p>\n<p style=\"text-align: left\"><span style=\"color: #ff00ff\">IV. A Proposta: Resili\u00eancia Atrav\u00e9s da Lei Natural<\/span><\/p>\n<p style=\"text-align: left\">Por que um portf\u00f3lio alinhado com a Lei Natural \u00e9 superior? Porque a Lei Natural \u00e9 o \u201cmanual de instru\u00e7\u00f5es\u201d para o florescimento humano. As empresas que se alinham com essa lei \u2014 apoiando a fam\u00edlia, a dignidade do trabalho e a cria\u00e7\u00e3o de valor real \u2014 est\u00e3o nadando com a corrente da Realidade.<\/p>\n<p>\u00a0<\/p>\n<p style=\"text-align: left\">1. Estabilidade: Eles n\u00e3o temem a luz da verdade ou a corre\u00e7\u00e3o regulat\u00f3ria.<\/p>\n<p style=\"text-align: left\">2. Lealdade: Eles tratam o trabalho n\u00e3o como um mero custo, mas como um assunto de dignidade, seguindo a prioridade do trabalho sobre o capital (S\u00e3o Jo\u00e3o Paulo II, Laborem Exercens, n. 12). Isso gera lealdade e excel\u00eancia operacional.<\/p>\n<p style=\"text-align: left\">3. Sustentabilidade: Eles servem ao bem comum, garantindo que sua licen\u00e7a para operar esteja enraizada na contribui\u00e7\u00e3o social, e n\u00e3o na extra\u00e7\u00e3o.<\/p>\n<p>\u00a0<\/p>\n<p style=\"text-align: center\"><strong><em>A virtude n\u00e3o \u00e9 um imposto sobre o desempenho; Virtude (Virtus) significa literalmente \u201cFor\u00e7a\u201d.\u201d<\/em><\/strong><\/p>\n<p style=\"text-align: left\">\u00a0<\/p>\n<p>\u00a0<\/p>\n<p>\u00a0<\/p>\n<p style=\"text-align: left\"><span style=\"color: #ff00ff\">V. O objetivo: a santifica\u00e7\u00e3o do mundo<\/span><\/p>\n<p style=\"text-align: left\">Por fim, rejeitamos a no\u00e7\u00e3o de que as finan\u00e7as s\u00e3o um \u201cmal necess\u00e1rio\u201d. Abra\u00e7amos o apelo \u00e0 santidade universal. Como ensinou S\u00e3o Josemaria Escriv\u00e1, devemos santificar o nosso trabalho, santificar-nos no nosso trabalho e santificar os outros atrav\u00e9s do nosso trabalho. Investir \u00e9 trabalhar. \u00c9 administrar os talentos.<\/p>\n<p>\u00a0<\/p>\n<p style=\"text-align: center\"><em>\u201cA busca leg\u00edtima do lucro n\u00e3o entra em conflito com a obriga\u00e7\u00e3o de ajudar os pobres e contribuir para a sociedade... pelo contr\u00e1rio, se a l\u00f3gica econ\u00f4mica for usada de maneira correta, ela pode ser um instrumento de solidariedade.\u201d (Comp\u00eandio da Doutrina Social da Igreja)<\/em><\/p>\n<p>\u00a0<\/p>\n<p style=\"text-align: left\">A Especifica\u00e7\u00e3o de Aquinas \u00e9 a seguinte: aplicar o capital com a precis\u00e3o de um tomista e o zelo de um ap\u00f3stolo. Buscamos retornos n\u00e3o para a acumula\u00e7\u00e3o de poder, mas para a expans\u00e3o do Reino e a liberdade da fam\u00edlia.<\/p>\n<p>\u00a0<\/p>\n<p>\u00a0<\/p>\n<p style=\"text-align: left\"><strong>N\u00e3o compramos o palheiro. Compramos a agulha. E a agulha \u00e9 a Verdade.<\/strong><\/p>\n<p style=\"text-align: left\">\u00a0<\/p>            <\/div>\r\n        <\/div>\r\n        \t\t\t\t<\/div>\n\t\t\t\t<\/div>\n\t\t\t\t\t<\/div>\n\t\t<\/div>\n\t\t\t\t\t<\/div>\n\t\t<\/section>\n\t\t\t\t<section class=\"elementor-section elementor-top-section elementor-element elementor-element-4bbfce6 elementor-section-boxed elementor-section-height-default elementor-section-height-default\" data-id=\"4bbfce6\" data-element_type=\"section\" data-e-type=\"section\">\n\t\t\t\t\t\t<div class=\"elementor-container elementor-column-gap-default\">\n\t\t\t\t\t<div class=\"elementor-column elementor-col-100 elementor-top-column elementor-element elementor-element-24abfcc\" data-id=\"24abfcc\" data-element_type=\"column\" data-e-type=\"column\">\n\t\t\t<div class=\"elementor-widget-wrap\">\n\t\t\t\t\t\t\t<\/div>\n\t\t<\/div>\n\t\t\t\t\t<\/div>\n\t\t<\/section>\n\t\t\t\t<section class=\"elementor-section elementor-top-section elementor-element elementor-element-c43e834 elementor-section-boxed elementor-section-height-default elementor-section-height-default\" data-id=\"c43e834\" data-element_type=\"section\" data-e-type=\"section\">\n\t\t\t\t\t\t<div class=\"elementor-container elementor-column-gap-default\">\n\t\t\t\t\t<div class=\"elementor-column elementor-col-100 elementor-top-column elementor-element elementor-element-ac181ac\" data-id=\"ac181ac\" data-element_type=\"column\" data-e-type=\"column\">\n\t\t\t<div class=\"elementor-widget-wrap\">\n\t\t\t\t\t\t\t<\/div>\n\t\t<\/div>\n\t\t\t\t\t<\/div>\n\t\t<\/section>\n\t\t\t\t<section class=\"elementor-section elementor-top-section elementor-element elementor-element-4a1f448 elementor-section-boxed elementor-section-height-default elementor-section-height-default\" data-id=\"4a1f448\" data-element_type=\"section\" data-e-type=\"section\">\n\t\t\t\t\t\t<div class=\"elementor-container elementor-column-gap-default\">\n\t\t\t\t\t<div class=\"elementor-column elementor-col-100 elementor-top-column elementor-element elementor-element-c857921\" data-id=\"c857921\" data-element_type=\"column\" data-e-type=\"column\">\n\t\t\t<div class=\"elementor-widget-wrap elementor-element-populated\">\n\t\t\t\t\t\t<div class=\"elementor-element elementor-element-6494c43 elementor-widget elementor-widget-single-service-widget\" data-id=\"6494c43\" data-element_type=\"widget\" data-e-type=\"widget\" data-widget_type=\"single-service-widget.default\">\n\t\t\t\t<div class=\"elementor-widget-container\">\n\t\t\t\t\t\r\n        <!-- Start Services Details Area -->\r\n            <div class=\"services-details-overview\">\r\n                <div class=\"services-details-desc text-left\">\r\n                    <h1>S\u00e3o Tom\u00e1s de Aquino<\/h1>\r\n                    <p><span style=\"color: #ff00ff\"><strong>O Doutor Ang\u00e9lico e a Filosofia Perene<\/strong><\/span><\/p>\n<p>S\u00e3o Tom\u00e1s de Aquino (s\u00e9culo XIII), o \"Doutor Comum\" da Igreja, \u00e9 o principal arquiteto da s\u00edntese entre raz\u00e3o e f\u00e9. Sua obra demonstra que a raz\u00e3o pode conhecer objetivamente a ordem do ser e da natureza, enquanto a f\u00e9 \u2014 fundamentada na Revela\u00e7\u00e3o Divina \u2014 eleva e aperfei\u00e7oa o intelecto com verdades que ultrapassam a capacidade natural, sem nunca contradiz\u00ea-la. Seu m\u00e9todo \u00e9 rigorosamente disciplinado: definir, distinguir, abordar obje\u00e7\u00f5es e concluir com estrita fidelidade \u00e0 realidade.<\/p>\n<p>\u00a0<\/p>\n<p><span style=\"color: #ff00ff\">1. Uma metaf\u00edsica realista No centro est\u00e1 o realismo moderado:<\/span> o mundo \u00e9 intelig\u00edvel e existe independentemente da nossa mente.<\/p>\n<ul>\n<li>A Pessoa: Uma unidade substancial de corpo e alma (hilomorfismo).<\/li>\n<li>Moralidade: N\u00e3o se baseia em sentimentos subjetivos ou utilidade, mas na verdade sobre a pessoa humana e seu fim \u00faltimo (telos).<\/li>\n<li>Virtude: N\u00e3o \u00e9 mera decora\u00e7\u00e3o ou rotina; \u00e9 um bom h\u00e1bito operacional (habitus) que ordena de forma est\u00e1vel a liberdade humana em dire\u00e7\u00e3o ao Bem.<\/li>\n<\/ul>\n<p>\u00a0<\/p>\n<p><span style=\"color: #ff00ff\">2. A estrutura aristot\u00e9lica-tomista \u00c9 uma filosofia do ser.<\/span> A partir de Arist\u00f3teles, Tom\u00e1s de Aquinas integra estruturas fundamentais para explicar a realidade:<\/p>\n<ul>\n<li>A\u00e7\u00e3o e pot\u00eancia: explica a mudan\u00e7a e o movimento (o que uma coisa \u00e9 agora versus o que ela pode se tornar).<\/li>\n<li>As quatro causas: para compreender qualquer coisa, devemos conhecer sua causa material (de que \u00e9 feita), formal (o que \u00e9), eficiente (quem a fez) e final (seu prop\u00f3sito).<\/li>\n<li>Teleologia: Toda a natureza age com um fim; existe um significado intr\u00ednseco no cosmos. Tom\u00e1s de Aquinas aprofunda esta ideia com a distin\u00e7\u00e3o fundamental entre Ess\u00eancia (o que uma coisa \u00e9) e Ato de Ser (esse \u2014 o fato de ser). As criaturas n\u00e3o s\u00e3o o Ser em si; elas participam do Ser, recebido de Deus.<\/li>\n<\/ul>                <\/div>\r\n\r\n                <div class=\"services-details-image wow fadeInUp\">\r\n                    <img decoding=\"async\" class=\"\" src=\"https:\/\/air.triuvo.ai\/wp-content\/uploads\/2025\/12\/Diseno-sin-titulo-3.jpg\" alt=\"imagem\">\r\n                <\/div>\r\n            <\/div>\r\n\r\n            <div class=\"services-details-overview\">\r\n                <div class=\"services-details-image wow fadeInUp\">\r\n                    <img decoding=\"async\" class=\"\" src=\"https:\/\/air.triuvo.ai\/wp-content\/uploads\/2025\/12\/Diseno-sin-titulo-2.jpg\" alt=\"imagem\">\r\n                <\/div>\r\n\r\n                <div class=\"services-details-desc text-center\">\r\n                    <h3><\/h3>\r\n\r\n                    <ul>\n<li style=\"text-align: left\">Epistemologia: Nihil est in intellectu quod non prius fuerit in sensu (Nada existe no intelecto que n\u00e3o tenha existido primeiro nos sentidos). A mente extrai universais da experi\u00eancia sensorial; ela n\u00e3o \"cria\" a realidade.<\/li>\n<li style=\"text-align: left\">\u00c9tica e Lei Natural: O bem humano est\u00e1 fundamentado na natureza humana. A raz\u00e3o reconhece as inclina\u00e7\u00f5es naturais (para a vida, a verdade, a sociedade) e formula os preceitos da Lei Natural. A prud\u00eancia (recta ratio agibilium) rege os meios para alcan\u00e7ar esses fins.<\/li>\n<\/ul>\n<p style=\"text-align: left\">\u00a0<\/p>\n<p style=\"text-align: left\"><span style=\"color: #ff00ff\">3. A pot\u00eancia do tomismo Seu poder duradouro reside em seu alcance abrangente:<\/span><\/p>\n<ul style=\"text-align: left\">\n<li>Unidade especulativa: integra metaf\u00edsica, antropologia e teologia sem contradi\u00e7\u00f5es internas. Refuta erros perenes, como reduzir o bem \u00e0 mera utilidade, a liberdade \u00e0 licen\u00e7a ou a verdade ao consenso.<\/li>\n<li>Sabedoria pr\u00e1tica: fornece crit\u00e9rios est\u00e1veis para a tomada de decis\u00f5es: fins adequados, meios proporcionais, hierarquia de bens e um realismo s\u00f3brio em rela\u00e7\u00e3o \u00e0s limita\u00e7\u00f5es humanas e ao bem comum.<\/li>\n<\/ul>\n<p style=\"text-align: left\">\u00a0<\/p>\n<p style=\"text-align: left\"><span style=\"color: #ff00ff\">4. A pedra angular doutrin\u00e1ria: f\u00e9 e raz\u00e3o O princ\u00edpio orientador \u00e9:<\/span> <em>\"A gra\u00e7a n\u00e3o destr\u00f3i a natureza, mas a pressup\u00f5e e a aperfei\u00e7oa.\"<\/em><\/p>\n<ul>\n<li style=\"text-align: left\">A unidade da verdade: uma vez que Deus \u00e9 o autor tanto da natureza criada (raz\u00e3o) quanto da verdade revelada (f\u00e9), n\u00e3o pode haver contradi\u00e7\u00e3o genu\u00edna entre elas. A verdade \u00e9 uma s\u00f3.<\/li>\n<li style=\"text-align: left\">A Norma Suprema: Embora a raz\u00e3o seja um instrumento necess\u00e1rio, a Revela\u00e7\u00e3o Divina \u2014 salvaguardada pelo Magist\u00e9rio \u2014 \u00e9 a regra suprema, pois a Primeira Verdade n\u00e3o pode enganar nem ser enganada.<\/li>\n<li style=\"text-align: left\">Corre\u00e7\u00e3o do erro: se uma conclus\u00e3o filos\u00f3fica contradiz a Revela\u00e7\u00e3o, isso \u00e9 sinal de que a raz\u00e3o errou em seu processo, n\u00e3o de que a f\u00e9 \u00e9 irracional.<\/li>\n<\/ul>\r\n                    <div class=\"services-details-accordion\">\r\n                        <ul class=\"accordion\">\r\n                            \r\n                        <\/ul>\r\n                    <\/div>\r\n                <\/div>\r\n            <\/div>\r\n        <!-- End Services Details Area -->\r\n        \t\t\t\t<\/div>\n\t\t\t\t<\/div>\n\t\t\t\t\t<\/div>\n\t\t<\/div>\n\t\t\t\t\t<\/div>\n\t\t<\/section>\n\t\t\t\t<\/div>","protected":false},"excerpt":{"rendered":"<p>THE AQUINAS SPECIFICATION The Architecture of Sanctified Capital A Doctrinal and Operational Manifesto \u00a0 \u00a0 I. The Preamble: The Unity of Vision We reject the modern dualism that severs the economic engine from the moral law. We affirm the opening truth of St. John Paul II: \u00a0 \u201cFaith and reason are like two wings on<\/p>","protected":false},"author":1,"featured_media":0,"parent":0,"menu_order":0,"comment_status":"closed","ping_status":"closed","template":"","meta":{"_acf_changed":false,"pmpro_default_level":"","_uag_custom_page_level_css":"","footnotes":""},"class_list":["post-2","page","type-page","status-publish","hentry","pmpro-has-access"],"acf":[],"uagb_featured_image_src":{"full":false,"thumbnail":false,"medium":false,"medium_large":false,"large":false,"1536x1536":false,"2048x2048":false,"trp-custom-language-flag":false,"plaby_card_thumb":false,"plaby_single_thumb":false,"woocommerce_thumbnail":false,"woocommerce_single":false,"woocommerce_gallery_thumbnail":false},"uagb_author_info":{"display_name":"LuarV-Admin","author_link":"https:\/\/air.triuvo.ai\/pt\/author\/luarv-admin\/"},"uagb_comment_info":0,"uagb_excerpt":"THE AQUINAS SPECIFICATION The Architecture of Sanctified Capital A Doctrinal and Operational Manifesto \u00a0 \u00a0 I. The Preamble: The Unity of Vision We reject the modern dualism that severs the economic engine from the moral law. We affirm the opening truth of St. John Paul II: \u00a0 \u201cFaith and reason are like two wings on","_links":{"self":[{"href":"https:\/\/air.triuvo.ai\/pt\/wp-json\/wp\/v2\/pages\/2","targetHints":{"allow":["GET"]}}],"collection":[{"href":"https:\/\/air.triuvo.ai\/pt\/wp-json\/wp\/v2\/pages"}],"about":[{"href":"https:\/\/air.triuvo.ai\/pt\/wp-json\/wp\/v2\/types\/page"}],"author":[{"embeddable":true,"href":"https:\/\/air.triuvo.ai\/pt\/wp-json\/wp\/v2\/users\/1"}],"replies":[{"embeddable":true,"href":"https:\/\/air.triuvo.ai\/pt\/wp-json\/wp\/v2\/comments?post=2"}],"version-history":[{"count":14,"href":"https:\/\/air.triuvo.ai\/pt\/wp-json\/wp\/v2\/pages\/2\/revisions"}],"predecessor-version":[{"id":2305,"href":"https:\/\/air.triuvo.ai\/pt\/wp-json\/wp\/v2\/pages\/2\/revisions\/2305"}],"wp:attachment":[{"href":"https:\/\/air.triuvo.ai\/pt\/wp-json\/wp\/v2\/media?parent=2"}],"curies":[{"name":"wp","href":"https:\/\/api.w.org\/{rel}","templated":true}]}}