{"id":716,"date":"2022-09-27T08:22:34","date_gmt":"2022-09-27T08:22:34","guid":{"rendered":"http:\/\/136.116.241.105\/?page_id=716"},"modified":"2025-12-27T11:15:16","modified_gmt":"2025-12-27T10:15:16","slug":"metoda-2","status":"publish","type":"page","link":"https:\/\/air.triuvo.ai\/pl\/metoda-2\/","title":{"rendered":"Metoda"},"content":{"rendered":"<div data-elementor-type=\"wp-page\" data-elementor-id=\"716\" class=\"elementor elementor-716\">\n\t\t\t\t\t\t<section class=\"elementor-section elementor-top-section elementor-element elementor-element-4eb5ed8 elementor-section-full_width elementor-section-height-default elementor-section-height-default\" data-id=\"4eb5ed8\" data-element_type=\"section\" data-e-type=\"section\">\n\t\t\t\t\t\t<div class=\"elementor-container elementor-column-gap-no\">\n\t\t\t\t\t<div class=\"elementor-column elementor-col-100 elementor-top-column elementor-element elementor-element-a5c0441\" data-id=\"a5c0441\" data-element_type=\"column\" data-e-type=\"column\">\n\t\t\t<div class=\"elementor-widget-wrap elementor-element-populated\">\n\t\t\t\t\t\t<div class=\"elementor-element elementor-element-8c7b509 elementor-widget elementor-widget-BannerSlider\" data-id=\"8c7b509\" data-element_type=\"widget\" data-e-type=\"widget\" data-widget_type=\"BannerSlider.default\">\n\t\t\t\t<div class=\"elementor-widget-container\">\n\t\t\t\t\t                    <div class=\"it-solutions-slides owl-carousel owl-theme\">\r\n                                <div class=\"it-solutions-item\" style=\"background-image:url(https:\/\/air.triuvo.ai\/wp-content\/uploads\/2022\/09\/banner-bg.jpg);\">\r\n                    <div class=\"container-fluid\">\r\n                        <div class=\"it-solutions-banner-content\">\r\n                            <h1>\r\n                                Badania, sygna\u0142y i portfele modelowe                            <\/h1>\r\n\r\n                                                            <p>Aquinas Intelligence Report (AIR) to kompletny system bada\u0144 rynkowych, sygna\u0142\u00f3w i portfeli modelowych oparty na filozofii tomistycznej, katolickiej doktrynie spo\u0142ecznej i nowoczesnym zarz\u0105dzaniu ryzykiem. Jest przeznaczony dla inwestor\u00f3w, doradc\u00f3w, przedsi\u0119biorc\u00f3w i biur rodzinnych poszukuj\u0105cych wydajno\u015bci, sp\u00f3jno\u015bci moralnej i strategicznej ostro\u017cno\u015bci w jednym ujednoliconym systemie. Nie sprzedajemy \u201cnast\u0119pnej rakiety\u201d. Zapewniamy zdyscyplinowan\u0105 struktur\u0119 do podejmowania powa\u017cnych decyzji dotycz\u0105cych akcji, kontrakt\u00f3w terminowych, instrument\u00f3w o sta\u0142ym dochodzie i aktyw\u00f3w rzeczywistych - bez zdradzania sumienia lub nara\u017cania powierzonego kapita\u0142u.<\/p>\r\n                                                                                        <div class=\"btn-box\">\r\n                                                                            <a href=\"https:\/\/air.triuvo.ai\/pl\/?page_id=345\" class=\"btn btn-primary\"> Czytaj wi\u0119cej<\/a>\r\n                                    \r\n                                                                            <a href=\"https:\/\/air.triuvo.ai\/pl\/kontakt\/\" class=\"btn btn-light\"> Rozpocznij<\/a>\r\n                                                                    <\/div>\r\n                                                    <\/div>\r\n                    <\/div>\r\n                <\/div>\r\n                            <\/div>\r\n                \t\t\t\t<\/div>\n\t\t\t\t<\/div>\n\t\t\t\t\t<\/div>\n\t\t<\/div>\n\t\t\t\t\t<\/div>\n\t\t<\/section>\n\t\t\t\t<section class=\"elementor-section elementor-top-section elementor-element elementor-element-134b387 elementor-section-full_width elementor-section-height-default elementor-section-height-default\" data-id=\"134b387\" data-element_type=\"section\" data-e-type=\"section\">\n\t\t\t\t\t\t<div class=\"elementor-container elementor-column-gap-no\">\n\t\t\t\t\t<div class=\"elementor-column elementor-col-100 elementor-top-column elementor-element elementor-element-137bb69\" data-id=\"137bb69\" data-element_type=\"column\" data-e-type=\"column\">\n\t\t\t<div class=\"elementor-widget-wrap elementor-element-populated\">\n\t\t\t\t\t\t<div class=\"elementor-element elementor-element-26a226b elementor-widget elementor-widget-Featured\" data-id=\"26a226b\" data-element_type=\"widget\" data-e-type=\"widget\" data-widget_type=\"Featured.default\">\n\t\t\t\t<div class=\"elementor-widget-container\">\n\t\t\t\t\t                    <div class=\"boxes-area\">\r\n                <div class=\"container\">\r\n                    <div class=\"row justify-content-center\">\r\n                                                                    <\/div>\r\n                <\/div>\r\n            <\/div>\r\n                    \t\t\t\t<\/div>\n\t\t\t\t<\/div>\n\t\t\t\t\t<\/div>\n\t\t<\/div>\n\t\t\t\t\t<\/div>\n\t\t<\/section>\n\t\t\t\t<section class=\"elementor-section elementor-top-section elementor-element elementor-element-4ba43d5 elementor-section-full_width elementor-section-height-default elementor-section-height-default\" data-id=\"4ba43d5\" data-element_type=\"section\" data-e-type=\"section\">\n\t\t\t\t\t\t<div class=\"elementor-container elementor-column-gap-no\">\n\t\t\t\t\t<div class=\"elementor-column elementor-col-100 elementor-top-column elementor-element elementor-element-1f02432\" data-id=\"1f02432\" data-element_type=\"column\" data-e-type=\"column\">\n\t\t\t<div class=\"elementor-widget-wrap elementor-element-populated\">\n\t\t\t\t\t\t<div class=\"elementor-element elementor-element-9ef7e62 elementor-widget elementor-widget-spacer\" data-id=\"9ef7e62\" data-element_type=\"widget\" data-e-type=\"widget\" data-widget_type=\"spacer.default\">\n\t\t\t\t<div class=\"elementor-widget-container\">\n\t\t\t\t\t\t\t<div class=\"elementor-spacer\">\n\t\t\t<div class=\"elementor-spacer-inner\"><\/div>\n\t\t<\/div>\n\t\t\t\t\t\t<\/div>\n\t\t\t\t<\/div>\n\t\t\t\t<div class=\"elementor-element elementor-element-d078c9c elementor-widget elementor-widget-about-us-widget\" data-id=\"d078c9c\" data-element_type=\"widget\" data-e-type=\"widget\" data-widget_type=\"about-us-widget.default\">\n\t\t\t\t<div class=\"elementor-widget-container\">\n\t\t\t\t\t\r\n        <!-- Start About Area -->\r\n                        <section class=\"about-area pb-100\">\r\n                    <div class=\"container-fluid\">\r\n                        <div class=\"row align-items-center\">\r\n                            <div class=\"col-lg-6 col-md-12\">\r\n                                <div class=\"about-image-wp\">\r\n                                    <img decoding=\"async\" src=\"https:\/\/air.triuvo.ai\/wp-content\/uploads\/2025\/12\/HOME1.jpg\" alt=\"obraz\">\r\n                                <\/div>\r\n                            <\/div>\r\n\r\n                            <div class=\"col-lg-6 col-md-12\">\r\n                                <div class=\"about-content\">\r\n                                    <div class=\"content\">\r\n                                        <span><\/span>\r\n                                        <h2>Co by by\u0142o, gdyby\u015b mia\u0142 Aquinas w zesz\u0142ym roku?<\/h2>\r\n                                        <p class=\"p1\">Wyobra\u017a sobie miniony rok na rynkach - gwa\u0142towne wzrosty, nag\u0142e spadki, nag\u0142\u00f3wki wojenne, inflacja, banki centralne i nieko\u0144cz\u0105cy si\u0119 szum.<\/p><p class=\"p1\"><i><b>Teraz zadaj sobie szczere pytanie:<\/b><\/i><\/p><p class=\"p1\">Czy naprawd\u0119 wiesz, kiedy nadszed\u0142 czas na obni\u017cenie ryzyka, a kiedy mo\u017cesz je bezpiecznie zwi\u0119kszy\u0107?<\/p><p class=\"p1\">Czy potrafisz odr\u00f3\u017cni\u0107 szum medialny od prawdziwych zmian re\u017cimu?<\/p><p class=\"p1\">Czy wiedzia\u0142e\u015b, kt\u00f3re firmy lub sektory by\u0142y niezgodne z twoj\u0105 wiar\u0105, nawet je\u015bli wygl\u0105da\u0142y na \u201cdochodowe\u201d?<\/p><p class=\"p1\">Czy mia\u0142e\u015b ramy do decydowania o tym, ile p\u0142ynno\u015bci utrzyma\u0107 i kiedy przesta\u0107 handlowa\u0107 ze zwyk\u0142ej ostro\u017cno\u015bci?<\/p>                                                                            <\/div>\r\n                                <\/div>\r\n                            <\/div>\r\n                        <\/div>\r\n                    <\/div>\r\n                <\/section>\r\n                <!-- End About Area -->\r\n        \t\t\t\t<\/div>\n\t\t\t\t<\/div>\n\t\t\t\t<div class=\"elementor-element elementor-element-fe85f16 elementor-widget elementor-widget-about-us-widget\" data-id=\"fe85f16\" data-element_type=\"widget\" data-e-type=\"widget\" data-widget_type=\"about-us-widget.default\">\n\t\t\t\t<div class=\"elementor-widget-container\">\n\t\t\t\t\t\r\n        <!-- Start About Area -->\r\n         \r\n                <div class=\"about-area ptb-90\">\r\n                    <div class=\"container\">\r\n                        <div class=\"row align-items-center\">\r\n                            <div class=\"col-lg-6 col-md-12\">\r\n                                <div class=\"about-image\">\r\n                                    <img decoding=\"async\" class=\"\" src=\"https:\/\/air.triuvo.ai\/wp-content\/uploads\/2022\/09\/about-img2.jpg\" alt=\"obraz\">\r\n                                    <img decoding=\"async\" class=\"\" src=\"https:\/\/air.triuvo.ai\/wp-content\/uploads\/2025\/12\/HOME2.jpg\" alt=\"obraz\">\r\n                                <\/div>\r\n                            <\/div>\r\n                            <div class=\"col-lg-6 col-md-12\">\r\n                                <div class=\"about-content text-right\">\r\n                                    <span><\/span>\r\n                                    <h2>Z Aquinas Intelligence Report (AIR), b\u0119dziesz mia\u0142:<\/h2>\r\n                                    <ul><li class=\"p1\">Codzienna kapsu\u0142ka kontekstu, aby rozpocz\u0105\u0107 dzie\u0144 z jasno\u015bci\u0105 - a nie niepokojem.<\/li><li class=\"p1\">Rozwa\u017cne portfele modelowe z rozs\u0105dnymi zakresami ekspozycji.<\/li><li class=\"p1\">Konkretne sygna\u0142y tylko wtedy, gdy rynek oferowa\u0142 prawdziwe mo\u017cliwo\u015bci, a nie ka\u017cde odbicie.<\/li><li class=\"p1\">Prywatne artyku\u0142y i sesje pyta\u0144 i odpowiedzi wyja\u015bniaj\u0105ce logik\u0119 stoj\u0105c\u0105 za ka\u017cd\u0105 decyzj\u0105, aby\u015b m\u00f3g\u0142 uczy\u0107 si\u0119 z ka\u017cdego ruchu.<\/li><li class=\"p1\">I towarzysz do nauki -\u00a0<i>Aquinas AI<\/i>\u00a0- pyta\u0107, gdy co\u015b si\u0119 nie zgadza\u0142o.<\/li><li class=\"p1\">Celem nie jest \u201czrobienie wszystkiego dobrze\u201d.\u201d<\/li><li class=\"p1\">Chodzi o to, \u017ce nie podj\u0105\u0142by\u015b powa\u017cnych nierozwa\u017cnych decyzji - a ka\u017cdy krok by\u0142by zgodny zar\u00f3wno z twoim sumieniem, jak i rzeczywisto\u015bci\u0105 ekonomiczn\u0105.<\/li><\/ul>                                                                    <\/div>\r\n                            <\/div>\r\n                        <\/div>\r\n\r\n                        <div class=\"about-inner-area\">\r\n                            <div class=\"row\">                             <\/div>\r\n                        <\/div>\r\n                    <\/div>\r\n                \r\n                                    <div class=\"shape14\">\r\n                        <img decoding=\"async\" class=\"\" src=\"https:\/\/air.triuvo.ai\/wp-content\/themes\/plaby\/assets\/img\/shape\/13.svg\" alt=\"Shape\">\r\n                    <\/div>\r\n                    <div class=\"shape2\">\r\n                        <img decoding=\"async\" class=\"\" src=\"https:\/\/air.triuvo.ai\/wp-content\/themes\/plaby\/assets\/img\/shape\/18.png\" alt=\"Shape\">\r\n                    <\/div>\r\n                            <\/div>\r\n                    <!-- End About Area -->\r\n        \t\t\t\t<\/div>\n\t\t\t\t<\/div>\n\t\t\t\t\t<\/div>\n\t\t<\/div>\n\t\t\t\t\t<\/div>\n\t\t<\/section>\n\t\t\t\t<section class=\"elementor-section elementor-top-section elementor-element elementor-element-e89444c elementor-section-full_width elementor-section-height-default elementor-section-height-default\" data-id=\"e89444c\" data-element_type=\"section\" data-e-type=\"section\">\n\t\t\t\t\t\t<div class=\"elementor-container elementor-column-gap-no\">\n\t\t\t\t\t<div class=\"elementor-column elementor-col-100 elementor-top-column elementor-element elementor-element-2a8a293\" data-id=\"2a8a293\" data-element_type=\"column\" data-e-type=\"column\">\n\t\t\t<div class=\"elementor-widget-wrap\">\n\t\t\t\t\t\t\t<\/div>\n\t\t<\/div>\n\t\t\t\t\t<\/div>\n\t\t<\/section>\n\t\t\t\t<div class=\"elementor-section elementor-top-section elementor-element elementor-element-66da5cc elementor-section-full_width bg-f7f9fb elementor-section-height-default elementor-section-height-default\" data-id=\"66da5cc\" data-element_type=\"section\" data-e-type=\"section\">\n\t\t\t\t\t\t<div class=\"elementor-container elementor-column-gap-no\">\n\t\t\t\t\t<div class=\"elementor-column elementor-col-100 elementor-top-column elementor-element elementor-element-4e37b79\" data-id=\"4e37b79\" data-element_type=\"column\" data-e-type=\"column\">\n\t\t\t<div class=\"elementor-widget-wrap elementor-element-populated\">\n\t\t\t\t\t\t<div class=\"elementor-element elementor-element-15bb73b elementor-widget elementor-widget-spacer\" data-id=\"15bb73b\" data-element_type=\"widget\" data-e-type=\"widget\" data-widget_type=\"spacer.default\">\n\t\t\t\t<div class=\"elementor-widget-container\">\n\t\t\t\t\t\t\t<div class=\"elementor-spacer\">\n\t\t\t<div class=\"elementor-spacer-inner\"><\/div>\n\t\t<\/div>\n\t\t\t\t\t\t<\/div>\n\t\t\t\t<\/div>\n\t\t\t\t\t<\/div>\n\t\t<\/div>\n\t\t\t\t\t<\/div>\n\t\t<\/div>\n\t\t\t\t<div class=\"elementor-section elementor-top-section elementor-element elementor-element-dca90a0 elementor-section-full_width elementor-section-height-default elementor-section-height-default\" data-id=\"dca90a0\" data-element_type=\"section\" data-e-type=\"section\">\n\t\t\t\t\t\t<div class=\"elementor-container elementor-column-gap-no\">\n\t\t\t\t\t<div class=\"elementor-column elementor-col-100 elementor-top-column elementor-element elementor-element-9230a6c\" data-id=\"9230a6c\" data-element_type=\"column\" data-e-type=\"column\">\n\t\t\t<div class=\"elementor-widget-wrap elementor-element-populated\">\n\t\t\t\t\t\t<div class=\"elementor-element elementor-element-490b6cf elementor-widget elementor-widget-plaby-banner-widget\" data-id=\"490b6cf\" data-element_type=\"widget\" data-e-type=\"widget\" data-widget_type=\"plaby-banner-widget.default\">\n\t\t\t\t<div class=\"elementor-widget-container\">\n\t\t\t\t\t\r\n        <!-- Start Main Banner Area -->\r\n                   \r\n                        <div class=\"it-services-banner-area\" style=\"background-image: url(https:\/\/air.triuvo.ai\/wp-content\/uploads\/2025\/12\/Unstructured-Data-2-scaled.png )\">\r\n                                <div class=\"container-fluid\">\r\n                    <div class=\"row align-items-center\">\r\n                        <div class=\"col-lg-6 col-md-12\">\r\n                            <div class=\"it-services-banner-content\">\r\n                                <h1  ><\/h1>\r\n\r\n                                                                                            <\/div>\r\n                        <\/div>\r\n                        \r\n                        \r\n                                            <\/div>\r\n                <\/div>\r\n            <\/div>\r\n                <!-- End Main Banner Area -->\r\n        \t\t\t\t<\/div>\n\t\t\t\t<\/div>\n\t\t\t\t<div class=\"elementor-element elementor-element-b4f48b8 elementor-widget elementor-widget-spacer\" data-id=\"b4f48b8\" data-element_type=\"widget\" data-e-type=\"widget\" data-widget_type=\"spacer.default\">\n\t\t\t\t<div class=\"elementor-widget-container\">\n\t\t\t\t\t\t\t<div class=\"elementor-spacer\">\n\t\t\t<div class=\"elementor-spacer-inner\"><\/div>\n\t\t<\/div>\n\t\t\t\t\t\t<\/div>\n\t\t\t\t<\/div>\n\t\t\t\t\t<\/div>\n\t\t<\/div>\n\t\t\t\t\t<\/div>\n\t\t<\/div>\n\t\t\t\t<section class=\"elementor-section elementor-top-section elementor-element elementor-element-b3dcf00 elementor-section-full_width elementor-section-height-default elementor-section-height-default\" data-id=\"b3dcf00\" data-element_type=\"section\" data-e-type=\"section\">\n\t\t\t\t\t\t<div class=\"elementor-container elementor-column-gap-no\">\n\t\t\t\t\t<div class=\"elementor-column elementor-col-100 elementor-top-column elementor-element elementor-element-a2a435f\" data-id=\"a2a435f\" data-element_type=\"column\" data-e-type=\"column\">\n\t\t\t<div class=\"elementor-widget-wrap elementor-element-populated\">\n\t\t\t\t\t\t<div class=\"elementor-element elementor-element-c10dc31 elementor-widget elementor-widget-cta-widget\" data-id=\"c10dc31\" data-element_type=\"widget\" data-e-type=\"widget\" data-widget_type=\"cta-widget.default\">\n\t\t\t\t<div class=\"elementor-widget-container\">\n\t\t\t\t\t\r\n        <!-- Start CTA Area -->\r\n                    <div class=\"cta-area jarallax\" data-jarallax='{\"speed\": 0.3}' style=\"background-image: url(https:\/\/air.triuvo.ai\/wp-content\/uploads\/2022\/09\/build-bg.jpg )\">\r\n                <div class=\"container\">\r\n                    <div class=\"cta-content text-left\">\r\n                        <span>Gotowy, by my\u015ble\u0107 - nie spekulowa\u0107?<\/span>\r\n                        <h2>Rozwa\u017cnie podejmuj ka\u017cd\u0105 decyzj\u0119<\/h2>\r\n                                                                                    <a target=\"_blank\" href=\"https:\/\/air.triuvo.ai\/pl\/bezposredni-kontakt\/\" class=\"btn btn-primary\">Kontakt<\/a>                                            <\/div>\r\n                <\/div>\r\n            <\/div>\r\n                    <!-- End CTA Area -->\r\n    \t\t\t\t<\/div>\n\t\t\t\t<\/div>\n\t\t\t\t\t<\/div>\n\t\t<\/div>\n\t\t\t\t\t<\/div>\n\t\t<\/section>\n\t\t\t\t<\/div>","protected":false},"excerpt":{"rendered":"<p>Research, Signals, and Model Portfolios Aquinas Intelligence Report (AIR) is a complete system of market research, signals, and model portfolios built on Thomistic philosophy, Catholic social doctrine, and modern risk management. It is designed for investors, advisors, entrepreneurs, and family offices seeking performance, moral coherence, and strategic prudence in one unified framework. We don\u2019t sell<\/p>","protected":false},"author":1,"featured_media":0,"parent":0,"menu_order":0,"comment_status":"closed","ping_status":"closed","template":"elementor_header_footer","meta":{"_acf_changed":false,"pmpro_default_level":"","_uag_custom_page_level_css":"","footnotes":""},"class_list":["post-716","page","type-page","status-publish","hentry","pmpro-has-access"],"acf":[],"uagb_featured_image_src":{"full":false,"thumbnail":false,"medium":false,"medium_large":false,"large":false,"1536x1536":false,"2048x2048":false,"trp-custom-language-flag":false,"plaby_card_thumb":false,"plaby_single_thumb":false,"woocommerce_thumbnail":false,"woocommerce_single":false,"woocommerce_gallery_thumbnail":false},"uagb_author_info":{"display_name":"LuarV-Admin","author_link":"https:\/\/air.triuvo.ai\/pl\/author\/luarv-admin\/"},"uagb_comment_info":0,"uagb_excerpt":"Research, Signals, and Model Portfolios Aquinas Intelligence Report (AIR) is a complete system of market research, signals, and model portfolios built on Thomistic philosophy, Catholic social doctrine, and modern risk management. It is designed for investors, advisors, entrepreneurs, and family offices seeking performance, moral coherence, and strategic prudence in one unified framework. We don\u2019t sell","_links":{"self":[{"href":"https:\/\/air.triuvo.ai\/pl\/wp-json\/wp\/v2\/pages\/716","targetHints":{"allow":["GET"]}}],"collection":[{"href":"https:\/\/air.triuvo.ai\/pl\/wp-json\/wp\/v2\/pages"}],"about":[{"href":"https:\/\/air.triuvo.ai\/pl\/wp-json\/wp\/v2\/types\/page"}],"author":[{"embeddable":true,"href":"https:\/\/air.triuvo.ai\/pl\/wp-json\/wp\/v2\/users\/1"}],"replies":[{"embeddable":true,"href":"https:\/\/air.triuvo.ai\/pl\/wp-json\/wp\/v2\/comments?post=716"}],"version-history":[{"count":161,"href":"https:\/\/air.triuvo.ai\/pl\/wp-json\/wp\/v2\/pages\/716\/revisions"}],"predecessor-version":[{"id":2215,"href":"https:\/\/air.triuvo.ai\/pl\/wp-json\/wp\/v2\/pages\/716\/revisions\/2215"}],"wp:attachment":[{"href":"https:\/\/air.triuvo.ai\/pl\/wp-json\/wp\/v2\/media?parent=716"}],"curies":[{"name":"wp","href":"https:\/\/api.w.org\/{rel}","templated":true}]}}