{"id":21,"date":"2019-10-21T04:49:28","date_gmt":"2019-10-21T04:49:28","guid":{"rendered":"http:\/\/136.116.241.105\/?page_id=21"},"modified":"2025-12-30T01:10:57","modified_gmt":"2025-12-30T00:10:57","slug":"kontakt","status":"publish","type":"page","link":"https:\/\/air.triuvo.ai\/pl\/kontakt\/","title":{"rendered":"Kontakt"},"content":{"rendered":"<div data-elementor-type=\"wp-page\" data-elementor-id=\"21\" class=\"elementor elementor-21\">\n\t\t\t\t\t\t<section class=\"elementor-section elementor-top-section elementor-element elementor-element-da76fc5 elementor-section-full_width elementor-section-height-default elementor-section-height-default\" data-id=\"da76fc5\" data-element_type=\"section\" data-e-type=\"section\">\n\t\t\t\t\t\t<div class=\"elementor-container elementor-column-gap-no\">\n\t\t\t\t\t<div class=\"elementor-column elementor-col-100 elementor-top-column elementor-element elementor-element-e158471\" data-id=\"e158471\" data-element_type=\"column\" data-e-type=\"column\">\n\t\t\t<div class=\"elementor-widget-wrap elementor-element-populated\">\n\t\t\t\t\t\t<div class=\"elementor-element elementor-element-cbdb95e elementor-widget elementor-widget-contact-widget\" data-id=\"cbdb95e\" data-element_type=\"widget\" data-e-type=\"widget\" data-widget_type=\"contact-widget.default\">\n\t\t\t\t<div class=\"elementor-widget-container\">\n\t\t\t\t\t        <div class=\"contact-area ptb-90\">\r\n            <div class=\"container\">\r\n                <div class=\"section-title text-left\">\r\n                    <span>WY\u015aLIJ WIADOMO\u015a\u0106<\/span>\r\n                    <h2>Prze\u015blij nam wiadomo\u015b\u0107 w razie jakichkolwiek pyta\u0144<\/h2>\r\n                    <p class=\"p\">Je\u015bli masz pomys\u0142, ch\u0119tnie o nim us\u0142yszymy.<\/p>                <\/div>\r\n\r\n\r\n                <div class=\"contact-info text-center\">\r\n                    <ul>\r\n                                                    <li>\r\n                                <div class=\"div\">\r\n                                    <div class=\"icon\">\r\n                                        <i class=\"fas fa-map-marker-alt\"><\/i>\r\n                                    <\/div>\r\n                                    <span>Adres<\/span>\r\n                                    <p><p>CA 560 Bush St &amp; 20th Ave, Apt 5 San Francisco, 230909, Kanada<\/p> <\/p>\r\n                                <\/div>\r\n                            <\/li>                             <li>\r\n                                <div class=\"div\">\r\n                                    <div class=\"icon\">\r\n                                        <i class=\"fas fa-envelope\"><\/i>\r\n                                    <\/div>\r\n                                    <span>E-mail<\/span>\r\n                                                                                <p><a href=\"mailto:http:\/\/plaby@email.com\">plaby@email.com<\/a><\/p>\r\n                                                                                    <p><a href=\"mailto:http:\/\/plabyfax@email.com\">plabyfax@email.com<\/a><\/p>\r\n                                                                        <\/div>\r\n                            <\/li>                            <li>\r\n                                <div class=\"div\">\r\n                                    <div class=\"icon\">\r\n                                        <i class=\"fas fa-phone-volume\"><\/i>\r\n                                    <\/div>\r\n                                    <span>Telefon<\/span>\r\n\r\n                                                                                <p><a href=\"tel:+447123123456\">+44 7123 123456<\/a><\/p>\r\n                                                                                    <p><a href=\"tel:+446123223458\">+44 6123 223458<\/a><\/p>\r\n                                                                        <\/div>\r\n                            <\/li>                     <\/ul>\r\n                <\/div>\r\n\r\n                <div class=\"row align-items-center\">\r\n                    <div class=\"col-lg-5 col-md-12\">\r\n                        <div class=\"contact-image\">\r\n                            <img decoding=\"async\" class=\"\" src=\"https:\/\/air.triuvo.ai\/wp-content\/uploads\/2025\/12\/contact.jpg\" alt=\"obraz\">\r\n                        <\/div>\r\n                    <\/div>\r\n\r\n                    <div class=\"col-lg-7 col-md-12\">\r\n                        <div class=\"contact-form\">\r\n                            \n<div class=\"wpcf7 no-js\" id=\"wpcf7-f183-o1\" lang=\"en-US\" dir=\"ltr\" data-wpcf7-id=\"183\">\n<div class=\"screen-reader-response\"><p role=\"status\" aria-live=\"polite\" aria-atomic=\"true\"><\/p> <ul><\/ul><\/div>\n<form action=\"\/pl\/wp-json\/wp\/v2\/pages\/21#wpcf7-f183-o1\" method=\"post\" class=\"wpcf7-form init\" aria-label=\"Contact form\" novalidate=\"novalidate\" data-status=\"init\" data-trp-original-action=\"\/pl\/wp-json\/wp\/v2\/pages\/21#wpcf7-f183-o1\">\n<fieldset class=\"hidden-fields-container\"><input type=\"hidden\" name=\"_wpcf7\" value=\"183\" \/><input type=\"hidden\" name=\"_wpcf7_version\" value=\"6.1.5\" \/><input type=\"hidden\" name=\"_wpcf7_locale\" value=\"en_US\" \/><input type=\"hidden\" name=\"_wpcf7_unit_tag\" value=\"wpcf7-f183-o1\" \/><input type=\"hidden\" name=\"_wpcf7_container_post\" value=\"0\" \/><input type=\"hidden\" name=\"_wpcf7_posted_data_hash\" value=\"\" \/>\n<\/fieldset>\n<div class=\"row\">\n\t<div class=\"col-lg-6 col-md-6\">\n\t\t<div class=\"form-group\">\n\t\t\t<p><span class=\"wpcf7-form-control-wrap\" data-name=\"uname\"><input size=\"40\" maxlength=\"400\" class=\"wpcf7-form-control wpcf7-text wpcf7-validates-as-required form-control\" aria-required=\"true\" aria-invalid=\"false\" placeholder=\"Nazwa\" value=\"\" type=\"text\" name=\"uname\" \/><\/span>\n\t\t\t<\/p>\n\t\t<\/div>\n\t<\/div>\n\t<div class=\"col-lg-6 col-md-6\">\n\t\t<div class=\"form-group\">\n\t\t\t<p><span class=\"wpcf7-form-control-wrap\" data-name=\"uemail\"><input size=\"40\" maxlength=\"400\" class=\"wpcf7-form-control wpcf7-email wpcf7-validates-as-required wpcf7-text wpcf7-validates-as-email form-control\" aria-required=\"true\" aria-invalid=\"false\" placeholder=\"E-mail\" value=\"\" type=\"email\" name=\"uemail\" \/><\/span>\n\t\t\t<\/p>\n\t\t<\/div>\n\t<\/div>\n\t<div class=\"col-lg-6 col-md-6\">\n\t\t<div class=\"form-group\">\n\t\t\t<p><span class=\"wpcf7-form-control-wrap\" data-name=\"phone\"><input size=\"40\" maxlength=\"400\" class=\"wpcf7-form-control wpcf7-text wpcf7-validates-as-required form-control\" aria-required=\"true\" aria-invalid=\"false\" placeholder=\"Telefon\" value=\"\" type=\"text\" name=\"phone\" \/><\/span>\n\t\t\t<\/p>\n\t\t<\/div>\n\t<\/div>\n\t<div class=\"col-lg-6 col-md-6\">\n\t\t<div class=\"form-group\">\n\t\t\t<p><span class=\"wpcf7-form-control-wrap\" data-name=\"subject\"><input size=\"40\" maxlength=\"400\" class=\"wpcf7-form-control wpcf7-text wpcf7-validates-as-required form-control\" aria-required=\"true\" aria-invalid=\"false\" placeholder=\"Przedmiot\" value=\"\" type=\"text\" name=\"subject\" \/><\/span>\n\t\t\t<\/p>\n\t\t<\/div>\n\t<\/div>\n\t<div class=\"col-lg-12 col-md-12\">\n\t\t<div class=\"form-group\">\n\t\t\t<p><span class=\"wpcf7-form-control-wrap\" data-name=\"message\"><textarea cols=\"40\" rows=\"10\" maxlength=\"2000\" class=\"wpcf7-form-control wpcf7-textarea wpcf7-validates-as-required form-control\" aria-required=\"true\" aria-invalid=\"false\" placeholder=\"Twoja wiadomo\u015b\u0107\" name=\"message\"><\/textarea><\/span>\n\t\t\t<\/p>\n\t\t<\/div>\n\t<\/div>\n\t<p><span class=\"wpcf7-form-control-wrap\" data-name=\"acceptance-737\"><span class=\"wpcf7-form-control wpcf7-acceptance\"><span class=\"wpcf7-list-item\"><label><input type=\"checkbox\" name=\"acceptance-737\" value=\"1\" aria-invalid=\"false\" \/><span class=\"wpcf7-list-item-label\">Zaznaczenie tego pola oznacza wyra\u017cenie zgody na <a href=\"http:\/\/136.116.241.105\/terms-conditions\/\">Warunki <\/a> oraz <a href=\"http:\/\/136.116.241.105\/privacy-policy\/\">Polityka prywatno\u015bci<\/a><\/span><\/label><\/span><\/span><\/span>\n\t<\/p>\n\t<div class=\"col-lg-12 col-md-12\">\n\t\t<p><button type=\"submit\" class=\"btn btn-primary\">Wy\u015blij wiadomo\u015b\u0107<\/button>\n\t\t<\/p>\n\t<\/div>\n<\/div><div class=\"wpcf7-response-output\" aria-hidden=\"true\"><\/div>\n<input type=\"hidden\" name=\"trp-form-language\" value=\"pl\"\/><\/form>\n<\/div>\n                        <\/div>\r\n                    <\/div>\r\n\r\n                <\/div>\r\n            <\/div>\r\n            <div class=\"bg-map\">\r\n                <img decoding=\"async\" class=\"\" src=\"\" alt=\"obraz\">\r\n            <\/div>\r\n        <\/div>\r\n    \t\t\t\t<\/div>\n\t\t\t\t<\/div>\n\t\t\t\t<div class=\"elementor-element elementor-element-6c7421f elementor-widget elementor-widget-spacer\" data-id=\"6c7421f\" data-element_type=\"widget\" data-e-type=\"widget\" data-widget_type=\"spacer.default\">\n\t\t\t\t<div class=\"elementor-widget-container\">\n\t\t\t\t\t\t\t<div class=\"elementor-spacer\">\n\t\t\t<div class=\"elementor-spacer-inner\"><\/div>\n\t\t<\/div>\n\t\t\t\t\t\t<\/div>\n\t\t\t\t<\/div>\n\t\t\t\t\t<\/div>\n\t\t<\/div>\n\t\t\t\t\t<\/div>\n\t\t<\/section>\n\t\t\t\t<\/div>","protected":false},"excerpt":{"rendered":"<p>SEND MESSAGE Drop us message for any query If you have an idea, we would love to hear about it. AddressCA 560 Bush St &amp; 20th Ave, Apt 5 San Francisco, 230909, Canada Emailplaby@email.com plabyfax@email.com Phone+44 7123 123456 +44 6123 223458 By checking this, you agree to our Terms and Privacy policy Send Message<\/p>","protected":false},"author":1,"featured_media":408,"parent":0,"menu_order":0,"comment_status":"closed","ping_status":"closed","template":"","meta":{"_acf_changed":false,"pmpro_default_level":"","_uag_custom_page_level_css":"","footnotes":""},"class_list":["post-21","page","type-page","status-publish","has-post-thumbnail","hentry","pmpro-has-access"],"acf":[],"uagb_featured_image_src":{"full":["https:\/\/air.triuvo.ai\/wp-content\/uploads\/2019\/11\/page-title-bg2-2.jpg",1920,700,false],"thumbnail":["https:\/\/air.triuvo.ai\/wp-content\/uploads\/2019\/11\/page-title-bg2-2-150x150.jpg",150,150,true],"medium":["https:\/\/air.triuvo.ai\/wp-content\/uploads\/2019\/11\/page-title-bg2-2-300x109.jpg",300,109,true],"medium_large":["https:\/\/air.triuvo.ai\/wp-content\/uploads\/2019\/11\/page-title-bg2-2-768x280.jpg",640,233,true],"large":["https:\/\/air.triuvo.ai\/wp-content\/uploads\/2019\/11\/page-title-bg2-2-1024x373.jpg",640,233,true],"1536x1536":["https:\/\/air.triuvo.ai\/wp-content\/uploads\/2019\/11\/page-title-bg2-2-1536x560.jpg",1536,560,true],"2048x2048":["https:\/\/air.triuvo.ai\/wp-content\/uploads\/2019\/11\/page-title-bg2-2.jpg",1920,700,false],"trp-custom-language-flag":["https:\/\/air.triuvo.ai\/wp-content\/uploads\/2019\/11\/page-title-bg2-2.jpg",18,7,false],"plaby_card_thumb":["https:\/\/air.triuvo.ai\/wp-content\/uploads\/2019\/11\/page-title-bg2-2-510x400.jpg",510,400,true],"plaby_single_thumb":["https:\/\/air.triuvo.ai\/wp-content\/uploads\/2019\/11\/page-title-bg2-2-730x450.jpg",730,450,true],"woocommerce_thumbnail":["https:\/\/air.triuvo.ai\/wp-content\/uploads\/2019\/11\/page-title-bg2-2-350x350.jpg",350,350,true],"woocommerce_single":["https:\/\/air.triuvo.ai\/wp-content\/uploads\/2019\/11\/page-title-bg2-2-530x193.jpg",530,193,true],"woocommerce_gallery_thumbnail":["https:\/\/air.triuvo.ai\/wp-content\/uploads\/2019\/11\/page-title-bg2-2-100x100.jpg",100,100,true]},"uagb_author_info":{"display_name":"LuarV-Admin","author_link":"https:\/\/air.triuvo.ai\/pl\/author\/luarv-admin\/"},"uagb_comment_info":0,"uagb_excerpt":"SEND MESSAGE Drop us message for any query If you have an idea, we would love to hear about it. AddressCA 560 Bush St &amp; 20th Ave, Apt 5 San Francisco, 230909, Canada Emailplaby@email.com plabyfax@email.com Phone+44 7123 123456 +44 6123 223458 By checking this, you agree to our Terms and Privacy policy Send Message","_links":{"self":[{"href":"https:\/\/air.triuvo.ai\/pl\/wp-json\/wp\/v2\/pages\/21","targetHints":{"allow":["GET"]}}],"collection":[{"href":"https:\/\/air.triuvo.ai\/pl\/wp-json\/wp\/v2\/pages"}],"about":[{"href":"https:\/\/air.triuvo.ai\/pl\/wp-json\/wp\/v2\/types\/page"}],"author":[{"embeddable":true,"href":"https:\/\/air.triuvo.ai\/pl\/wp-json\/wp\/v2\/users\/1"}],"replies":[{"embeddable":true,"href":"https:\/\/air.triuvo.ai\/pl\/wp-json\/wp\/v2\/comments?post=21"}],"version-history":[{"count":8,"href":"https:\/\/air.triuvo.ai\/pl\/wp-json\/wp\/v2\/pages\/21\/revisions"}],"predecessor-version":[{"id":2263,"href":"https:\/\/air.triuvo.ai\/pl\/wp-json\/wp\/v2\/pages\/21\/revisions\/2263"}],"wp:featuredmedia":[{"embeddable":true,"href":"https:\/\/air.triuvo.ai\/pl\/wp-json\/wp\/v2\/media\/408"}],"wp:attachment":[{"href":"https:\/\/air.triuvo.ai\/pl\/wp-json\/wp\/v2\/media?parent=21"}],"curies":[{"name":"wp","href":"https:\/\/api.w.org\/{rel}","templated":true}]}}