{"id":2,"date":"2021-03-18T10:14:51","date_gmt":"2021-03-18T10:14:51","guid":{"rendered":"http:\/\/136.116.241.105\/?page_id=2"},"modified":"2025-12-30T01:34:48","modified_gmt":"2025-12-30T00:34:48","slug":"doktryna","status":"publish","type":"page","link":"https:\/\/air.triuvo.ai\/pl\/doktryna\/","title":{"rendered":"Doktryna"},"content":{"rendered":"<div data-elementor-type=\"wp-page\" data-elementor-id=\"2\" class=\"elementor elementor-2\">\n\t\t\t\t\t\t<section class=\"elementor-section elementor-top-section elementor-element elementor-element-169ac773 elementor-section-boxed elementor-section-height-default elementor-section-height-default\" data-id=\"169ac773\" data-element_type=\"section\" data-e-type=\"section\">\n\t\t\t\t\t\t<div class=\"elementor-container elementor-column-gap-default\">\n\t\t\t\t\t<div class=\"elementor-column elementor-col-100 elementor-top-column elementor-element elementor-element-77f85b63\" data-id=\"77f85b63\" data-element_type=\"column\" data-e-type=\"column\">\n\t\t\t<div class=\"elementor-widget-wrap elementor-element-populated\">\n\t\t\t\t\t\t<div class=\"elementor-element elementor-element-a6057e0 elementor-widget elementor-widget-spacer\" data-id=\"a6057e0\" data-element_type=\"widget\" data-e-type=\"widget\" data-widget_type=\"spacer.default\">\n\t\t\t\t<div class=\"elementor-widget-container\">\n\t\t\t\t\t\t\t<div class=\"elementor-spacer\">\n\t\t\t<div class=\"elementor-spacer-inner\"><\/div>\n\t\t<\/div>\n\t\t\t\t\t\t<\/div>\n\t\t\t\t<\/div>\n\t\t\t\t<section class=\"elementor-section elementor-inner-section elementor-element elementor-element-60263b0 elementor-section-boxed elementor-section-height-default elementor-section-height-default\" data-id=\"60263b0\" data-element_type=\"section\" data-e-type=\"section\">\n\t\t\t\t\t\t<div class=\"elementor-container elementor-column-gap-default\">\n\t\t\t\t\t<div class=\"elementor-column elementor-col-100 elementor-inner-column elementor-element elementor-element-c062a66\" data-id=\"c062a66\" data-element_type=\"column\" data-e-type=\"column\">\n\t\t\t<div class=\"elementor-widget-wrap\">\n\t\t\t\t\t\t\t<\/div>\n\t\t<\/div>\n\t\t\t\t\t<\/div>\n\t\t<\/section>\n\t\t\t\t<div class=\"elementor-element elementor-element-36a05da elementor-widget elementor-widget-PlabySection\" data-id=\"36a05da\" data-element_type=\"widget\" data-e-type=\"widget\" data-widget_type=\"PlabySection.default\">\n\t\t\t\t<div class=\"elementor-widget-container\">\n\t\t\t\t\t\r\n        <div class=\"container\">\r\n            <div class=\"section-title  text-center\">\r\n                <span> SPECYFIKACJA AQUINAS <\/span>\r\n                <h2 class=\"title\">Architektura u\u015bwi\u0119conego kapita\u0142u<\/h2>\r\n                <p style=\"text-align: center\"><i>Manifest doktrynalny i operacyjny<\/i><\/p>\n<p style=\"text-align: left\">\u00a0<\/p>\n<p>\u00a0<\/p>\n<p style=\"text-align: left\"><span style=\"color: #ff00ff\">I. Preambu\u0142a: Jedno\u015b\u0107 wizji<\/span><\/p>\n<p style=\"text-align: left\">Odrzucamy wsp\u00f3\u0142czesny dualizm, kt\u00f3ry oddziela motor gospodarczy od prawa moralnego. Potwierdzamy prawd\u0119 zawart\u0105 w s\u0142owach \u015bw. Jana Paw\u0142a II:<\/p>\n<p>\u00a0<\/p>\n<p style=\"padding-left: 40px;text-align: left\"><em>\u201cWiara i rozum s\u0105 jak dwa skrzyd\u0142a, na kt\u00f3rych ludzki duch wznosi si\u0119 ku kontemplacji prawdy; a B\u00f3g umie\u015bci\u0142 w sercu cz\u0142owieka pragnienie poznania prawdy \u2013 jednym s\u0142owem, poznania samego siebie \u2013 aby poprzez poznanie i mi\u0142o\u015b\u0107 do Boga m\u0119\u017cczy\u017ani i kobiety mogli r\u00f3wnie\u017c doj\u015b\u0107 do pe\u0142ni prawdy o sobie samych\u201d. (\u015aw. Jan Pawe\u0142 II, Fides et Ratio, B\u0142ogos\u0142awie\u0144stwo na rozpocz\u0119cie)<\/em><\/p>\n<p>\u00a0<\/p>\n<p style=\"text-align: left\">W dziedzinie kapita\u0142u nie jest to metafora, lecz imperatyw operacyjny. Rozum (Ratio) analizuje materialne i efektywne przyczyny dzia\u0142alno\u015bci gospodarczej (bilans, przep\u0142ywy pieni\u0119\u017cne). Wiara (Fides) wyja\u015bnia przyczyny formalne i ostateczne (charakter dzia\u0142alno\u015bci gospodarczej i jej ostateczny cel). Inwestowanie tylko jednym skrzyd\u0142em oznacza kr\u0105\u017cenie w k\u00f3\u0142ko, co nieuchronnie prowadzi do niezamierzonych konsekwencji. Twierdzimy, \u017ce w\u0142a\u015bciwy rozum (Recta Ratio) i prawo boskie nie s\u0105 si\u0142ami przeciwstawnymi. Stanowi\u0105 one zjednoczony standard rzeczywisto\u015bci.<\/p>\n<p>\u00a0<\/p>\n<p>\u00a0<\/p>\n<p>\u00a0<\/p>\n<p style=\"text-align: left\"><span style=\"color: #ff00ff\">II. Diagnoza: b\u0142\u0105d biernego wsp\u00f3\u0142udzia\u0142u<\/span><\/p>\n<p style=\"text-align: left\">Standardowe podej\u015bcie do alokacji kapita\u0142u \u2013 indeks \u201cneutralny rynkowo\u201d (np. S&amp;P 500) \u2013 jest b\u0142\u0119dem teologicznym. Zak\u0142ada ono, \u017ce kapita\u0142 mo\u017ce by\u0107 neutralny. Jednak \u015bw. Tomasz z Akwinu naucza, \u017ce \u017cadne ludzkie dzia\u0142anie wynikaj\u0105ce z zamierzonej woli nie jest moralnie oboj\u0119tne (Summa Theologiae, I-II, q. 18, a. 9).<\/p>\n<p>\u00a0<\/p>\n<p style=\"text-align: left\">Kupuj\u0105c indeks, inwestor anga\u017cuje si\u0119 w istotn\u0105 wsp\u00f3\u0142prac\u0119 z konkretnymi dzia\u0142aniami sp\u00f3\u0142ek wchodz\u0105cych w jego sk\u0142ad. Kiedy te sp\u00f3\u0142ki promuj\u0105 niszczenie \u017cycia, rozpad rodziny lub wyzysk os\u00f3b bezbronnych, pasywny inwestor zapewnia p\u0142ynno\u015b\u0107 finansow\u0105, kt\u00f3ra podtrzymuje te nieprawid\u0142owo\u015bci. Benedykt XVI wyra\u017anie nas ostrzeg\u0142:<\/p>\n<p>\u00a0<\/p>\n<p style=\"text-align: center\"><em>\u201c...ka\u017cda decyzja ekonomiczna ma konsekwencje moralne\u201d.\u201d<\/em><\/p>\n<p style=\"text-align: center\"><em>(Benedykt XVI, Caritas in Veritate, nr 37)<\/em><\/p>\n<p>\u00a0<\/p>\n<p style=\"text-align: left\">Twierdzenie, \u017ce \u201cdywersyfikacja\u201d jest pretekstem do finansowania z\u0142a wewn\u0119trznego, oznacza po\u015bwi\u0119cenie duszy.<\/p>\n<p style=\"text-align: left\">w celu zmniejszenia odchylenia standardowego. Jest to niepowodzenie ostro\u017cno\u015bci, kt\u00f3ra dzia\u0142a jako<\/p>\n<p style=\"text-align: left\">\u201cwo\u017anica cn\u00f3t\u201d (ST II-II, q. 47).<\/p>\n<p>\u00a0<\/p>\n<p>\u00a0<\/p>\n<p style=\"text-align: left\"><span style=\"color: #ff00ff\">III. Metoda: ontologiczne weto<\/span><\/p>\n<p style=\"text-align: left\">Wprowadzamy poj\u0119cie \u201cweta ontologicznego\u201d. Nie jest to jedynie \u201eodrzucanie grzechu\u201d. Jest to uznanie natury z\u0142a. Jak definiuje \u015bw. Tomasz, z\u0142o jest privatio boni \u2013 brakiem dobra, kt\u00f3re powinno by\u0107 obecne (ST I, q. 48, a. 1). Z\u0142o jest brakiem bytu; jest wad\u0105 strukturaln\u0105.<\/p>\n<p style=\"text-align: left\">\u2022 Krucho\u015b\u0107: Firma, kt\u00f3ra czerpie zyski z uzale\u017cnienia, jest strukturalnie krucha; opiera si\u0119 na zniewoleniu swojej bazy klient\u00f3w.<\/p>\n<p style=\"text-align: left\">\u2022 Samob\u00f3jstwo: Firma, kt\u00f3ra czerpie zyski z bezp\u0142odno\u015bci (aborcja\/antykoncepcja), jest strukturalnie samob\u00f3jcza; niszczy przysz\u0142\u0105 si\u0142\u0119 robocz\u0105 i popyt rynkowy, od kt\u00f3rych jest zale\u017cna.<\/p>\n<p style=\"text-align: left\">Dlatego wykluczenie tych podmiot\u00f3w jest nie tylko naszym moralnym obowi\u0105zkiem, ale tak\u017ce doskona\u0142\u0105 strategi\u0105 zarz\u0105dzania ryzykiem. Nie unikamy jedynie \u201cz\u0142ych\u201d firm, ale tak\u017ce podmiot\u00f3w, kt\u00f3re s\u0105 ontologicznie wadliwe i sprzeczne z naturalnym porz\u0105dkiem rzeczy.<\/p>\n<p style=\"text-align: left\">\u00a0<\/p>\n<p>\u00a0<\/p>\n<p style=\"text-align: left\"><span style=\"color: #ff00ff\">IV. Teza: Odporno\u015b\u0107 dzi\u0119ki prawom natury<\/span><\/p>\n<p style=\"text-align: left\">Dlaczego portfolio zgodne z prawem naturalnym jest lepsze? Poniewa\u017c prawo naturalne jest \u201cinstrukcj\u0105 obs\u0142ugi\u201d ludzkiego rozwoju. Firmy, kt\u00f3re dzia\u0142aj\u0105 zgodnie z tym prawem \u2013 wspieraj\u0105c rodzin\u0119, godno\u015b\u0107 pracy i tworzenie prawdziwej warto\u015bci \u2013 p\u0142yn\u0105 z pr\u0105dem rzeczywisto\u015bci.<\/p>\n<p>\u00a0<\/p>\n<p style=\"text-align: left\">1. Stabilno\u015b\u0107: Nie boj\u0105 si\u0119 \u015bwiat\u0142a prawdy ani korekty regulacyjnej.<\/p>\n<p style=\"text-align: left\">2. Lojalno\u015b\u0107: Traktuj\u0105 prac\u0119 nie jako zwyk\u0142y koszt, ale jako przedmiot godno\u015bci, kieruj\u0105c si\u0119 zasad\u0105 pierwsze\u0144stwa pracy przed kapita\u0142em (\u015bw. Jan Pawe\u0142 II, Laborem Exercens, nr 12). To buduje lojalno\u015b\u0107 i doskona\u0142o\u015b\u0107 operacyjn\u0105.<\/p>\n<p style=\"text-align: left\">3. Zr\u00f3wnowa\u017cony rozw\u00f3j: S\u0142u\u017c\u0105 one dobru wsp\u00f3lnemu, zapewniaj\u0105c, \u017ce ich licencja na prowadzenie dzia\u0142alno\u015bci opiera si\u0119 na wk\u0142adzie spo\u0142ecznym, a nie na eksploatacji.<\/p>\n<p>\u00a0<\/p>\n<p style=\"text-align: center\"><strong><em>Cnota nie jest obci\u0105\u017ceniem dla wynik\u00f3w; cnota (Virtus) dos\u0142ownie oznacza \u201csi\u0142\u0119\u201d.\u201d<\/em><\/strong><\/p>\n<p style=\"text-align: left\">\u00a0<\/p>\n<p>\u00a0<\/p>\n<p>\u00a0<\/p>\n<p style=\"text-align: left\"><span style=\"color: #ff00ff\">V. Cel: u\u015bwi\u0119cenie \u015bwiata<\/span><\/p>\n<p style=\"text-align: left\">Wreszcie odrzucamy pogl\u0105d, \u017ce finanse s\u0105 \u201cz\u0142em koniecznym\u201d. Przyjmujemy wezwanie do powszechnej \u015bwi\u0119to\u015bci. Jak naucza\u0142 \u015bw. Josemar\u00eda Escriv\u00e1, musimy u\u015bwi\u0119ca\u0107 nasz\u0105 prac\u0119, u\u015bwi\u0119ca\u0107 siebie w naszej pracy i u\u015bwi\u0119ca\u0107 innych poprzez nasz\u0105 prac\u0119. Inwestowanie jest prac\u0105. Jest to zarz\u0105dzanie talentami.<\/p>\n<p>\u00a0<\/p>\n<p style=\"text-align: center\"><em>\u201cLegalne d\u0105\u017cenie do zysku nie stoi w sprzeczno\u015bci z obowi\u0105zkiem pomocy ubogim i przyczyniania si\u0119 do rozwoju spo\u0142ecze\u0144stwa... wr\u0119cz przeciwnie, je\u015bli logika ekonomiczna jest stosowana w prawid\u0142owy spos\u00f3b, mo\u017ce by\u0107 narz\u0119dziem solidarno\u015bci\u201d. (Kompendium nauki spo\u0142ecznej Ko\u015bcio\u0142a)<\/em><\/p>\n<p>\u00a0<\/p>\n<p style=\"text-align: left\">Specyfikacja Akwinaty jest nast\u0119puj\u0105ca: inwestowa\u0107 kapita\u0142 z precyzj\u0105 tomisty i zapa\u0142em aposto\u0142a. Nie d\u0105\u017cymy do zysk\u00f3w dla gromadzenia w\u0142adzy, ale dla rozszerzania Kr\u00f3lestwa i wolno\u015bci rodziny.<\/p>\n<p>\u00a0<\/p>\n<p>\u00a0<\/p>\n<p style=\"text-align: left\"><strong>Nie kupujemy stogu siana. Kupujemy ig\u0142\u0119. A ig\u0142\u0105 jest Prawda.<\/strong><\/p>\n<p style=\"text-align: left\">\u00a0<\/p>            <\/div>\r\n        <\/div>\r\n        \t\t\t\t<\/div>\n\t\t\t\t<\/div>\n\t\t\t\t\t<\/div>\n\t\t<\/div>\n\t\t\t\t\t<\/div>\n\t\t<\/section>\n\t\t\t\t<section class=\"elementor-section elementor-top-section elementor-element elementor-element-4bbfce6 elementor-section-boxed elementor-section-height-default elementor-section-height-default\" data-id=\"4bbfce6\" data-element_type=\"section\" data-e-type=\"section\">\n\t\t\t\t\t\t<div class=\"elementor-container elementor-column-gap-default\">\n\t\t\t\t\t<div class=\"elementor-column elementor-col-100 elementor-top-column elementor-element elementor-element-24abfcc\" data-id=\"24abfcc\" data-element_type=\"column\" data-e-type=\"column\">\n\t\t\t<div class=\"elementor-widget-wrap\">\n\t\t\t\t\t\t\t<\/div>\n\t\t<\/div>\n\t\t\t\t\t<\/div>\n\t\t<\/section>\n\t\t\t\t<section class=\"elementor-section elementor-top-section elementor-element elementor-element-c43e834 elementor-section-boxed elementor-section-height-default elementor-section-height-default\" data-id=\"c43e834\" data-element_type=\"section\" data-e-type=\"section\">\n\t\t\t\t\t\t<div class=\"elementor-container elementor-column-gap-default\">\n\t\t\t\t\t<div class=\"elementor-column elementor-col-100 elementor-top-column elementor-element elementor-element-ac181ac\" data-id=\"ac181ac\" data-element_type=\"column\" data-e-type=\"column\">\n\t\t\t<div class=\"elementor-widget-wrap\">\n\t\t\t\t\t\t\t<\/div>\n\t\t<\/div>\n\t\t\t\t\t<\/div>\n\t\t<\/section>\n\t\t\t\t<section class=\"elementor-section elementor-top-section elementor-element elementor-element-4a1f448 elementor-section-boxed elementor-section-height-default elementor-section-height-default\" data-id=\"4a1f448\" data-element_type=\"section\" data-e-type=\"section\">\n\t\t\t\t\t\t<div class=\"elementor-container elementor-column-gap-default\">\n\t\t\t\t\t<div class=\"elementor-column elementor-col-100 elementor-top-column elementor-element elementor-element-c857921\" data-id=\"c857921\" data-element_type=\"column\" data-e-type=\"column\">\n\t\t\t<div class=\"elementor-widget-wrap elementor-element-populated\">\n\t\t\t\t\t\t<div class=\"elementor-element elementor-element-6494c43 elementor-widget elementor-widget-single-service-widget\" data-id=\"6494c43\" data-element_type=\"widget\" data-e-type=\"widget\" data-widget_type=\"single-service-widget.default\">\n\t\t\t\t<div class=\"elementor-widget-container\">\n\t\t\t\t\t\r\n        <!-- Start Services Details Area -->\r\n            <div class=\"services-details-overview\">\r\n                <div class=\"services-details-desc text-left\">\r\n                    <h1>\u015awi\u0119ty Tomasz z Akwinu<\/h1>\r\n                    <p><span style=\"color: #ff00ff\"><strong>Anielski Doktor i wieczna filozofia<\/strong><\/span><\/p>\n<p>\u015awi\u0119ty Tomasz z Akwinu (XIII wiek), \"wsp\u00f3lny doktor\" Ko\u015bcio\u0142a, jest czo\u0142owym tw\u00f3rc\u0105 syntezy mi\u0119dzy rozumem a wiar\u0105. Jego dzie\u0142o pokazuje, \u017ce rozum mo\u017ce obiektywnie pozna\u0107 porz\u0105dek bytu i natury, podczas gdy wiara \u2013 oparta na Boskim Objawieniu \u2013 podnosi i doskonali intelekt prawdami, kt\u00f3re przewy\u017cszaj\u0105 naturalne mo\u017cliwo\u015bci, nie zaprzeczaj\u0105c im jednak. Jego metoda jest rygorystycznie zdyscyplinowana: definiowanie, rozr\u00f3\u017cnianie, odpowiadanie na zarzuty i wyci\u0105ganie wniosk\u00f3w w \u015bcis\u0142ej zgodno\u015bci z rzeczywisto\u015bci\u0105.<\/p>\n<p>\u00a0<\/p>\n<p><span style=\"color: #ff00ff\">1. Realistyczna metafizyka U podstaw le\u017cy umiarkowany realizm:<\/span> \u015bwiat jest zrozumia\u0142y i istnieje niezale\u017cnie od naszego umys\u0142u.<\/p>\n<ul>\n<li>Osoba: Istotna jedno\u015b\u0107 cia\u0142a i duszy (hylomorfizm).<\/li>\n<li>Moralno\u015b\u0107: Nie opiera si\u0119 na subiektywnych odczuciach ani u\u017cyteczno\u015bci, ale na prawdzie o cz\u0142owieku i jego ostatecznym celu (telos).<\/li>\n<li>Cnota: Nie jest to zwyk\u0142a ozdoba ani rutyna; jest to dobry nawyk (habitus), kt\u00f3ry w stabilny spos\u00f3b kieruje ludzk\u0105 wolno\u015bci\u0105 ku Dobru.<\/li>\n<\/ul>\n<p>\u00a0<\/p>\n<p><span style=\"color: #ff00ff\">2. Ramy arystotelesowsko-tomistyczne Jest to filozofia bytu.<\/span> Na podstawie Arystotelesa Akwinata integruje kluczowe struktury, aby wyja\u015bni\u0107 rzeczywisto\u015b\u0107:<\/p>\n<ul>\n<li>Dzia\u0142anie i potencja\u0142: Wyja\u015bnia zmian\u0119 i ruch (co co\u015b jest teraz w por\u00f3wnaniu z tym, czym mo\u017ce si\u0119 sta\u0107).<\/li>\n<li>Cztery przyczyny: Aby cokolwiek zrozumie\u0107, musimy pozna\u0107 jego przyczyn\u0119 materialn\u0105 (z czego jest zrobione), formaln\u0105 (czym jest), sprawcz\u0105 (kto to stworzy\u0142) i ostateczn\u0105 (jaki jest jego cel).<\/li>\n<li>Teleologia: Ka\u017cda natura dzia\u0142a w okre\u015blonym celu; kosmos ma swoje wewn\u0119trzne znaczenie. Akwinata pog\u0142\u0119bia t\u0119 koncepcj\u0119, wprowadzaj\u0105c kluczowe rozr\u00f3\u017cnienie mi\u0119dzy istot\u0105 (tym, czym co\u015b jest) a aktem bytu (esse \u2013 tym, \u017ce co\u015b jest). Stworzenia nie s\u0105 samym Bytem; uczestnicz\u0105 w Byt, otrzymanym od Boga.<\/li>\n<\/ul>                <\/div>\r\n\r\n                <div class=\"services-details-image wow fadeInUp\">\r\n                    <img decoding=\"async\" class=\"\" src=\"https:\/\/air.triuvo.ai\/wp-content\/uploads\/2025\/12\/Diseno-sin-titulo-3.jpg\" alt=\"obraz\">\r\n                <\/div>\r\n            <\/div>\r\n\r\n            <div class=\"services-details-overview\">\r\n                <div class=\"services-details-image wow fadeInUp\">\r\n                    <img decoding=\"async\" class=\"\" src=\"https:\/\/air.triuvo.ai\/wp-content\/uploads\/2025\/12\/Diseno-sin-titulo-2.jpg\" alt=\"obraz\">\r\n                <\/div>\r\n\r\n                <div class=\"services-details-desc text-center\">\r\n                    <h3><\/h3>\r\n\r\n                    <ul>\n<li style=\"text-align: left\">Epistemologia: Nihil est in intellectu quod non prius fuerit in sensu (W umy\u015ble nie ma nic, czego nie by\u0142o wcze\u015bniej w zmys\u0142ach). Umys\u0142 czerpie uniwersalia z do\u015bwiadcze\u0144 zmys\u0142owych; nie \"tworzy\" rzeczywisto\u015bci.<\/li>\n<li style=\"text-align: left\">Etyka i prawo naturalne: Dobro cz\u0142owieka opiera si\u0119 na naturze ludzkiej. Rozum rozpoznaje naturalne sk\u0142onno\u015bci (do \u017cycia, prawdy, spo\u0142ecze\u0144stwa) i formu\u0142uje zasady prawa naturalnego. Roztropno\u015b\u0107 (recta ratio agibilium) kieruje \u015brodkami s\u0142u\u017c\u0105cymi osi\u0105gni\u0119ciu tych cel\u00f3w.<\/li>\n<\/ul>\n<p style=\"text-align: left\">\u00a0<\/p>\n<p style=\"text-align: left\"><span style=\"color: #ff00ff\">3. Si\u0142a tomizmu Jego trwa\u0142a si\u0142a tkwi w jego wszechstronnym zakresie:<\/span><\/p>\n<ul style=\"text-align: left\">\n<li>Jedno\u015b\u0107 spekulatywna: \u0141\u0105czy metafizyk\u0119, antropologi\u0119 i teologi\u0119 bez wewn\u0119trznych sprzeczno\u015bci. Obala odwieczne b\u0142\u0119dy, takie jak sprowadzanie dobra do zwyk\u0142ej u\u017cyteczno\u015bci, wolno\u015bci do swobody lub prawdy do konsensusu.<\/li>\n<li>Praktyczna m\u0105dro\u015b\u0107: zapewnia stabilne kryteria podejmowania decyzji: w\u0142a\u015bciwe cele, proporcjonalne \u015brodki, hierarchi\u0119 d\u00f3br oraz trze\u017awy realizm w odniesieniu do ludzkich ogranicze\u0144 i dobra wsp\u00f3lnego.<\/li>\n<\/ul>\n<p style=\"text-align: left\">\u00a0<\/p>\n<p style=\"text-align: left\"><span style=\"color: #ff00ff\">4. Fundament doktryny: wiara i rozum Zasada przewodnia brzmi:<\/span> <em>\"\u0141aska nie niszczy natury, ale j\u0105 zak\u0142ada i doskonali\".\"<\/em><\/p>\n<ul>\n<li style=\"text-align: left\">Jedno\u015b\u0107 prawdy: Poniewa\u017c B\u00f3g jest Stw\u00f3rc\u0105 zar\u00f3wno stworzonej natury (rozumu), jak i objawionej prawdy (wiary), nie mo\u017ce istnie\u0107 mi\u0119dzy nimi \u017cadna prawdziwa sprzeczno\u015b\u0107. Prawda jest jedna.<\/li>\n<li style=\"text-align: left\">Najwy\u017csza norma: Chocia\u017c rozum jest niezb\u0119dnym narz\u0119dziem, to Objawienie Bo\u017ce \u2013 strze\u017cone przez Magisterium \u2013 jest najwy\u017csz\u0105 zasad\u0105, poniewa\u017c Pierwsza Prawda nie mo\u017ce oszukiwa\u0107 ani by\u0107 oszukiwana.<\/li>\n<li style=\"text-align: left\">Korekta b\u0142\u0119du: Je\u015bli wniosek filozoficzny jest sprzeczny z Objawieniem, oznacza to, \u017ce rozum pope\u0142ni\u0142 b\u0142\u0105d w swoim rozumowaniu, a nie \u017ce wiara jest irracjonalna.<\/li>\n<\/ul>\r\n                    <div class=\"services-details-accordion\">\r\n                        <ul class=\"accordion\">\r\n                            \r\n                        <\/ul>\r\n                    <\/div>\r\n                <\/div>\r\n            <\/div>\r\n        <!-- End Services Details Area -->\r\n        \t\t\t\t<\/div>\n\t\t\t\t<\/div>\n\t\t\t\t\t<\/div>\n\t\t<\/div>\n\t\t\t\t\t<\/div>\n\t\t<\/section>\n\t\t\t\t<\/div>","protected":false},"excerpt":{"rendered":"<p>THE AQUINAS SPECIFICATION The Architecture of Sanctified Capital A Doctrinal and Operational Manifesto \u00a0 \u00a0 I. The Preamble: The Unity of Vision We reject the modern dualism that severs the economic engine from the moral law. We affirm the opening truth of St. John Paul II: \u00a0 \u201cFaith and reason are like two wings on<\/p>","protected":false},"author":1,"featured_media":0,"parent":0,"menu_order":0,"comment_status":"closed","ping_status":"closed","template":"","meta":{"_acf_changed":false,"pmpro_default_level":"","_uag_custom_page_level_css":"","footnotes":""},"class_list":["post-2","page","type-page","status-publish","hentry","pmpro-has-access"],"acf":[],"uagb_featured_image_src":{"full":false,"thumbnail":false,"medium":false,"medium_large":false,"large":false,"1536x1536":false,"2048x2048":false,"trp-custom-language-flag":false,"plaby_card_thumb":false,"plaby_single_thumb":false,"woocommerce_thumbnail":false,"woocommerce_single":false,"woocommerce_gallery_thumbnail":false},"uagb_author_info":{"display_name":"LuarV-Admin","author_link":"https:\/\/air.triuvo.ai\/pl\/author\/luarv-admin\/"},"uagb_comment_info":0,"uagb_excerpt":"THE AQUINAS SPECIFICATION The Architecture of Sanctified Capital A Doctrinal and Operational Manifesto \u00a0 \u00a0 I. The Preamble: The Unity of Vision We reject the modern dualism that severs the economic engine from the moral law. We affirm the opening truth of St. John Paul II: \u00a0 \u201cFaith and reason are like two wings on","_links":{"self":[{"href":"https:\/\/air.triuvo.ai\/pl\/wp-json\/wp\/v2\/pages\/2","targetHints":{"allow":["GET"]}}],"collection":[{"href":"https:\/\/air.triuvo.ai\/pl\/wp-json\/wp\/v2\/pages"}],"about":[{"href":"https:\/\/air.triuvo.ai\/pl\/wp-json\/wp\/v2\/types\/page"}],"author":[{"embeddable":true,"href":"https:\/\/air.triuvo.ai\/pl\/wp-json\/wp\/v2\/users\/1"}],"replies":[{"embeddable":true,"href":"https:\/\/air.triuvo.ai\/pl\/wp-json\/wp\/v2\/comments?post=2"}],"version-history":[{"count":14,"href":"https:\/\/air.triuvo.ai\/pl\/wp-json\/wp\/v2\/pages\/2\/revisions"}],"predecessor-version":[{"id":2305,"href":"https:\/\/air.triuvo.ai\/pl\/wp-json\/wp\/v2\/pages\/2\/revisions\/2305"}],"wp:attachment":[{"href":"https:\/\/air.triuvo.ai\/pl\/wp-json\/wp\/v2\/media?parent=2"}],"curies":[{"name":"wp","href":"https:\/\/api.w.org\/{rel}","templated":true}]}}