{"id":1669,"date":"2025-12-19T00:15:01","date_gmt":"2025-12-18T23:15:01","guid":{"rendered":"http:\/\/136.116.241.105\/?page_id=1669"},"modified":"2026-01-07T16:52:19","modified_gmt":"2026-01-07T15:52:19","slug":"wolne-powietrze","status":"publish","type":"page","link":"https:\/\/air.triuvo.ai\/pl\/wolne-powietrze\/","title":{"rendered":"Us\u0142ugi pr\u00f3bne"},"content":{"rendered":"<div data-elementor-type=\"wp-page\" data-elementor-id=\"1669\" class=\"elementor elementor-1669\">\n\t\t\t\t\t\t<section class=\"elementor-section elementor-top-section elementor-element elementor-element-be8cb54 elementor-section-boxed elementor-section-height-default elementor-section-height-default\" data-id=\"be8cb54\" data-element_type=\"section\" data-e-type=\"section\">\n\t\t\t\t\t\t<div class=\"elementor-container elementor-column-gap-default\">\n\t\t\t\t\t<div class=\"elementor-column elementor-col-100 elementor-top-column elementor-element elementor-element-18aa164\" data-id=\"18aa164\" data-element_type=\"column\" data-e-type=\"column\">\n\t\t\t<div class=\"elementor-widget-wrap\">\n\t\t\t\t\t\t\t<\/div>\n\t\t<\/div>\n\t\t\t\t\t<\/div>\n\t\t<\/section>\n\t\t\t\t<section class=\"elementor-section elementor-top-section elementor-element elementor-element-e0e6d28 elementor-section-boxed elementor-section-height-default elementor-section-height-default\" data-id=\"e0e6d28\" data-element_type=\"section\" data-e-type=\"section\">\n\t\t\t\t\t\t<div class=\"elementor-container elementor-column-gap-default\">\n\t\t\t\t\t<div class=\"elementor-column elementor-col-100 elementor-top-column elementor-element elementor-element-d4d953f\" data-id=\"d4d953f\" data-element_type=\"column\" data-e-type=\"column\">\n\t\t\t<div class=\"elementor-widget-wrap elementor-element-populated\">\n\t\t\t\t\t\t<div class=\"elementor-element elementor-element-41e5613 elementor-widget elementor-widget-choose-us-widget\" data-id=\"41e5613\" data-element_type=\"widget\" data-e-type=\"widget\" data-widget_type=\"choose-us-widget.default\">\n\t\t\t\t<div class=\"elementor-widget-container\">\n\t\t\t\t\t\r\n        <!-- Start Choose Us Area -->\r\n                    <div class=\"why-choose-area ptb-90\">\r\n                <div class=\"container\">\r\n                                            <div class=\"section-title text-center\">\r\n                            <span>365 dni jasno\u015bci<\/span>\r\n                            <h1>Start dla $1 dziennie<\/h1>\r\n                        <\/div>\r\n                    \r\n                    <div class=\"row\">                    <\/div>\r\n                <\/div>\r\n\r\n                                <div class=\"shape14\">\r\n                    <img decoding=\"async\" class=\"\" src=\"https:\/\/air.triuvo.ai\/wp-content\/themes\/plaby\/assets\/img\/shape\/13.svg\" alt=\"Shape\">\r\n                <\/div>\r\n                <div class=\"shape15\">\r\n                    <img decoding=\"async\" class=\"\" src=\"https:\/\/air.triuvo.ai\/wp-content\/themes\/plaby\/assets\/img\/shape\/13.svg\" alt=\"Shape\">\r\n                <\/div>\r\n                        <\/div>\r\n                <!-- End Choose Us Area -->\r\n        \t\t\t\t<\/div>\n\t\t\t\t<\/div>\n\t\t\t\t<div class=\"elementor-element elementor-element-79ed4f0 elementor-widget elementor-widget-about-two-widget\" data-id=\"79ed4f0\" data-element_type=\"widget\" data-e-type=\"widget\" data-widget_type=\"about-two-widget.default\">\n\t\t\t\t<div class=\"elementor-widget-container\">\n\t\t\t\t\t\r\n        <!-- Start AboutTwo Area -->\r\n                    <div class=\"container\">\r\n                <div class=\"row align-items-center\">\r\n                                            <div class=\"col-lg-6 col-md-12\">\r\n                            <div class=\"about-wrap-image\">\r\n                                <img decoding=\"async\" src=\"https:\/\/air.triuvo.ai\/wp-content\/uploads\/2026\/01\/morning-free-trial.png\" alt=\"obraz\">\r\n                            <\/div>\r\n                        <\/div>\r\n                                        \r\n\r\n                    <div class=\"col-lg-6 col-md-12\">\r\n                        <div class=\"about-wrap-content\">\r\n                                                            <span>AQUINAS MORNING <\/span>\r\n                                                        <h2>Zaczynaj ka\u017cdy dzie\u0144 z jasno\u015bci\u0105, a nie ha\u0142asem\u00a0<\/h2>\r\n                                                           <p><p>Aquinas Morning to codzienne ramy, kt\u00f3re przekszta\u0142caj\u0105 informacje rynkowe w rozwa\u017cne zrozumienie.\u00a0<\/p><p>Codzienny dost\u0119p do:\u00a0<\/p><ul><li><strong>Poziom napi\u0119cia na rynku:<\/strong>\u00a0Ostro\u017cny sygna\u0142 \u015brodowiska finansowego dnia: spokojne, napi\u0119te lub krytyczne.\u00a0<\/li><li><strong>3-5 Istotne informacje rynkowe:<\/strong>\u00a0Akcje, stopy procentowe, kredyty, towary, z\u0142oto i kontekst geopolityczny - destylowane, a nie ha\u0142a\u015bliwe.\u00a0<\/li><li><strong>Uwaga dotycz\u0105ca ostro\u017cno\u015bci:\u00a0<\/strong>Kr\u00f3tka refleksja \u0142\u0105cz\u0105ca rzeczywisto\u015b\u0107 rynkow\u0105 z rozumem, cnot\u0105 i moraln\u0105 klarowno\u015bci\u0105.\u00a0<\/li><li><strong>Codzienny punkt dzia\u0142ania:\u00a0<\/strong>Jedna konkretna wskaz\u00f3wka na temat tego, co nale\u017cy sprawdzi\u0107, czego unika\u0107, a gdzie ostro\u017cno\u015b\u0107 wymaga niepodejmowania dzia\u0142a\u0144.\u00a0<\/li><\/ul><p>Tw\u00f3j codzienny towarzysz w poruszaniu si\u0119 po rynkach z jasno\u015bci\u0105 i rozs\u0105dkiem.\u00a0<\/p><\/p>\r\n                                                        <div class=\"row justify-content-center\">\r\n                                <div class=\"col-lg-6 col-sm-6\">\r\n                                    <ul class=\"wrap-list\">\r\n                                                                            <\/ul>\r\n                                <\/div>\r\n                                <div class=\"col-lg-6 col-sm-6\">\r\n                                    <ul class=\"wrap-list\">\r\n                                                                            <\/ul>\r\n                                <\/div>\r\n                            <\/div>\r\n                                                                <div class=\"about-btn\">\r\n                                                                            <a target=\"_blank\" href=\"https:\/\/air.triuvo.ai\/pl\/ustalanie-cen\/\" class=\"btn btn-primary\">Rozpocznij bezp\u0142atny okres pr\u00f3bny<\/a>                                    <\/div>\r\n                                \r\n                                                    <\/div>\r\n                    <\/div>\r\n                <\/div>\r\n            <\/div>\r\n\r\n                    <!-- End AboutTwo Area -->\r\n        \t\t\t\t<\/div>\n\t\t\t\t<\/div>\n\t\t\t\t\t<\/div>\n\t\t<\/div>\n\t\t\t\t\t<\/div>\n\t\t<\/section>\n\t\t\t\t<section class=\"elementor-section elementor-top-section elementor-element elementor-element-9eae2fd elementor-section-boxed elementor-section-height-default elementor-section-height-default\" data-id=\"9eae2fd\" data-element_type=\"section\" data-e-type=\"section\">\n\t\t\t\t\t\t<div class=\"elementor-container elementor-column-gap-default\">\n\t\t\t\t\t<div class=\"elementor-column elementor-col-100 elementor-top-column elementor-element elementor-element-6f163a2\" data-id=\"6f163a2\" data-element_type=\"column\" data-e-type=\"column\">\n\t\t\t<div class=\"elementor-widget-wrap\">\n\t\t\t\t\t\t\t<\/div>\n\t\t<\/div>\n\t\t\t\t\t<\/div>\n\t\t<\/section>\n\t\t\t\t<section class=\"elementor-section elementor-top-section elementor-element elementor-element-8ac00fd elementor-section-boxed elementor-section-height-default elementor-section-height-default\" data-id=\"8ac00fd\" data-element_type=\"section\" data-e-type=\"section\">\n\t\t\t\t\t\t<div class=\"elementor-container elementor-column-gap-default\">\n\t\t\t\t\t<div class=\"elementor-column elementor-col-100 elementor-top-column elementor-element elementor-element-1af634f\" data-id=\"1af634f\" data-element_type=\"column\" data-e-type=\"column\">\n\t\t\t<div class=\"elementor-widget-wrap elementor-element-populated\">\n\t\t\t\t\t\t<div class=\"elementor-element elementor-element-c58fe11 elementor-widget elementor-widget-about-two-widget\" data-id=\"c58fe11\" data-element_type=\"widget\" data-e-type=\"widget\" data-widget_type=\"about-two-widget.default\">\n\t\t\t\t<div class=\"elementor-widget-container\">\n\t\t\t\t\t\r\n        <!-- Start AboutTwo Area -->\r\n                    <div class=\"container\">\r\n                <div class=\"row align-items-center\">\r\n                                            <div class=\"col-lg-6 col-md-12\">\r\n                            <div class=\"about-wrap-image\">\r\n                                <img decoding=\"async\" src=\"https:\/\/air.triuvo.ai\/wp-content\/uploads\/2026\/01\/signals-free-trial.png\" alt=\"obraz\">\r\n                            <\/div>\r\n                        <\/div>\r\n                                        \r\n\r\n                    <div class=\"col-lg-6 col-md-12\">\r\n                        <div class=\"about-wrap-content\">\r\n                                                            <span>Sygna\u0142y i portfele <\/span>\r\n                                                        <h2>Od zrozumienia do zdyscyplinowanego dzia\u0142ania <\/h2>\r\n                                                           <p><p>Aquinas Signals &amp; Portfolios to ustrukturyzowana \u015bcie\u017cka dla inwestor\u00f3w i profesjonalist\u00f3w, kt\u00f3rzy chc\u0105 dzia\u0142a\u0107 na podstawie w\u0142asnego os\u0105du - bez spekulacji, po\u015bpiechu i \u015blepej realizacji.<\/p><p>Co zyskujesz dost\u0119p:<\/p><ul><li><strong>Wszystko w porannej kapsu\u0142ce:<\/strong> Codzienny kontekst i struktura ostro\u017cno\u015bciowa.<\/li><li><strong>Selektywne sygna\u0142y rynkowe:<\/strong> Wydawane tylko wtedy, gdy warunki s\u0105 zgodne z dyscyplin\u0105, struktur\u0105 i sp\u00f3jno\u015bci\u0105 etyczn\u0105.<\/li><li><strong>Modelowe ramy portfolio:<\/strong> Trzy struktury alokacji zaprojektowane w celu kierowania ekspozycj\u0105 i pozycjonowaniem d\u0142ugoterminowym, a nie dyktowania decyzji.<\/li><li><strong>Zrozumienie z przewodnikiem:<\/strong> Wsparcie w interpretacji sygna\u0142\u00f3w i portfeli w sp\u00f3jnych ramach moralnych i strategicznych.<\/li><\/ul><p>My\u015bl. Decyduj. Dzia\u0142aj.<\/p><\/p>\r\n                                                        <div class=\"row justify-content-center\">\r\n                                <div class=\"col-lg-6 col-sm-6\">\r\n                                    <ul class=\"wrap-list\">\r\n                                                                            <\/ul>\r\n                                <\/div>\r\n                                <div class=\"col-lg-6 col-sm-6\">\r\n                                    <ul class=\"wrap-list\">\r\n                                                                            <\/ul>\r\n                                <\/div>\r\n                            <\/div>\r\n                                                                <div class=\"about-btn\">\r\n                                                                            <a target=\"_blank\" href=\"https:\/\/air.triuvo.ai\/pl\/ustalanie-cen\/\" class=\"btn btn-primary\">Rozpocznij bezp\u0142atny okres pr\u00f3bny<\/a>                                    <\/div>\r\n                                \r\n                                                    <\/div>\r\n                    <\/div>\r\n                <\/div>\r\n            <\/div>\r\n\r\n                    <!-- End AboutTwo Area -->\r\n        \t\t\t\t<\/div>\n\t\t\t\t<\/div>\n\t\t\t\t<div class=\"elementor-element elementor-element-c741fc2 elementor-widget elementor-widget-services-widget\" data-id=\"c741fc2\" data-element_type=\"widget\" data-e-type=\"widget\" data-widget_type=\"services-widget.default\">\n\t\t\t\t<div class=\"elementor-widget-container\">\n\t\t\t\t\t\r\n        <!-- Start Services Area -->\r\n                        <section class=\"services-area-wp pb-80\">\r\n                    <div class=\"container\">\r\n                                                    <div class=\"section-title-style-two\">\r\n                                <div class=\"content\">\r\n                                                                        <h2><\/h2>\r\n                                <\/div>\r\n\r\n                                                            <\/div>\r\n                        \r\n                        <div class=\"row justify-content-center\">\r\n                                                            <div class=\"col-lg-6 col-md-6 col-sm-6\">\r\n                                    <div class=\"single-services-item\">\r\n                                                                                    <div class=\"icon\">\r\n                                                <i class=\"flaticon-play-button\"><\/i>\r\n                                                <img decoding=\"async\" src=\"https:\/\/air.triuvo.ai\/wp-content\/uploads\/2025\/12\/banner_servicios.jpg\" alt=\"obraz\">\r\n                                            <\/div>\r\n                                                                                <h3><a href=\"https:\/\/air.triuvo.ai\/pl\/usluga\/wdrozenie-ai\/\">Aquinas Strategic \u2013 pytania i odpowiedzi<\/a><\/h3>\r\n                                        <div class=\"content\">\r\n                                           <h3><a href=\"https:\/\/air.triuvo.ai\/pl\/usluga\/wdrozenie-ai\/\">Aquinas Strategic \u2013 pytania i odpowiedzi<\/a><\/h3>\r\n                                            <p><p>Obejmuje wszystko, co oferuje All-Access Capital, a dodatkowo priorytetowe odpowiedzi, zamkni\u0119te sesje strategiczne i bezpo\u015brednie wskaz\u00f3wki dla os\u00f3b, kt\u00f3re zarz\u0105dzaj\u0105 wi\u0119kszym kapita\u0142em z rozwag\u0105 i wizj\u0105.<\/p>\n<\/p>\r\n                                            <a href=\"https:\/\/air.triuvo.ai\/pl\/usluga\/wdrozenie-ai\/\" class=\"read-more-btn\">Czytaj wi\u0119cej <i class=\"flaticon-add-1\"><\/i><\/a>\r\n                                        <\/div>\r\n                                    <\/div>\r\n                                <\/div>\r\n                                                            <div class=\"col-lg-6 col-md-6 col-sm-6\">\r\n                                    <div class=\"single-services-item\">\r\n                                                                                    <div class=\"icon\">\r\n                                                <i class=\"flaticon-play-button\"><\/i>\r\n                                                <img decoding=\"async\" src=\"https:\/\/air.triuvo.ai\/wp-content\/uploads\/2025\/12\/banner_servicios.jpg\" alt=\"obraz\">\r\n                                            <\/div>\r\n                                                                                <h3><a href=\"https:\/\/air.triuvo.ai\/pl\/usluga\/jezyk-ai\/\">Aquinas All-Access Capital<\/a><\/h3>\r\n                                        <div class=\"content\">\r\n                                           <h3><a href=\"https:\/\/air.triuvo.ai\/pl\/usluga\/jezyk-ai\/\">Aquinas All-Access Capital<\/a><\/h3>\r\n                                            <p><p>Pe\u0142ny dost\u0119p do sygna\u0142\u00f3w taktycznych, rozszerzonych portfeli, dog\u0142\u0119bnych analiz oraz informacji uzyskanych w ramach pyta\u0144 i odpowiedzi cz\u0142onk\u00f3w.<\/p>\n<\/p>\r\n                                            <a href=\"https:\/\/air.triuvo.ai\/pl\/usluga\/jezyk-ai\/\" class=\"read-more-btn\">Czytaj wi\u0119cej <i class=\"flaticon-add-1\"><\/i><\/a>\r\n                                        <\/div>\r\n                                    <\/div>\r\n                                <\/div>\r\n                                                    <\/div>\r\n                    <\/div>\r\n                <\/section>\r\n            \r\n        <!-- End Services Area -->\r\n        \t\t\t\t<\/div>\n\t\t\t\t<\/div>\n\t\t\t\t\t<\/div>\n\t\t<\/div>\n\t\t\t\t\t<\/div>\n\t\t<\/section>\n\t\t\t\t<\/div>","protected":false},"excerpt":{"rendered":"<p>365 Days of Clarity Start for $1 a Day AQUINAS MORNING Begin Each Day with Clarity, Not Noise\u00a0 Aquinas Morning\u202fis a daily framework that transforms market information into prudent understanding.\u00a0 Receive daily access to:\u00a0 Market Tension Level:\u00a0A prudential signal of the day\u2019s financial environment: calm, tense, or critical.\u00a0 3\u20135 Essential Market Insights:\u00a0Equities, rates, credit, commodities,<\/p>","protected":false},"author":1,"featured_media":2201,"parent":0,"menu_order":0,"comment_status":"closed","ping_status":"closed","template":"","meta":{"_acf_changed":false,"pmpro_default_level":"","_uag_custom_page_level_css":"","footnotes":""},"class_list":["post-1669","page","type-page","status-publish","has-post-thumbnail","hentry","pmpro-has-access"],"acf":[],"uagb_featured_image_src":{"full":["https:\/\/air.triuvo.ai\/wp-content\/uploads\/2025\/12\/banner_dosservicios.jpg",1000,250,false],"thumbnail":["https:\/\/air.triuvo.ai\/wp-content\/uploads\/2025\/12\/banner_dosservicios-150x150.jpg",150,150,true],"medium":["https:\/\/air.triuvo.ai\/wp-content\/uploads\/2025\/12\/banner_dosservicios-300x75.jpg",300,75,true],"medium_large":["https:\/\/air.triuvo.ai\/wp-content\/uploads\/2025\/12\/banner_dosservicios-768x192.jpg",640,160,true],"large":["https:\/\/air.triuvo.ai\/wp-content\/uploads\/2025\/12\/banner_dosservicios.jpg",640,160,false],"1536x1536":["https:\/\/air.triuvo.ai\/wp-content\/uploads\/2025\/12\/banner_dosservicios.jpg",1000,250,false],"2048x2048":["https:\/\/air.triuvo.ai\/wp-content\/uploads\/2025\/12\/banner_dosservicios.jpg",1000,250,false],"trp-custom-language-flag":["https:\/\/air.triuvo.ai\/wp-content\/uploads\/2025\/12\/banner_dosservicios.jpg",18,5,false],"plaby_card_thumb":["https:\/\/air.triuvo.ai\/wp-content\/uploads\/2025\/12\/banner_dosservicios-510x250.jpg",510,250,true],"plaby_single_thumb":["https:\/\/air.triuvo.ai\/wp-content\/uploads\/2025\/12\/banner_dosservicios-730x250.jpg",730,250,true],"woocommerce_thumbnail":["https:\/\/air.triuvo.ai\/wp-content\/uploads\/2025\/12\/banner_dosservicios-350x250.jpg",350,250,true],"woocommerce_single":["https:\/\/air.triuvo.ai\/wp-content\/uploads\/2025\/12\/banner_dosservicios-530x133.jpg",530,133,true],"woocommerce_gallery_thumbnail":["https:\/\/air.triuvo.ai\/wp-content\/uploads\/2025\/12\/banner_dosservicios-100x100.jpg",100,100,true]},"uagb_author_info":{"display_name":"LuarV-Admin","author_link":"https:\/\/air.triuvo.ai\/pl\/author\/luarv-admin\/"},"uagb_comment_info":0,"uagb_excerpt":"365 Days of Clarity Start for $1 a Day AQUINAS MORNING Begin Each Day with Clarity, Not Noise\u00a0 Aquinas Morning\u202fis a daily framework that transforms market information into prudent understanding.\u00a0 Receive daily access to:\u00a0 Market Tension Level:\u00a0A prudential signal of the day\u2019s financial environment: calm, tense, or critical.\u00a0 3\u20135 Essential Market Insights:\u00a0Equities, rates, credit, commodities,","_links":{"self":[{"href":"https:\/\/air.triuvo.ai\/pl\/wp-json\/wp\/v2\/pages\/1669","targetHints":{"allow":["GET"]}}],"collection":[{"href":"https:\/\/air.triuvo.ai\/pl\/wp-json\/wp\/v2\/pages"}],"about":[{"href":"https:\/\/air.triuvo.ai\/pl\/wp-json\/wp\/v2\/types\/page"}],"author":[{"embeddable":true,"href":"https:\/\/air.triuvo.ai\/pl\/wp-json\/wp\/v2\/users\/1"}],"replies":[{"embeddable":true,"href":"https:\/\/air.triuvo.ai\/pl\/wp-json\/wp\/v2\/comments?post=1669"}],"version-history":[{"count":57,"href":"https:\/\/air.triuvo.ai\/pl\/wp-json\/wp\/v2\/pages\/1669\/revisions"}],"predecessor-version":[{"id":2474,"href":"https:\/\/air.triuvo.ai\/pl\/wp-json\/wp\/v2\/pages\/1669\/revisions\/2474"}],"wp:featuredmedia":[{"embeddable":true,"href":"https:\/\/air.triuvo.ai\/pl\/wp-json\/wp\/v2\/media\/2201"}],"wp:attachment":[{"href":"https:\/\/air.triuvo.ai\/pl\/wp-json\/wp\/v2\/media?parent=1669"}],"curies":[{"name":"wp","href":"https:\/\/api.w.org\/{rel}","templated":true}]}}