{"id":2,"date":"2021-03-18T10:14:51","date_gmt":"2021-03-18T10:14:51","guid":{"rendered":"http:\/\/136.116.241.105\/?page_id=2"},"modified":"2025-12-30T01:34:48","modified_gmt":"2025-12-30T00:34:48","slug":"dottrina","status":"publish","type":"page","link":"https:\/\/air.triuvo.ai\/it\/dottrina\/","title":{"rendered":"Dottrina"},"content":{"rendered":"<div data-elementor-type=\"wp-page\" data-elementor-id=\"2\" class=\"elementor elementor-2\">\n\t\t\t\t\t\t<section class=\"elementor-section elementor-top-section elementor-element elementor-element-169ac773 elementor-section-boxed elementor-section-height-default elementor-section-height-default\" data-id=\"169ac773\" data-element_type=\"section\" data-e-type=\"section\">\n\t\t\t\t\t\t<div class=\"elementor-container elementor-column-gap-default\">\n\t\t\t\t\t<div class=\"elementor-column elementor-col-100 elementor-top-column elementor-element elementor-element-77f85b63\" data-id=\"77f85b63\" data-element_type=\"column\" data-e-type=\"column\">\n\t\t\t<div class=\"elementor-widget-wrap elementor-element-populated\">\n\t\t\t\t\t\t<div class=\"elementor-element elementor-element-a6057e0 elementor-widget elementor-widget-spacer\" data-id=\"a6057e0\" data-element_type=\"widget\" data-e-type=\"widget\" data-widget_type=\"spacer.default\">\n\t\t\t\t<div class=\"elementor-widget-container\">\n\t\t\t\t\t\t\t<div class=\"elementor-spacer\">\n\t\t\t<div class=\"elementor-spacer-inner\"><\/div>\n\t\t<\/div>\n\t\t\t\t\t\t<\/div>\n\t\t\t\t<\/div>\n\t\t\t\t<section class=\"elementor-section elementor-inner-section elementor-element elementor-element-60263b0 elementor-section-boxed elementor-section-height-default elementor-section-height-default\" data-id=\"60263b0\" data-element_type=\"section\" data-e-type=\"section\">\n\t\t\t\t\t\t<div class=\"elementor-container elementor-column-gap-default\">\n\t\t\t\t\t<div class=\"elementor-column elementor-col-100 elementor-inner-column elementor-element elementor-element-c062a66\" data-id=\"c062a66\" data-element_type=\"column\" data-e-type=\"column\">\n\t\t\t<div class=\"elementor-widget-wrap\">\n\t\t\t\t\t\t\t<\/div>\n\t\t<\/div>\n\t\t\t\t\t<\/div>\n\t\t<\/section>\n\t\t\t\t<div class=\"elementor-element elementor-element-36a05da elementor-widget elementor-widget-PlabySection\" data-id=\"36a05da\" data-element_type=\"widget\" data-e-type=\"widget\" data-widget_type=\"PlabySection.default\">\n\t\t\t\t<div class=\"elementor-widget-container\">\n\t\t\t\t\t\r\n        <div class=\"container\">\r\n            <div class=\"section-title  text-center\">\r\n                <span> LE SPECIFICHE DI AQUINAS <\/span>\r\n                <h2 class=\"title\">L'architettura del capitale santificato<\/h2>\r\n                <p style=\"text-align: center\"><i>Manifesto dottrinale e operativo<\/i><\/p>\n<p style=\"text-align: left\">\u00a0<\/p>\n<p>\u00a0<\/p>\n<p style=\"text-align: left\"><span style=\"color: #ff00ff\">I. Il preambolo: l'unit\u00e0 di visione<\/span><\/p>\n<p style=\"text-align: left\">Rifiutiamo il dualismo moderno che separa il motore economico dalla legge morale. Affermiamo la verit\u00e0 rivelatrice di San Giovanni Paolo II:<\/p>\n<p>\u00a0<\/p>\n<p style=\"padding-left: 40px;text-align: left\"><em>\u201cLa fede e la ragione sono come due ali sulle quali lo spirito umano si eleva verso la contemplazione della verit\u00e0; e Dio ha posto nel cuore dell'uomo il desiderio di conoscere la verit\u00e0, in una parola, di conoscere se stesso, affinch\u00e9, conoscendo e amando Dio, gli uomini e le donne possano giungere anche alla pienezza della verit\u00e0 su se stessi\u201d (San Giovanni Paolo II, Fides et Ratio, Benedizione iniziale).<\/em><\/p>\n<p>\u00a0<\/p>\n<p style=\"text-align: left\">Nel campo del capitale, questa non \u00e8 una metafora, ma un imperativo operativo. La ragione (Ratio) analizza le cause materiali ed efficienti di un'azienda (bilanci, flussi di cassa). La fede (Fides) illumina le cause formali e finali (la natura dell'azienda e il suo fine ultimo). Investire con una sola ala significa volare in cerchio, schiantandosi inevitabilmente al suolo con conseguenze indesiderate. Noi sosteniamo che la Retta Ragione (Recta Ratio) e la Legge Divina non sono forze opposte. Sono lo standard unificato della Realt\u00e0.<\/p>\n<p>\u00a0<\/p>\n<p>\u00a0<\/p>\n<p>\u00a0<\/p>\n<p style=\"text-align: left\"><span style=\"color: #ff00ff\">II. La diagnosi: l'errore della complicit\u00e0 passiva<\/span><\/p>\n<p style=\"text-align: left\">L'approccio standard all'allocazione del capitale, ovvero l'indice \u201cmarket-neutral\u201d (ad esempio, l'S&amp;P 500), \u00e8 un errore teologico. Esso presuppone che il capitale possa essere neutrale. Ma San Tommaso d'Aquino insegna che nessuna azione umana derivante da una volont\u00e0 deliberata \u00e8 moralmente indifferente (Summa Theologiae, I-II, q. 18, a. 9).<\/p>\n<p>\u00a0<\/p>\n<p style=\"text-align: left\">Acquistando l'indice, l'investitore si impegna in una cooperazione materiale con le azioni specifiche delle societ\u00e0 che lo compongono. Quando tali societ\u00e0 promuovono la distruzione della vita, la dissoluzione della famiglia o lo sfruttamento dei pi\u00f9 vulnerabili, l'investitore passivo fornisce la liquidit\u00e0 che sostiene questi disordini. Benedetto XVI ci ha esplicitamente messo in guardia:<\/p>\n<p>\u00a0<\/p>\n<p style=\"text-align: center\"><em>\u201c... ogni decisione economica ha una conseguenza morale\u201d.\u201d<\/em><\/p>\n<p style=\"text-align: center\"><em>(Benedetto XVI, Caritas in Veritate, n. 37)<\/em><\/p>\n<p>\u00a0<\/p>\n<p style=\"text-align: left\">Affermare che la \u201cdiversificazione\u201d sia una scusa per finanziare il male intrinseco significa sacrificare l'Anima.<\/p>\n<p style=\"text-align: left\">per ottenere una deviazione standard ridotta. Si tratta di un errore di prudenza, che agisce come<\/p>\n<p style=\"text-align: left\">\u201cauriga delle virt\u00f9\u201d (ST II-II, q. 47).<\/p>\n<p>\u00a0<\/p>\n<p>\u00a0<\/p>\n<p style=\"text-align: left\"><span style=\"color: #ff00ff\">III. Il metodo: il veto ontologico<\/span><\/p>\n<p style=\"text-align: left\">Introduciamo il veto ontologico. Non si tratta semplicemente di \u201celiminare il peccato\u201d, ma di riconoscere la natura del male. Come definisce San Tommaso, il male \u00e8 privatio boni, una privazione del bene che dovrebbe essere presente (ST I, q. 48, a. 1). Il male \u00e8 una mancanza di essere, \u00e8 un difetto strutturale.<\/p>\n<p style=\"text-align: left\">\u2022 Fragilit\u00e0: un'azienda che trae profitto dalla dipendenza \u00e8 strutturalmente fragile; dipende dalla schiavit\u00f9 della sua base di clienti.<\/p>\n<p style=\"text-align: left\">\u2022 Suicidio: un'azienda che trae profitto dalla sterilit\u00e0 (aborto\/contraccezione) \u00e8 strutturalmente suicida; distrugge la futura forza lavoro e la domanda di mercato da cui dipende.<\/p>\n<p style=\"text-align: left\">Pertanto, la nostra esclusione di queste entit\u00e0 non \u00e8 solo un dovere morale, ma anche una strategia di gestione del rischio superiore. Non ci limitiamo a evitare le aziende \u201ccattive\u201d; evitiamo le entit\u00e0 che sono ontologicamente difettose e in guerra con l'ordine naturale.<\/p>\n<p style=\"text-align: left\">\u00a0<\/p>\n<p>\u00a0<\/p>\n<p style=\"text-align: left\"><span style=\"color: #ff00ff\">IV. La proposta: resilienza attraverso la legge naturale<\/span><\/p>\n<p style=\"text-align: left\">Perch\u00e9 un portafoglio in linea con la Legge Naturale \u00e8 superiore? Perch\u00e9 la Legge Naturale \u00e8 il \u201cmanuale di istruzioni\u201d per la prosperit\u00e0 umana. Le aziende che si allineano a questa legge, sostenendo la famiglia, la dignit\u00e0 del lavoro e la creazione di valore reale, nuotano con la corrente della Realt\u00e0.<\/p>\n<p>\u00a0<\/p>\n<p style=\"text-align: left\">1. Stabilit\u00e0: non temono la luce della verit\u00e0 n\u00e9 le correzioni normative.<\/p>\n<p style=\"text-align: left\">2. Lealt\u00e0: trattano il lavoro non come un semplice costo, ma come un soggetto degno di dignit\u00e0, seguendo la priorit\u00e0 del lavoro sul capitale (San Giovanni Paolo II, Laborem Exercens, n. 12). Questo crea lealt\u00e0 ed eccellenza operativa.<\/p>\n<p style=\"text-align: left\">3. Sostenibilit\u00e0: servono il bene comune, garantendo che la loro licenza di operare sia radicata nel contributo sociale, non nello sfruttamento.<\/p>\n<p>\u00a0<\/p>\n<p style=\"text-align: center\"><strong><em>La virt\u00f9 non \u00e8 un freno alle prestazioni; Virt\u00f9 (Virtus) significa letteralmente \u201cForza\u201d.\u201d<\/em><\/strong><\/p>\n<p style=\"text-align: left\">\u00a0<\/p>\n<p>\u00a0<\/p>\n<p>\u00a0<\/p>\n<p style=\"text-align: left\"><span style=\"color: #ff00ff\">V. L'obiettivo: la santificazione del mondo<\/span><\/p>\n<p style=\"text-align: left\">Infine, rifiutiamo l'idea che la finanza sia un \u201cmale necessario\u201d. Abbracciamo la chiamata alla santit\u00e0 universale. Come insegnava San Josemar\u00eda Escriv\u00e1, dobbiamo santificare il nostro lavoro, santificare noi stessi nel nostro lavoro e santificare gli altri attraverso il nostro lavoro. Investire \u00e8 un lavoro. \u00c8 l'amministrazione dei talenti.<\/p>\n<p>\u00a0<\/p>\n<p style=\"text-align: center\"><em>\u201cIl legittimo perseguimento del profitto non \u00e8 in contrasto con l'obbligo di aiutare i poveri e di contribuire alla societ\u00e0... al contrario, se la logica economica viene utilizzata in modo corretto, pu\u00f2 essere uno strumento di solidariet\u00e0\u201d. (Compendio della Dottrina Sociale della Chiesa)<\/em><\/p>\n<p>\u00a0<\/p>\n<p style=\"text-align: left\">La Specificazione di Aquinas \u00e8 questa: impiegare il capitale con la precisione di un tomista e lo zelo di un apostolo. Non cerchiamo rendimenti per accumulare potere, ma per espandere il Regno e la libert\u00e0 della famiglia.<\/p>\n<p>\u00a0<\/p>\n<p>\u00a0<\/p>\n<p style=\"text-align: left\"><strong>Non compriamo il pagliaio. Compriamo l'ago. E l'ago \u00e8 la Verit\u00e0.<\/strong><\/p>\n<p style=\"text-align: left\">\u00a0<\/p>            <\/div>\r\n        <\/div>\r\n        \t\t\t\t<\/div>\n\t\t\t\t<\/div>\n\t\t\t\t\t<\/div>\n\t\t<\/div>\n\t\t\t\t\t<\/div>\n\t\t<\/section>\n\t\t\t\t<section class=\"elementor-section elementor-top-section elementor-element elementor-element-4bbfce6 elementor-section-boxed elementor-section-height-default elementor-section-height-default\" data-id=\"4bbfce6\" data-element_type=\"section\" data-e-type=\"section\">\n\t\t\t\t\t\t<div class=\"elementor-container elementor-column-gap-default\">\n\t\t\t\t\t<div class=\"elementor-column elementor-col-100 elementor-top-column elementor-element elementor-element-24abfcc\" data-id=\"24abfcc\" data-element_type=\"column\" data-e-type=\"column\">\n\t\t\t<div class=\"elementor-widget-wrap\">\n\t\t\t\t\t\t\t<\/div>\n\t\t<\/div>\n\t\t\t\t\t<\/div>\n\t\t<\/section>\n\t\t\t\t<section class=\"elementor-section elementor-top-section elementor-element elementor-element-c43e834 elementor-section-boxed elementor-section-height-default elementor-section-height-default\" data-id=\"c43e834\" data-element_type=\"section\" data-e-type=\"section\">\n\t\t\t\t\t\t<div class=\"elementor-container elementor-column-gap-default\">\n\t\t\t\t\t<div class=\"elementor-column elementor-col-100 elementor-top-column elementor-element elementor-element-ac181ac\" data-id=\"ac181ac\" data-element_type=\"column\" data-e-type=\"column\">\n\t\t\t<div class=\"elementor-widget-wrap\">\n\t\t\t\t\t\t\t<\/div>\n\t\t<\/div>\n\t\t\t\t\t<\/div>\n\t\t<\/section>\n\t\t\t\t<section class=\"elementor-section elementor-top-section elementor-element elementor-element-4a1f448 elementor-section-boxed elementor-section-height-default elementor-section-height-default\" data-id=\"4a1f448\" data-element_type=\"section\" data-e-type=\"section\">\n\t\t\t\t\t\t<div class=\"elementor-container elementor-column-gap-default\">\n\t\t\t\t\t<div class=\"elementor-column elementor-col-100 elementor-top-column elementor-element elementor-element-c857921\" data-id=\"c857921\" data-element_type=\"column\" data-e-type=\"column\">\n\t\t\t<div class=\"elementor-widget-wrap elementor-element-populated\">\n\t\t\t\t\t\t<div class=\"elementor-element elementor-element-6494c43 elementor-widget elementor-widget-single-service-widget\" data-id=\"6494c43\" data-element_type=\"widget\" data-e-type=\"widget\" data-widget_type=\"single-service-widget.default\">\n\t\t\t\t<div class=\"elementor-widget-container\">\n\t\t\t\t\t\r\n        <!-- Start Services Details Area -->\r\n            <div class=\"services-details-overview\">\r\n                <div class=\"services-details-desc text-left\">\r\n                    <h1>San Tommaso d'Aquino<\/h1>\r\n                    <p><span style=\"color: #ff00ff\"><strong>Il Dottore Angelico e la Filosofia Perenne<\/strong><\/span><\/p>\n<p>San Tommaso d'Aquino (XIII secolo), il \"Dottore della Chiesa\", \u00e8 il principale artefice della sintesi tra ragione e fede. La sua opera dimostra che la ragione pu\u00f2 conoscere oggettivamente l'ordine dell'essere e della natura, mentre la fede, fondata sulla Rivelazione Divina, eleva e perfeziona l'intelletto con verit\u00e0 che superano la capacit\u00e0 naturale senza mai contraddirla. Il suo metodo \u00e8 rigorosamente disciplinato: definire, distinguere, affrontare le obiezioni e concludere in stretta fedelt\u00e0 alla realt\u00e0.<\/p>\n<p>\u00a0<\/p>\n<p><span style=\"color: #ff00ff\">1. Una metafisica realista Al centro c'\u00e8 un realismo moderato:<\/span> il mondo \u00e8 intelligibile ed esiste indipendentemente dalla nostra mente.<\/p>\n<ul>\n<li>La persona: un'unit\u00e0 sostanziale di corpo e anima (ilomorfismo).<\/li>\n<li>Moralit\u00e0: non basata su sentimenti soggettivi o utilit\u00e0, ma sulla verit\u00e0 riguardo alla persona umana e al suo fine ultimo (telos).<\/li>\n<li>Virt\u00f9: non \u00e8 una semplice decorazione o routine; \u00e8 una buona abitudine operativa (habitus) che ordina stabilmente la libert\u00e0 umana verso il Bene.<\/li>\n<\/ul>\n<p>\u00a0<\/p>\n<p><span style=\"color: #ff00ff\">2. Il quadro aristotelico-tomistico \u00c8 una filosofia dell'essere.<\/span> Da Aristotele, Tommaso d'Aquinas integra strutture chiave per spiegare la realt\u00e0:<\/p>\n<ul>\n<li>Azione e potenza: spiega il cambiamento e il movimento (ci\u00f2 che una cosa \u00e8 ora rispetto a ci\u00f2 che pu\u00f2 diventare).<\/li>\n<li>Le quattro cause: per comprendere qualsiasi cosa, dobbiamo conoscerne la causa materiale (di cosa \u00e8 fatta), formale (cos'\u00e8), efficiente (chi l'ha creata) e finale (il suo scopo).<\/li>\n<li>Teleologia: ogni natura agisce per uno scopo; esiste un significato intrinseco nel cosmo. Tommaso d'Aquinas approfondisce questo concetto con la fondamentale distinzione tra Essenza (ci\u00f2 che una cosa \u00e8) e Atto dell'Essere (esse, ovvero il fatto che essa sia). Le creature non sono l'Essere stesso, ma partecipano all'Essere, ricevuto da Dio.<\/li>\n<\/ul>                <\/div>\r\n\r\n                <div class=\"services-details-image wow fadeInUp\">\r\n                    <img decoding=\"async\" class=\"\" src=\"https:\/\/air.triuvo.ai\/wp-content\/uploads\/2025\/12\/Diseno-sin-titulo-3.jpg\" alt=\"immagine\">\r\n                <\/div>\r\n            <\/div>\r\n\r\n            <div class=\"services-details-overview\">\r\n                <div class=\"services-details-image wow fadeInUp\">\r\n                    <img decoding=\"async\" class=\"\" src=\"https:\/\/air.triuvo.ai\/wp-content\/uploads\/2025\/12\/Diseno-sin-titulo-2.jpg\" alt=\"immagine\">\r\n                <\/div>\r\n\r\n                <div class=\"services-details-desc text-center\">\r\n                    <h3><\/h3>\r\n\r\n                    <ul>\n<li style=\"text-align: left\">Epistemologia: Nihil est in intellectu quod non prius fuerit in sensu (Nulla \u00e8 nell'intelletto che non sia stato prima nei sensi). La mente ricava gli universali dall'esperienza sensoriale; non \"crea\" la realt\u00e0.<\/li>\n<li style=\"text-align: left\">Etica e legge naturale: il bene umano \u00e8 fondato sulla natura umana. La ragione riconosce le inclinazioni naturali (alla vita, alla verit\u00e0, alla societ\u00e0) e formula i precetti della legge naturale. La prudenza (recta ratio agibilium) governa i mezzi per raggiungere questi fini.<\/li>\n<\/ul>\n<p style=\"text-align: left\">\u00a0<\/p>\n<p style=\"text-align: left\"><span style=\"color: #ff00ff\">3. La potenza del tomismo Il suo potere duraturo risiede nella sua portata globale:<\/span><\/p>\n<ul style=\"text-align: left\">\n<li>Unit\u00e0 speculativa: integra metafisica, antropologia e teologia senza contraddizioni interne. Confuta errori perenni quali la riduzione del bene a mera utilit\u00e0, della libert\u00e0 a licenza o della verit\u00e0 a consenso.<\/li>\n<li>Saggezza pratica: fornisce criteri stabili per il processo decisionale: fini adeguati, mezzi proporzionati, gerarchia dei beni e un sobrio realismo riguardo ai limiti umani e al bene comune.<\/li>\n<\/ul>\n<p style=\"text-align: left\">\u00a0<\/p>\n<p style=\"text-align: left\"><span style=\"color: #ff00ff\">4. Il fondamento dottrinale: fede e ragione Il principio guida \u00e8:<\/span> <em>\"La grazia non distrugge la natura, ma la presuppone e la perfeziona.\"<\/em><\/p>\n<ul>\n<li style=\"text-align: left\">L'unit\u00e0 della verit\u00e0: poich\u00e9 Dio \u00e8 l'Autore sia della natura creata (ragione) che della verit\u00e0 rivelata (fede), non pu\u00f2 esserci alcuna contraddizione autentica tra loro. La verit\u00e0 \u00e8 una.<\/li>\n<li style=\"text-align: left\">La Norma Suprema: mentre la ragione \u00e8 uno strumento necessario, la Rivelazione Divina \u2013 salvaguardata dal Magistero \u2013 \u00e8 la regola suprema, poich\u00e9 la Verit\u00e0 Prima non pu\u00f2 ingannare n\u00e9 essere ingannata.<\/li>\n<li style=\"text-align: left\">Correzione dell'errore: se una conclusione filosofica contraddice la Rivelazione, \u00e8 segno che la ragione ha sbagliato nel suo processo, non che la fede sia irrazionale.<\/li>\n<\/ul>\r\n                    <div class=\"services-details-accordion\">\r\n                        <ul class=\"accordion\">\r\n                            \r\n                        <\/ul>\r\n                    <\/div>\r\n                <\/div>\r\n            <\/div>\r\n        <!-- End Services Details Area -->\r\n        \t\t\t\t<\/div>\n\t\t\t\t<\/div>\n\t\t\t\t\t<\/div>\n\t\t<\/div>\n\t\t\t\t\t<\/div>\n\t\t<\/section>\n\t\t\t\t<\/div>","protected":false},"excerpt":{"rendered":"<p>THE AQUINAS SPECIFICATION The Architecture of Sanctified Capital A Doctrinal and Operational Manifesto \u00a0 \u00a0 I. The Preamble: The Unity of Vision We reject the modern dualism that severs the economic engine from the moral law. We affirm the opening truth of St. John Paul II: \u00a0 \u201cFaith and reason are like two wings on<\/p>","protected":false},"author":1,"featured_media":0,"parent":0,"menu_order":0,"comment_status":"closed","ping_status":"closed","template":"","meta":{"_acf_changed":false,"pmpro_default_level":"","_uag_custom_page_level_css":"","footnotes":""},"class_list":["post-2","page","type-page","status-publish","hentry","pmpro-has-access"],"acf":[],"uagb_featured_image_src":{"full":false,"thumbnail":false,"medium":false,"medium_large":false,"large":false,"1536x1536":false,"2048x2048":false,"trp-custom-language-flag":false,"plaby_card_thumb":false,"plaby_single_thumb":false,"woocommerce_thumbnail":false,"woocommerce_single":false,"woocommerce_gallery_thumbnail":false},"uagb_author_info":{"display_name":"LuarV-Admin","author_link":"https:\/\/air.triuvo.ai\/it\/author\/luarv-admin\/"},"uagb_comment_info":0,"uagb_excerpt":"THE AQUINAS SPECIFICATION The Architecture of Sanctified Capital A Doctrinal and Operational Manifesto \u00a0 \u00a0 I. The Preamble: The Unity of Vision We reject the modern dualism that severs the economic engine from the moral law. We affirm the opening truth of St. John Paul II: \u00a0 \u201cFaith and reason are like two wings on","_links":{"self":[{"href":"https:\/\/air.triuvo.ai\/it\/wp-json\/wp\/v2\/pages\/2","targetHints":{"allow":["GET"]}}],"collection":[{"href":"https:\/\/air.triuvo.ai\/it\/wp-json\/wp\/v2\/pages"}],"about":[{"href":"https:\/\/air.triuvo.ai\/it\/wp-json\/wp\/v2\/types\/page"}],"author":[{"embeddable":true,"href":"https:\/\/air.triuvo.ai\/it\/wp-json\/wp\/v2\/users\/1"}],"replies":[{"embeddable":true,"href":"https:\/\/air.triuvo.ai\/it\/wp-json\/wp\/v2\/comments?post=2"}],"version-history":[{"count":14,"href":"https:\/\/air.triuvo.ai\/it\/wp-json\/wp\/v2\/pages\/2\/revisions"}],"predecessor-version":[{"id":2305,"href":"https:\/\/air.triuvo.ai\/it\/wp-json\/wp\/v2\/pages\/2\/revisions\/2305"}],"wp:attachment":[{"href":"https:\/\/air.triuvo.ai\/it\/wp-json\/wp\/v2\/media?parent=2"}],"curies":[{"name":"wp","href":"https:\/\/api.w.org\/{rel}","templated":true}]}}