{"id":716,"date":"2022-09-27T08:22:34","date_gmt":"2022-09-27T08:22:34","guid":{"rendered":"http:\/\/136.116.241.105\/?page_id=716"},"modified":"2025-12-27T11:15:16","modified_gmt":"2025-12-27T10:15:16","slug":"metodo-2","status":"publish","type":"page","link":"https:\/\/air.triuvo.ai\/es\/metodo-2\/","title":{"rendered":"M\u00e9todo"},"content":{"rendered":"<div data-elementor-type=\"wp-page\" data-elementor-id=\"716\" class=\"elementor elementor-716\">\n\t\t\t\t\t\t<section class=\"elementor-section elementor-top-section elementor-element elementor-element-4eb5ed8 elementor-section-full_width elementor-section-height-default elementor-section-height-default\" data-id=\"4eb5ed8\" data-element_type=\"section\" data-e-type=\"section\">\n\t\t\t\t\t\t<div class=\"elementor-container elementor-column-gap-no\">\n\t\t\t\t\t<div class=\"elementor-column elementor-col-100 elementor-top-column elementor-element elementor-element-a5c0441\" data-id=\"a5c0441\" data-element_type=\"column\" data-e-type=\"column\">\n\t\t\t<div class=\"elementor-widget-wrap elementor-element-populated\">\n\t\t\t\t\t\t<div class=\"elementor-element elementor-element-8c7b509 elementor-widget elementor-widget-BannerSlider\" data-id=\"8c7b509\" data-element_type=\"widget\" data-e-type=\"widget\" data-widget_type=\"BannerSlider.default\">\n\t\t\t\t<div class=\"elementor-widget-container\">\n\t\t\t\t\t                    <div class=\"it-solutions-slides owl-carousel owl-theme\">\r\n                                <div class=\"it-solutions-item\" style=\"background-image:url(https:\/\/air.triuvo.ai\/wp-content\/uploads\/2022\/09\/banner-bg.jpg);\">\r\n                    <div class=\"container-fluid\">\r\n                        <div class=\"it-solutions-banner-content\">\r\n                            <h1>\r\n                                Investigaci\u00f3n, se\u00f1ales y carteras modelo                            <\/h1>\r\n\r\n                                                            <p>Aquinas Intelligence Report (AIR) es un sistema completo de investigaci\u00f3n de mercado, se\u00f1ales y carteras modelo basado en la filosof\u00eda tomista, la doctrina social cat\u00f3lica y la gesti\u00f3n moderna de riesgos. Est\u00e1 dise\u00f1ado para inversores, asesores, emprendedores y family offices que buscan rendimiento, coherencia moral y prudencia estrat\u00e9gica en un marco unificado. No vendemos &quot;el pr\u00f3ximo cohete&quot;. Ofrecemos una estructura disciplinada para tomar decisiones importantes en renta variable, futuros, renta fija y activos reales, sin traicionar su conciencia ni poner en riesgo el capital que se les ha confiado.<\/p>\r\n                                                                                        <div class=\"btn-box\">\r\n                                                                            <a href=\"https:\/\/air.triuvo.ai\/es\/?page_id=345\" class=\"btn btn-primary\"> Leer m\u00e1s<\/a>\r\n                                    \r\n                                                                            <a href=\"https:\/\/air.triuvo.ai\/es\/pongase-en-contacto-con\/\" class=\"btn btn-light\"> Empezar<\/a>\r\n                                                                    <\/div>\r\n                                                    <\/div>\r\n                    <\/div>\r\n                <\/div>\r\n                            <\/div>\r\n                \t\t\t\t<\/div>\n\t\t\t\t<\/div>\n\t\t\t\t\t<\/div>\n\t\t<\/div>\n\t\t\t\t\t<\/div>\n\t\t<\/section>\n\t\t\t\t<section class=\"elementor-section elementor-top-section elementor-element elementor-element-134b387 elementor-section-full_width elementor-section-height-default elementor-section-height-default\" data-id=\"134b387\" data-element_type=\"section\" data-e-type=\"section\">\n\t\t\t\t\t\t<div class=\"elementor-container elementor-column-gap-no\">\n\t\t\t\t\t<div class=\"elementor-column elementor-col-100 elementor-top-column elementor-element elementor-element-137bb69\" data-id=\"137bb69\" data-element_type=\"column\" data-e-type=\"column\">\n\t\t\t<div class=\"elementor-widget-wrap elementor-element-populated\">\n\t\t\t\t\t\t<div class=\"elementor-element elementor-element-26a226b elementor-widget elementor-widget-Featured\" data-id=\"26a226b\" data-element_type=\"widget\" data-e-type=\"widget\" data-widget_type=\"Featured.default\">\n\t\t\t\t<div class=\"elementor-widget-container\">\n\t\t\t\t\t                    <div class=\"boxes-area\">\r\n                <div class=\"container\">\r\n                    <div class=\"row justify-content-center\">\r\n                                                                    <\/div>\r\n                <\/div>\r\n            <\/div>\r\n                    \t\t\t\t<\/div>\n\t\t\t\t<\/div>\n\t\t\t\t\t<\/div>\n\t\t<\/div>\n\t\t\t\t\t<\/div>\n\t\t<\/section>\n\t\t\t\t<section class=\"elementor-section elementor-top-section elementor-element elementor-element-4ba43d5 elementor-section-full_width elementor-section-height-default elementor-section-height-default\" data-id=\"4ba43d5\" data-element_type=\"section\" data-e-type=\"section\">\n\t\t\t\t\t\t<div class=\"elementor-container elementor-column-gap-no\">\n\t\t\t\t\t<div class=\"elementor-column elementor-col-100 elementor-top-column elementor-element elementor-element-1f02432\" data-id=\"1f02432\" data-element_type=\"column\" data-e-type=\"column\">\n\t\t\t<div class=\"elementor-widget-wrap elementor-element-populated\">\n\t\t\t\t\t\t<div class=\"elementor-element elementor-element-9ef7e62 elementor-widget elementor-widget-spacer\" data-id=\"9ef7e62\" data-element_type=\"widget\" data-e-type=\"widget\" data-widget_type=\"spacer.default\">\n\t\t\t\t<div class=\"elementor-widget-container\">\n\t\t\t\t\t\t\t<div class=\"elementor-spacer\">\n\t\t\t<div class=\"elementor-spacer-inner\"><\/div>\n\t\t<\/div>\n\t\t\t\t\t\t<\/div>\n\t\t\t\t<\/div>\n\t\t\t\t<div class=\"elementor-element elementor-element-d078c9c elementor-widget elementor-widget-about-us-widget\" data-id=\"d078c9c\" data-element_type=\"widget\" data-e-type=\"widget\" data-widget_type=\"about-us-widget.default\">\n\t\t\t\t<div class=\"elementor-widget-container\">\n\t\t\t\t\t\r\n        <!-- Start About Area -->\r\n                        <section class=\"about-area pb-100\">\r\n                    <div class=\"container-fluid\">\r\n                        <div class=\"row align-items-center\">\r\n                            <div class=\"col-lg-6 col-md-12\">\r\n                                <div class=\"about-image-wp\">\r\n                                    <img decoding=\"async\" src=\"https:\/\/air.triuvo.ai\/wp-content\/uploads\/2025\/12\/HOME1.jpg\" alt=\"imagen\">\r\n                                <\/div>\r\n                            <\/div>\r\n\r\n                            <div class=\"col-lg-6 col-md-12\">\r\n                                <div class=\"about-content\">\r\n                                    <div class=\"content\">\r\n                                        <span><\/span>\r\n                                        <h2>\u00bfQu\u00e9 hubiera pasado si hubieras tenido a Aquinas el a\u00f1o pasado?<\/h2>\r\n                                        <p class=\"p1\">Imaginemos el a\u00f1o pasado en los mercados: fuertes subidas, ca\u00eddas repentinas, titulares de guerra, inflaci\u00f3n, bancos centrales y ruido interminable.<\/p><p class=\"p1\"><i><b>Ahora preg\u00fantate honestamente:<\/b><\/i><\/p><p class=\"p1\">\u00bfSab\u00edas realmente cu\u00e1ndo era el momento de reducir el riesgo y cu\u00e1ndo pod\u00edas aumentarlo de forma segura?<\/p><p class=\"p1\">\u00bfPodr\u00eda usted distinguir entre el ruido medi\u00e1tico y los cambios reales de r\u00e9gimen?<\/p><p class=\"p1\">\u00bfSab\u00edas qu\u00e9 empresas o sectores eran incompatibles con tu fe, incluso aunque parecieran \u201crentables\u201d?<\/p><p class=\"p1\">\u00bfTen\u00edas un marco para decidir cu\u00e1nta liquidez mantener y cu\u00e1ndo dejar de operar por simple prudencia?<\/p>                                                                            <\/div>\r\n                                <\/div>\r\n                            <\/div>\r\n                        <\/div>\r\n                    <\/div>\r\n                <\/section>\r\n                <!-- End About Area -->\r\n        \t\t\t\t<\/div>\n\t\t\t\t<\/div>\n\t\t\t\t<div class=\"elementor-element elementor-element-fe85f16 elementor-widget elementor-widget-about-us-widget\" data-id=\"fe85f16\" data-element_type=\"widget\" data-e-type=\"widget\" data-widget_type=\"about-us-widget.default\">\n\t\t\t\t<div class=\"elementor-widget-container\">\n\t\t\t\t\t\r\n        <!-- Start About Area -->\r\n         \r\n                <div class=\"about-area ptb-90\">\r\n                    <div class=\"container\">\r\n                        <div class=\"row align-items-center\">\r\n                            <div class=\"col-lg-6 col-md-12\">\r\n                                <div class=\"about-image\">\r\n                                    <img decoding=\"async\" class=\"\" src=\"https:\/\/air.triuvo.ai\/wp-content\/uploads\/2022\/09\/about-img2.jpg\" alt=\"imagen\">\r\n                                    <img decoding=\"async\" class=\"\" src=\"https:\/\/air.triuvo.ai\/wp-content\/uploads\/2025\/12\/HOME2.jpg\" alt=\"imagen\">\r\n                                <\/div>\r\n                            <\/div>\r\n                            <div class=\"col-lg-6 col-md-12\">\r\n                                <div class=\"about-content text-right\">\r\n                                    <span><\/span>\r\n                                    <h2>Con el Informe de Inteligencia de Aquinas (AIR), usted habr\u00eda tenido:<\/h2>\r\n                                    <ul><li class=\"p1\">Una c\u00e1psula diaria de contexto para comenzar el d\u00eda con claridad, sin ansiedad.<\/li><li class=\"p1\">Carteras modelo prudentes con bandas de exposici\u00f3n razonables.<\/li><li class=\"p1\">Se\u00f1ales concretas s\u00f3lo cuando el mercado ofrece oportunidades reales, no en cada rebote.<\/li><li class=\"p1\">Art\u00edculos privados y sesiones de preguntas y respuestas que explican la l\u00f3gica detr\u00e1s de cada decisi\u00f3n, para que puedas aprender de cada movimiento.<\/li><li class=\"p1\">Y un compa\u00f1ero de estudio \u2014\u00a0<i>Aquinas AI<\/i>\u00a0\u2014preguntar cuando algo no cuadraba.<\/li><li class=\"p1\">El objetivo no es que \u201chayas hecho todo bien\u201d.\u201d<\/li><li class=\"p1\">Lo que pasa es que no habr\u00edas tomado decisiones graves e imprudentes y que cada paso que habr\u00edas dado habr\u00eda estado alineado con tu conciencia y con la realidad econ\u00f3mica.<\/li><\/ul>                                                                    <\/div>\r\n                            <\/div>\r\n                        <\/div>\r\n\r\n                        <div class=\"about-inner-area\">\r\n                            <div class=\"row\">                             <\/div>\r\n                        <\/div>\r\n                    <\/div>\r\n                \r\n                                    <div class=\"shape14\">\r\n                        <img decoding=\"async\" class=\"\" src=\"https:\/\/air.triuvo.ai\/wp-content\/themes\/plaby\/assets\/img\/shape\/13.svg\" alt=\"Shape\">\r\n                    <\/div>\r\n                    <div class=\"shape2\">\r\n                        <img decoding=\"async\" class=\"\" src=\"https:\/\/air.triuvo.ai\/wp-content\/themes\/plaby\/assets\/img\/shape\/18.png\" alt=\"Shape\">\r\n                    <\/div>\r\n                            <\/div>\r\n                    <!-- End About Area -->\r\n        \t\t\t\t<\/div>\n\t\t\t\t<\/div>\n\t\t\t\t\t<\/div>\n\t\t<\/div>\n\t\t\t\t\t<\/div>\n\t\t<\/section>\n\t\t\t\t<section class=\"elementor-section elementor-top-section elementor-element elementor-element-e89444c elementor-section-full_width elementor-section-height-default elementor-section-height-default\" data-id=\"e89444c\" data-element_type=\"section\" data-e-type=\"section\">\n\t\t\t\t\t\t<div class=\"elementor-container elementor-column-gap-no\">\n\t\t\t\t\t<div class=\"elementor-column elementor-col-100 elementor-top-column elementor-element elementor-element-2a8a293\" data-id=\"2a8a293\" data-element_type=\"column\" data-e-type=\"column\">\n\t\t\t<div class=\"elementor-widget-wrap\">\n\t\t\t\t\t\t\t<\/div>\n\t\t<\/div>\n\t\t\t\t\t<\/div>\n\t\t<\/section>\n\t\t\t\t<div class=\"elementor-section elementor-top-section elementor-element elementor-element-66da5cc elementor-section-full_width bg-f7f9fb elementor-section-height-default elementor-section-height-default\" data-id=\"66da5cc\" data-element_type=\"section\" data-e-type=\"section\">\n\t\t\t\t\t\t<div class=\"elementor-container elementor-column-gap-no\">\n\t\t\t\t\t<div class=\"elementor-column elementor-col-100 elementor-top-column elementor-element elementor-element-4e37b79\" data-id=\"4e37b79\" data-element_type=\"column\" data-e-type=\"column\">\n\t\t\t<div class=\"elementor-widget-wrap elementor-element-populated\">\n\t\t\t\t\t\t<div class=\"elementor-element elementor-element-15bb73b elementor-widget elementor-widget-spacer\" data-id=\"15bb73b\" data-element_type=\"widget\" data-e-type=\"widget\" data-widget_type=\"spacer.default\">\n\t\t\t\t<div class=\"elementor-widget-container\">\n\t\t\t\t\t\t\t<div class=\"elementor-spacer\">\n\t\t\t<div class=\"elementor-spacer-inner\"><\/div>\n\t\t<\/div>\n\t\t\t\t\t\t<\/div>\n\t\t\t\t<\/div>\n\t\t\t\t\t<\/div>\n\t\t<\/div>\n\t\t\t\t\t<\/div>\n\t\t<\/div>\n\t\t\t\t<div class=\"elementor-section elementor-top-section elementor-element elementor-element-dca90a0 elementor-section-full_width elementor-section-height-default elementor-section-height-default\" data-id=\"dca90a0\" data-element_type=\"section\" data-e-type=\"section\">\n\t\t\t\t\t\t<div class=\"elementor-container elementor-column-gap-no\">\n\t\t\t\t\t<div class=\"elementor-column elementor-col-100 elementor-top-column elementor-element elementor-element-9230a6c\" data-id=\"9230a6c\" data-element_type=\"column\" data-e-type=\"column\">\n\t\t\t<div class=\"elementor-widget-wrap elementor-element-populated\">\n\t\t\t\t\t\t<div class=\"elementor-element elementor-element-490b6cf elementor-widget elementor-widget-plaby-banner-widget\" data-id=\"490b6cf\" data-element_type=\"widget\" data-e-type=\"widget\" data-widget_type=\"plaby-banner-widget.default\">\n\t\t\t\t<div class=\"elementor-widget-container\">\n\t\t\t\t\t\r\n        <!-- Start Main Banner Area -->\r\n                   \r\n                        <div class=\"it-services-banner-area\" style=\"background-image: url(https:\/\/air.triuvo.ai\/wp-content\/uploads\/2025\/12\/Unstructured-Data-2-scaled.png )\">\r\n                                <div class=\"container-fluid\">\r\n                    <div class=\"row align-items-center\">\r\n                        <div class=\"col-lg-6 col-md-12\">\r\n                            <div class=\"it-services-banner-content\">\r\n                                <h1  ><\/h1>\r\n\r\n                                                                                            <\/div>\r\n                        <\/div>\r\n                        \r\n                        \r\n                                            <\/div>\r\n                <\/div>\r\n            <\/div>\r\n                <!-- End Main Banner Area -->\r\n        \t\t\t\t<\/div>\n\t\t\t\t<\/div>\n\t\t\t\t<div class=\"elementor-element elementor-element-b4f48b8 elementor-widget elementor-widget-spacer\" data-id=\"b4f48b8\" data-element_type=\"widget\" data-e-type=\"widget\" data-widget_type=\"spacer.default\">\n\t\t\t\t<div class=\"elementor-widget-container\">\n\t\t\t\t\t\t\t<div class=\"elementor-spacer\">\n\t\t\t<div class=\"elementor-spacer-inner\"><\/div>\n\t\t<\/div>\n\t\t\t\t\t\t<\/div>\n\t\t\t\t<\/div>\n\t\t\t\t\t<\/div>\n\t\t<\/div>\n\t\t\t\t\t<\/div>\n\t\t<\/div>\n\t\t\t\t<section class=\"elementor-section elementor-top-section elementor-element elementor-element-b3dcf00 elementor-section-full_width elementor-section-height-default elementor-section-height-default\" data-id=\"b3dcf00\" data-element_type=\"section\" data-e-type=\"section\">\n\t\t\t\t\t\t<div class=\"elementor-container elementor-column-gap-no\">\n\t\t\t\t\t<div class=\"elementor-column elementor-col-100 elementor-top-column elementor-element elementor-element-a2a435f\" data-id=\"a2a435f\" data-element_type=\"column\" data-e-type=\"column\">\n\t\t\t<div class=\"elementor-widget-wrap elementor-element-populated\">\n\t\t\t\t\t\t<div class=\"elementor-element elementor-element-c10dc31 elementor-widget elementor-widget-cta-widget\" data-id=\"c10dc31\" data-element_type=\"widget\" data-e-type=\"widget\" data-widget_type=\"cta-widget.default\">\n\t\t\t\t<div class=\"elementor-widget-container\">\n\t\t\t\t\t\r\n        <!-- Start CTA Area -->\r\n                    <div class=\"cta-area jarallax\" data-jarallax='{\"speed\": 0.3}' style=\"background-image: url(https:\/\/air.triuvo.ai\/wp-content\/uploads\/2022\/09\/build-bg.jpg )\">\r\n                <div class=\"container\">\r\n                    <div class=\"cta-content text-left\">\r\n                        <span>\u00bfListo para pensar y no especular?<\/span>\r\n                        <h2>Trae prudencia a cada decisi\u00f3n<\/h2>\r\n                                                                                    <a target=\"_blank\" href=\"https:\/\/air.triuvo.ai\/es\/contacto-directo\/\" class=\"btn btn-primary\">Cont\u00e1ctenos<\/a>                                            <\/div>\r\n                <\/div>\r\n            <\/div>\r\n                    <!-- End CTA Area -->\r\n    \t\t\t\t<\/div>\n\t\t\t\t<\/div>\n\t\t\t\t\t<\/div>\n\t\t<\/div>\n\t\t\t\t\t<\/div>\n\t\t<\/section>\n\t\t\t\t<\/div>","protected":false},"excerpt":{"rendered":"<p>Research, Signals, and Model Portfolios Aquinas Intelligence Report (AIR) is a complete system of market research, signals, and model portfolios built on Thomistic philosophy, Catholic social doctrine, and modern risk management. It is designed for investors, advisors, entrepreneurs, and family offices seeking performance, moral coherence, and strategic prudence in one unified framework. We don\u2019t sell<\/p>","protected":false},"author":1,"featured_media":0,"parent":0,"menu_order":0,"comment_status":"closed","ping_status":"closed","template":"elementor_header_footer","meta":{"_acf_changed":false,"pmpro_default_level":"","_uag_custom_page_level_css":"","footnotes":""},"class_list":["post-716","page","type-page","status-publish","hentry","pmpro-has-access"],"acf":[],"uagb_featured_image_src":{"full":false,"thumbnail":false,"medium":false,"medium_large":false,"large":false,"1536x1536":false,"2048x2048":false,"trp-custom-language-flag":false,"plaby_card_thumb":false,"plaby_single_thumb":false,"woocommerce_thumbnail":false,"woocommerce_single":false,"woocommerce_gallery_thumbnail":false},"uagb_author_info":{"display_name":"LuarV-Admin","author_link":"https:\/\/air.triuvo.ai\/es\/author\/luarv-admin\/"},"uagb_comment_info":0,"uagb_excerpt":"Research, Signals, and Model Portfolios Aquinas Intelligence Report (AIR) is a complete system of market research, signals, and model portfolios built on Thomistic philosophy, Catholic social doctrine, and modern risk management. It is designed for investors, advisors, entrepreneurs, and family offices seeking performance, moral coherence, and strategic prudence in one unified framework. We don\u2019t sell","_links":{"self":[{"href":"https:\/\/air.triuvo.ai\/es\/wp-json\/wp\/v2\/pages\/716","targetHints":{"allow":["GET"]}}],"collection":[{"href":"https:\/\/air.triuvo.ai\/es\/wp-json\/wp\/v2\/pages"}],"about":[{"href":"https:\/\/air.triuvo.ai\/es\/wp-json\/wp\/v2\/types\/page"}],"author":[{"embeddable":true,"href":"https:\/\/air.triuvo.ai\/es\/wp-json\/wp\/v2\/users\/1"}],"replies":[{"embeddable":true,"href":"https:\/\/air.triuvo.ai\/es\/wp-json\/wp\/v2\/comments?post=716"}],"version-history":[{"count":161,"href":"https:\/\/air.triuvo.ai\/es\/wp-json\/wp\/v2\/pages\/716\/revisions"}],"predecessor-version":[{"id":2215,"href":"https:\/\/air.triuvo.ai\/es\/wp-json\/wp\/v2\/pages\/716\/revisions\/2215"}],"wp:attachment":[{"href":"https:\/\/air.triuvo.ai\/es\/wp-json\/wp\/v2\/media?parent=716"}],"curies":[{"name":"wp","href":"https:\/\/api.w.org\/{rel}","templated":true}]}}