{"id":2,"date":"2021-03-18T10:14:51","date_gmt":"2021-03-18T10:14:51","guid":{"rendered":"http:\/\/136.116.241.105\/?page_id=2"},"modified":"2025-12-30T01:34:48","modified_gmt":"2025-12-30T00:34:48","slug":"doctrina","status":"publish","type":"page","link":"https:\/\/air.triuvo.ai\/es\/doctrina\/","title":{"rendered":"Doctrina"},"content":{"rendered":"<div data-elementor-type=\"wp-page\" data-elementor-id=\"2\" class=\"elementor elementor-2\">\n\t\t\t\t\t\t<section class=\"elementor-section elementor-top-section elementor-element elementor-element-169ac773 elementor-section-boxed elementor-section-height-default elementor-section-height-default\" data-id=\"169ac773\" data-element_type=\"section\" data-e-type=\"section\">\n\t\t\t\t\t\t<div class=\"elementor-container elementor-column-gap-default\">\n\t\t\t\t\t<div class=\"elementor-column elementor-col-100 elementor-top-column elementor-element elementor-element-77f85b63\" data-id=\"77f85b63\" data-element_type=\"column\" data-e-type=\"column\">\n\t\t\t<div class=\"elementor-widget-wrap elementor-element-populated\">\n\t\t\t\t\t\t<div class=\"elementor-element elementor-element-a6057e0 elementor-widget elementor-widget-spacer\" data-id=\"a6057e0\" data-element_type=\"widget\" data-e-type=\"widget\" data-widget_type=\"spacer.default\">\n\t\t\t\t<div class=\"elementor-widget-container\">\n\t\t\t\t\t\t\t<div class=\"elementor-spacer\">\n\t\t\t<div class=\"elementor-spacer-inner\"><\/div>\n\t\t<\/div>\n\t\t\t\t\t\t<\/div>\n\t\t\t\t<\/div>\n\t\t\t\t<section class=\"elementor-section elementor-inner-section elementor-element elementor-element-60263b0 elementor-section-boxed elementor-section-height-default elementor-section-height-default\" data-id=\"60263b0\" data-element_type=\"section\" data-e-type=\"section\">\n\t\t\t\t\t\t<div class=\"elementor-container elementor-column-gap-default\">\n\t\t\t\t\t<div class=\"elementor-column elementor-col-100 elementor-inner-column elementor-element elementor-element-c062a66\" data-id=\"c062a66\" data-element_type=\"column\" data-e-type=\"column\">\n\t\t\t<div class=\"elementor-widget-wrap\">\n\t\t\t\t\t\t\t<\/div>\n\t\t<\/div>\n\t\t\t\t\t<\/div>\n\t\t<\/section>\n\t\t\t\t<div class=\"elementor-element elementor-element-36a05da elementor-widget elementor-widget-PlabySection\" data-id=\"36a05da\" data-element_type=\"widget\" data-e-type=\"widget\" data-widget_type=\"PlabySection.default\">\n\t\t\t\t<div class=\"elementor-widget-container\">\n\t\t\t\t\t\r\n        <div class=\"container\">\r\n            <div class=\"section-title  text-center\">\r\n                <span> LA ESPECIFICACI\u00d3N DE AQUINO <\/span>\r\n                <h2 class=\"title\">La arquitectura del capital santificado<\/h2>\r\n                <p style=\"text-align: center\"><i>Un Manifiesto Doctrinal y Operacional<\/i><\/p>\n<p style=\"text-align: left\">\u00a0<\/p>\n<p>\u00a0<\/p>\n<p style=\"text-align: left\"><span style=\"color: #ff00ff\">I. El Pre\u00e1mbulo: La Unidad de la Visi\u00f3n<\/span><\/p>\n<p style=\"text-align: left\">Rechazamos el dualismo moderno que separa el motor econ\u00f3mico de la ley moral. Afirmamos la verdad inicial de San Juan Pablo II:<\/p>\n<p>\u00a0<\/p>\n<p style=\"padding-left: 40px;text-align: left\"><em>\u201cLa fe y la raz\u00f3n son como dos alas con las que el esp\u00edritu humano se eleva hacia la contemplaci\u00f3n de la verdad; y Dios ha puesto en el coraz\u00f3n humano el deseo de conocer la verdad \u2014en una palabra, de conocerse a s\u00ed mismo\u2014 para que, conociendo y amando a Dios, los hombres puedan tambi\u00e9n llegar a la plenitud de la verdad sobre s\u00ed mismos. (San Juan Pablo II, Fides et Ratio, Bendici\u00f3n inicial)<\/em><\/p>\n<p>\u00a0<\/p>\n<p style=\"text-align: left\">En el \u00e1mbito del capital, esto no es una met\u00e1fora; es un imperativo operativo. La Raz\u00f3n (Ratio) analiza las causas materiales y eficientes de un negocio (balances, flujos de caja). La Fe (Fides) ilumina las causas formales y finales (la naturaleza del negocio y su fin \u00faltimo). Invertir con una sola ala es volar en c\u00edrculos, chocando inevitablemente con consecuencias imprevistas. Postulamos que la Recta Raz\u00f3n (Recta Ratio) y la Ley Divina no son fuerzas opuestas. Son el est\u00e1ndar unificado de la Realidad.<\/p>\n<p>\u00a0<\/p>\n<p>\u00a0<\/p>\n<p>\u00a0<\/p>\n<p style=\"text-align: left\"><span style=\"color: #ff00ff\">II. El diagn\u00f3stico: el error de la complicidad pasiva<\/span><\/p>\n<p style=\"text-align: left\">El enfoque est\u00e1ndar para la asignaci\u00f3n de capital \u2014el \u00edndice &quot;neutral al mercado&quot; (p. ej., el S&amp;P 500)\u2014 es una falacia teol\u00f3gica. Presupone que el capital puede ser neutral. Pero Santo Tom\u00e1s Aquinas ense\u00f1a que ninguna acci\u00f3n humana que provenga de una voluntad deliberada es moralmente indiferente (Summa Theologiae, I-II, q. 18, a. 9).<\/p>\n<p>\u00a0<\/p>\n<p style=\"text-align: left\">Al comprar el \u00edndice, el inversor participa en una cooperaci\u00f3n sustancial con las acciones espec\u00edficas de las empresas que lo componen. Cuando estas empresas promueven la destrucci\u00f3n de vidas, la disoluci\u00f3n de la familia o la explotaci\u00f3n de los vulnerables, el inversor pasivo proporciona la liquidez que sustenta estos des\u00f3rdenes. Benedicto XVI nos advirti\u00f3 expl\u00edcitamente:<\/p>\n<p>\u00a0<\/p>\n<p style=\"text-align: center\"><em>\u201c...toda decisi\u00f3n econ\u00f3mica tiene una consecuencia moral.\u201d<\/em><\/p>\n<p style=\"text-align: center\"><em>(Benedicto XVI, Caritas in Veritate, n. 37)<\/em><\/p>\n<p>\u00a0<\/p>\n<p style=\"text-align: left\">Reclamar la \u201cdiversificaci\u00f3n\u201d como excusa para financiar el mal intr\u00ednseco es sacrificar el Alma.<\/p>\n<p style=\"text-align: left\">en aras de una desviaci\u00f3n est\u00e1ndar reducida. Es un fallo de la prudencia, que act\u00faa como<\/p>\n<p style=\"text-align: left\">\u201cauriga de las virtudes\u201d (ST II-II, q. 47).<\/p>\n<p>\u00a0<\/p>\n<p>\u00a0<\/p>\n<p style=\"text-align: left\"><span style=\"color: #ff00ff\">III. El m\u00e9todo: el veto ontol\u00f3gico<\/span><\/p>\n<p style=\"text-align: left\">Introducimos el Veto Ontol\u00f3gico. Esto no es simplemente &quot;excluir el pecado&quot;. Es un reconocimiento de la naturaleza del mal. Como define Santo Tom\u00e1s, el mal es privatio boni: una privaci\u00f3n del bien que deber\u00eda estar presente (ST I, q. 48, a. 1). El mal es una falta de ser; es un defecto estructural.<\/p>\n<p style=\"text-align: left\">\u2022 Fragilidad: Una empresa que se beneficia de la adicci\u00f3n es estructuralmente fr\u00e1gil; se basa en la esclavitud de su base de clientes.<\/p>\n<p style=\"text-align: left\">\u2022 Suicidio: Una empresa que se beneficia de la esterilidad (aborto\/anticoncepci\u00f3n) es estructuralmente suicida; destruye la futura fuerza laboral y la demanda del mercado de la que depende.<\/p>\n<p style=\"text-align: left\">Por lo tanto, nuestra exclusi\u00f3n de estas entidades no es solo un deber moral, sino una estrategia superior de gesti\u00f3n de riesgos. No solo evitamos las empresas &quot;malas&quot;, sino tambi\u00e9n las entidades ontol\u00f3gicamente defectuosas y en conflicto con el orden natural.<\/p>\n<p style=\"text-align: left\">\u00a0<\/p>\n<p>\u00a0<\/p>\n<p style=\"text-align: left\"><span style=\"color: #ff00ff\">IV. La Proposici\u00f3n: Resiliencia a trav\u00e9s de la Ley Natural<\/span><\/p>\n<p style=\"text-align: left\">\u00bfPor qu\u00e9 es superior una cartera alineada con la Ley Natural? Porque la Ley Natural es el manual de instrucciones del desarrollo humano. Las empresas que se alinean con esta ley \u2014apoyando la familia, la dignidad laboral y la creaci\u00f3n de valor real\u2014 se mueven con la corriente de la Realidad.<\/p>\n<p>\u00a0<\/p>\n<p style=\"text-align: left\">1. Estabilidad: No temen la luz de la verdad ni la correcci\u00f3n regulatoria.<\/p>\n<p style=\"text-align: left\">2. Lealtad: Tratan el trabajo no como un mero costo, sino como un objeto de dignidad, siguiendo la prioridad del trabajo sobre el capital (San Juan Pablo II, Laborem Exercens, n. 12). Esto genera lealtad y excelencia operativa.<\/p>\n<p style=\"text-align: left\">3. Sostenibilidad: Sirven al bien com\u00fan, garantizando que su licencia para operar est\u00e9 basada en la contribuci\u00f3n social, no en la extracci\u00f3n.<\/p>\n<p>\u00a0<\/p>\n<p style=\"text-align: center\"><strong><em>La virtud no es un impuesto al rendimiento; Virtud (Virtus) significa literalmente \u201cFuerza\u201d.\u201d<\/em><\/strong><\/p>\n<p style=\"text-align: left\">\u00a0<\/p>\n<p>\u00a0<\/p>\n<p>\u00a0<\/p>\n<p style=\"text-align: left\"><span style=\"color: #ff00ff\">V. La meta: la santificaci\u00f3n del mundo<\/span><\/p>\n<p style=\"text-align: left\">Finalmente, rechazamos la idea de que las finanzas sean un mal necesario. Abrazamos la llamada a la santidad universal. Como ense\u00f1\u00f3 san Josemar\u00eda Escriv\u00e1 de Balaguer, debemos santificar nuestro trabajo, santificarnos en \u00e9l y santificar a los dem\u00e1s a trav\u00e9s de \u00e9l. Invertir es trabajo. Es la administraci\u00f3n de los talentos.<\/p>\n<p>\u00a0<\/p>\n<p style=\"text-align: center\"><em>\u201cLa leg\u00edtima b\u00fasqueda del beneficio no entra en conflicto con la obligaci\u00f3n de ayudar a los pobres y contribuir a la sociedad... al contrario, si la l\u00f3gica econ\u00f3mica se utiliza correctamente, puede ser un instrumento de solidaridad.\u201d (Compendio de la Doctrina Social de la Iglesia)<\/em><\/p>\n<p>\u00a0<\/p>\n<p style=\"text-align: left\">La especificaci\u00f3n Aquinas es esta: desplegar el capital con la precisi\u00f3n de un tomista y el celo de un ap\u00f3stol. Buscamos ganancias no para la acumulaci\u00f3n de poder, sino para la expansi\u00f3n del Reino y la libertad de la familia.<\/p>\n<p>\u00a0<\/p>\n<p>\u00a0<\/p>\n<p style=\"text-align: left\"><strong>No compramos el pajar. Compramos la aguja. Y la aguja es la Verdad.<\/strong><\/p>\n<p style=\"text-align: left\">\u00a0<\/p>            <\/div>\r\n        <\/div>\r\n        \t\t\t\t<\/div>\n\t\t\t\t<\/div>\n\t\t\t\t\t<\/div>\n\t\t<\/div>\n\t\t\t\t\t<\/div>\n\t\t<\/section>\n\t\t\t\t<section class=\"elementor-section elementor-top-section elementor-element elementor-element-4bbfce6 elementor-section-boxed elementor-section-height-default elementor-section-height-default\" data-id=\"4bbfce6\" data-element_type=\"section\" data-e-type=\"section\">\n\t\t\t\t\t\t<div class=\"elementor-container elementor-column-gap-default\">\n\t\t\t\t\t<div class=\"elementor-column elementor-col-100 elementor-top-column elementor-element elementor-element-24abfcc\" data-id=\"24abfcc\" data-element_type=\"column\" data-e-type=\"column\">\n\t\t\t<div class=\"elementor-widget-wrap\">\n\t\t\t\t\t\t\t<\/div>\n\t\t<\/div>\n\t\t\t\t\t<\/div>\n\t\t<\/section>\n\t\t\t\t<section class=\"elementor-section elementor-top-section elementor-element elementor-element-c43e834 elementor-section-boxed elementor-section-height-default elementor-section-height-default\" data-id=\"c43e834\" data-element_type=\"section\" data-e-type=\"section\">\n\t\t\t\t\t\t<div class=\"elementor-container elementor-column-gap-default\">\n\t\t\t\t\t<div class=\"elementor-column elementor-col-100 elementor-top-column elementor-element elementor-element-ac181ac\" data-id=\"ac181ac\" data-element_type=\"column\" data-e-type=\"column\">\n\t\t\t<div class=\"elementor-widget-wrap\">\n\t\t\t\t\t\t\t<\/div>\n\t\t<\/div>\n\t\t\t\t\t<\/div>\n\t\t<\/section>\n\t\t\t\t<section class=\"elementor-section elementor-top-section elementor-element elementor-element-4a1f448 elementor-section-boxed elementor-section-height-default elementor-section-height-default\" data-id=\"4a1f448\" data-element_type=\"section\" data-e-type=\"section\">\n\t\t\t\t\t\t<div class=\"elementor-container elementor-column-gap-default\">\n\t\t\t\t\t<div class=\"elementor-column elementor-col-100 elementor-top-column elementor-element elementor-element-c857921\" data-id=\"c857921\" data-element_type=\"column\" data-e-type=\"column\">\n\t\t\t<div class=\"elementor-widget-wrap elementor-element-populated\">\n\t\t\t\t\t\t<div class=\"elementor-element elementor-element-6494c43 elementor-widget elementor-widget-single-service-widget\" data-id=\"6494c43\" data-element_type=\"widget\" data-e-type=\"widget\" data-widget_type=\"single-service-widget.default\">\n\t\t\t\t<div class=\"elementor-widget-container\">\n\t\t\t\t\t\r\n        <!-- Start Services Details Area -->\r\n            <div class=\"services-details-overview\">\r\n                <div class=\"services-details-desc text-left\">\r\n                    <h1>Santo Tom\u00e1s Aquinas<\/h1>\r\n                    <p><span style=\"color: #ff00ff\"><strong>El Doctor Ang\u00e9lico y la Filosof\u00eda Perenne<\/strong><\/span><\/p>\n<p>Santo Tom\u00e1s Aquinas (siglo XIII), el &quot;Doctor Com\u00fan&quot; de la Iglesia, es el principal art\u00edfice de la s\u00edntesis entre la raz\u00f3n y la fe. Su obra demuestra que la raz\u00f3n puede conocer objetivamente el orden del ser y la naturaleza, mientras que la fe, fundada en la Revelaci\u00f3n Divina, eleva y perfecciona el intelecto con verdades que superan la capacidad natural sin contradecirla jam\u00e1s. Su m\u00e9todo es rigurosamente disciplinado: define, distingue, responde a las objeciones y concluye con estricta fidelidad a la realidad.<\/p>\n<p>\u00a0<\/p>\n<p><span style=\"color: #ff00ff\">1. Una metaf\u00edsica realista En el centro se encuentra el realismo moderado:<\/span> El mundo es inteligible y existe independientemente de nuestra mente.<\/p>\n<ul>\n<li>La Persona: Unidad sustancial de cuerpo y alma (hilomorfismo).<\/li>\n<li>Moralidad: No se basa en el sentimiento subjetivo o la utilidad, sino en la verdad sobre la persona humana y su fin \u00faltimo (telos).<\/li>\n<li>Virtud: No es mera decoraci\u00f3n o rutina; es un buen h\u00e1bito operativo (habitus) que ordena establemente la libertad humana hacia el Bien.<\/li>\n<\/ul>\n<p>\u00a0<\/p>\n<p><span style=\"color: #ff00ff\">2. El marco aristot\u00e9lico-tomista Es una filosof\u00eda del ser.<\/span> A partir de Arist\u00f3teles, Aquinas integra estructuras claves para explicar la realidad:<\/p>\n<ul>\n<li>Acto y potencia: explica el cambio y el movimiento (lo que una cosa es ahora versus lo que puede llegar a ser).<\/li>\n<li>Las Cuatro Causas: Para entender algo, debemos conocer su Material (de qu\u00e9 est\u00e1 hecho), Formal (qu\u00e9 es), Eficiente (qui\u00e9n lo hizo) y Causa Final (su prop\u00f3sito).<\/li>\n<li>Teleolog\u00eda: Toda naturaleza act\u00faa con un fin; el cosmos tiene un significado intr\u00ednseco. Santo Tom\u00e1s Aquinas profundiza en esto con la distinci\u00f3n fundamental entre Esencia (lo que una cosa es) y Acto de Ser (esse, que es). Las criaturas no son el Ser mismo; participan del Ser, recibido de Dios.<\/li>\n<\/ul>                <\/div>\r\n\r\n                <div class=\"services-details-image wow fadeInUp\">\r\n                    <img decoding=\"async\" class=\"\" src=\"https:\/\/air.triuvo.ai\/wp-content\/uploads\/2025\/12\/Diseno-sin-titulo-3.jpg\" alt=\"imagen\">\r\n                <\/div>\r\n            <\/div>\r\n\r\n            <div class=\"services-details-overview\">\r\n                <div class=\"services-details-image wow fadeInUp\">\r\n                    <img decoding=\"async\" class=\"\" src=\"https:\/\/air.triuvo.ai\/wp-content\/uploads\/2025\/12\/Diseno-sin-titulo-2.jpg\" alt=\"imagen\">\r\n                <\/div>\r\n\r\n                <div class=\"services-details-desc text-center\">\r\n                    <h3><\/h3>\r\n\r\n                    <ul>\n<li style=\"text-align: left\">Epistemolog\u00eda: Nihil est in intellectu quod non prius fuerit in sensu (Nada hay en el intelecto que no haya estado primero en los sentidos). La mente extrae universales de la experiencia sensorial; no \"crea\" la realidad.<\/li>\n<li style=\"text-align: left\">\u00c9tica y Derecho Natural: El bien humano se fundamenta en la naturaleza humana. La raz\u00f3n reconoce las inclinaciones naturales (hacia la vida, la verdad y la sociedad) y formula los preceptos del Derecho Natural. La prudencia (recta ratio agibilium) rige los medios para alcanzar estos fines.<\/li>\n<\/ul>\n<p style=\"text-align: left\">\u00a0<\/p>\n<p style=\"text-align: left\"><span style=\"color: #ff00ff\">3. La potencia del tomismo Su poder perdurable reside en su amplio alcance:<\/span><\/p>\n<ul style=\"text-align: left\">\n<li>Unidad especulativa: Integra la metaf\u00edsica, la antropolog\u00eda y la teolog\u00eda sin contradicci\u00f3n interna. Refuta errores perennes como reducir el bien a la mera utilidad, la libertad a la licencia o la verdad al consenso.<\/li>\n<li>Sabidur\u00eda pr\u00e1ctica: Proporciona criterios estables para la toma de decisiones: fines adecuados, medios proporcionales, jerarqu\u00eda de bienes y un realismo sobrio respecto de las limitaciones humanas y el bien com\u00fan.<\/li>\n<\/ul>\n<p style=\"text-align: left\">\u00a0<\/p>\n<p style=\"text-align: left\"><span style=\"color: #ff00ff\">4. La piedra angular doctrinal: la fe y la raz\u00f3n El principio rector es:<\/span> <em>\"&quot;La gracia no destruye la naturaleza, sino que la presupone y la perfecciona.&quot;\"<\/em><\/p>\n<ul>\n<li style=\"text-align: left\">La unidad de la verdad: Dado que Dios es el autor tanto de la naturaleza creada (raz\u00f3n) como de la verdad revelada (fe), no puede haber contradicci\u00f3n genuina entre ellas. La verdad es una.<\/li>\n<li style=\"text-align: left\">La Norma Definitiva: Si bien la raz\u00f3n es un instrumento necesario, la Revelaci\u00f3n Divina \u2014salvaguardada por el Magisterio\u2014 es la regla suprema, pues la Primera Verdad no puede enga\u00f1ar ni ser enga\u00f1ada.<\/li>\n<li style=\"text-align: left\">Correcci\u00f3n del error: Si una conclusi\u00f3n filos\u00f3fica contradice la Revelaci\u00f3n, es se\u00f1al de que la raz\u00f3n ha errado en su proceso, no de que la fe sea irracional.<\/li>\n<\/ul>\r\n                    <div class=\"services-details-accordion\">\r\n                        <ul class=\"accordion\">\r\n                            \r\n                        <\/ul>\r\n                    <\/div>\r\n                <\/div>\r\n            <\/div>\r\n        <!-- End Services Details Area -->\r\n        \t\t\t\t<\/div>\n\t\t\t\t<\/div>\n\t\t\t\t\t<\/div>\n\t\t<\/div>\n\t\t\t\t\t<\/div>\n\t\t<\/section>\n\t\t\t\t<\/div>","protected":false},"excerpt":{"rendered":"<p>THE AQUINAS SPECIFICATION The Architecture of Sanctified Capital A Doctrinal and Operational Manifesto \u00a0 \u00a0 I. The Preamble: The Unity of Vision We reject the modern dualism that severs the economic engine from the moral law. We affirm the opening truth of St. John Paul II: \u00a0 \u201cFaith and reason are like two wings on<\/p>","protected":false},"author":1,"featured_media":0,"parent":0,"menu_order":0,"comment_status":"closed","ping_status":"closed","template":"","meta":{"_acf_changed":false,"pmpro_default_level":"","_uag_custom_page_level_css":"","footnotes":""},"class_list":["post-2","page","type-page","status-publish","hentry","pmpro-has-access"],"acf":[],"uagb_featured_image_src":{"full":false,"thumbnail":false,"medium":false,"medium_large":false,"large":false,"1536x1536":false,"2048x2048":false,"trp-custom-language-flag":false,"plaby_card_thumb":false,"plaby_single_thumb":false,"woocommerce_thumbnail":false,"woocommerce_single":false,"woocommerce_gallery_thumbnail":false},"uagb_author_info":{"display_name":"LuarV-Admin","author_link":"https:\/\/air.triuvo.ai\/es\/author\/luarv-admin\/"},"uagb_comment_info":0,"uagb_excerpt":"THE AQUINAS SPECIFICATION The Architecture of Sanctified Capital A Doctrinal and Operational Manifesto \u00a0 \u00a0 I. The Preamble: The Unity of Vision We reject the modern dualism that severs the economic engine from the moral law. We affirm the opening truth of St. John Paul II: \u00a0 \u201cFaith and reason are like two wings on","_links":{"self":[{"href":"https:\/\/air.triuvo.ai\/es\/wp-json\/wp\/v2\/pages\/2","targetHints":{"allow":["GET"]}}],"collection":[{"href":"https:\/\/air.triuvo.ai\/es\/wp-json\/wp\/v2\/pages"}],"about":[{"href":"https:\/\/air.triuvo.ai\/es\/wp-json\/wp\/v2\/types\/page"}],"author":[{"embeddable":true,"href":"https:\/\/air.triuvo.ai\/es\/wp-json\/wp\/v2\/users\/1"}],"replies":[{"embeddable":true,"href":"https:\/\/air.triuvo.ai\/es\/wp-json\/wp\/v2\/comments?post=2"}],"version-history":[{"count":14,"href":"https:\/\/air.triuvo.ai\/es\/wp-json\/wp\/v2\/pages\/2\/revisions"}],"predecessor-version":[{"id":2305,"href":"https:\/\/air.triuvo.ai\/es\/wp-json\/wp\/v2\/pages\/2\/revisions\/2305"}],"wp:attachment":[{"href":"https:\/\/air.triuvo.ai\/es\/wp-json\/wp\/v2\/media?parent=2"}],"curies":[{"name":"wp","href":"https:\/\/api.w.org\/{rel}","templated":true}]}}