{"id":716,"date":"2022-09-27T08:22:34","date_gmt":"2022-09-27T08:22:34","guid":{"rendered":"http:\/\/136.116.241.105\/?page_id=716"},"modified":"2025-12-27T11:15:16","modified_gmt":"2025-12-27T10:15:16","slug":"verfahren-2","status":"publish","type":"page","link":"https:\/\/air.triuvo.ai\/de\/verfahren-2\/","title":{"rendered":"Verfahren"},"content":{"rendered":"<div data-elementor-type=\"wp-page\" data-elementor-id=\"716\" class=\"elementor elementor-716\">\n\t\t\t\t\t\t<section class=\"elementor-section elementor-top-section elementor-element elementor-element-4eb5ed8 elementor-section-full_width elementor-section-height-default elementor-section-height-default\" data-id=\"4eb5ed8\" data-element_type=\"section\" data-e-type=\"section\">\n\t\t\t\t\t\t<div class=\"elementor-container elementor-column-gap-no\">\n\t\t\t\t\t<div class=\"elementor-column elementor-col-100 elementor-top-column elementor-element elementor-element-a5c0441\" data-id=\"a5c0441\" data-element_type=\"column\" data-e-type=\"column\">\n\t\t\t<div class=\"elementor-widget-wrap elementor-element-populated\">\n\t\t\t\t\t\t<div class=\"elementor-element elementor-element-8c7b509 elementor-widget elementor-widget-BannerSlider\" data-id=\"8c7b509\" data-element_type=\"widget\" data-e-type=\"widget\" data-widget_type=\"BannerSlider.default\">\n\t\t\t\t<div class=\"elementor-widget-container\">\n\t\t\t\t\t                    <div class=\"it-solutions-slides owl-carousel owl-theme\">\r\n                                <div class=\"it-solutions-item\" style=\"background-image:url(https:\/\/air.triuvo.ai\/wp-content\/uploads\/2022\/09\/banner-bg.jpg);\">\r\n                    <div class=\"container-fluid\">\r\n                        <div class=\"it-solutions-banner-content\">\r\n                            <h1>\r\n                                Forschung, Signale und Modellportfolios                            <\/h1>\r\n\r\n                                                            <p>Aquinas Intelligence Report (AIR) ist ein komplettes System von Marktforschung, Signalen und Modellportfolios, das auf thomistischer Philosophie, katholischer Soziallehre und modernem Risikomanagement basiert. Es wurde f\u00fcr Investoren, Berater, Unternehmer und Family Offices entwickelt, die Performance, moralische Koh\u00e4renz und strategische Umsicht in einem einheitlichen Rahmen suchen. Wir verkaufen nicht \u201cdie n\u00e4chste Rakete\u201d. Wir bieten eine disziplinierte Struktur f\u00fcr seri\u00f6se Entscheidungen in den Bereichen Aktien, Futures, festverzinsliche Wertpapiere und Sachwerte - ohne Ihr Gewissen zu verraten oder das Ihnen anvertraute Kapital zu gef\u00e4hrden.<\/p>\r\n                                                                                        <div class=\"btn-box\">\r\n                                                                            <a href=\"https:\/\/air.triuvo.ai\/de\/?page_id=345\" class=\"btn btn-primary\"> Mehr lesen<\/a>\r\n                                    \r\n                                                                            <a href=\"https:\/\/air.triuvo.ai\/de\/kontakt\/\" class=\"btn btn-light\"> Los geht's<\/a>\r\n                                                                    <\/div>\r\n                                                    <\/div>\r\n                    <\/div>\r\n                <\/div>\r\n                            <\/div>\r\n                \t\t\t\t<\/div>\n\t\t\t\t<\/div>\n\t\t\t\t\t<\/div>\n\t\t<\/div>\n\t\t\t\t\t<\/div>\n\t\t<\/section>\n\t\t\t\t<section class=\"elementor-section elementor-top-section elementor-element elementor-element-134b387 elementor-section-full_width elementor-section-height-default elementor-section-height-default\" data-id=\"134b387\" data-element_type=\"section\" data-e-type=\"section\">\n\t\t\t\t\t\t<div class=\"elementor-container elementor-column-gap-no\">\n\t\t\t\t\t<div class=\"elementor-column elementor-col-100 elementor-top-column elementor-element elementor-element-137bb69\" data-id=\"137bb69\" data-element_type=\"column\" data-e-type=\"column\">\n\t\t\t<div class=\"elementor-widget-wrap elementor-element-populated\">\n\t\t\t\t\t\t<div class=\"elementor-element elementor-element-26a226b elementor-widget elementor-widget-Featured\" data-id=\"26a226b\" data-element_type=\"widget\" data-e-type=\"widget\" data-widget_type=\"Featured.default\">\n\t\t\t\t<div class=\"elementor-widget-container\">\n\t\t\t\t\t                    <div class=\"boxes-area\">\r\n                <div class=\"container\">\r\n                    <div class=\"row justify-content-center\">\r\n                                                                    <\/div>\r\n                <\/div>\r\n            <\/div>\r\n                    \t\t\t\t<\/div>\n\t\t\t\t<\/div>\n\t\t\t\t\t<\/div>\n\t\t<\/div>\n\t\t\t\t\t<\/div>\n\t\t<\/section>\n\t\t\t\t<section class=\"elementor-section elementor-top-section elementor-element elementor-element-4ba43d5 elementor-section-full_width elementor-section-height-default elementor-section-height-default\" data-id=\"4ba43d5\" data-element_type=\"section\" data-e-type=\"section\">\n\t\t\t\t\t\t<div class=\"elementor-container elementor-column-gap-no\">\n\t\t\t\t\t<div class=\"elementor-column elementor-col-100 elementor-top-column elementor-element elementor-element-1f02432\" data-id=\"1f02432\" data-element_type=\"column\" data-e-type=\"column\">\n\t\t\t<div class=\"elementor-widget-wrap elementor-element-populated\">\n\t\t\t\t\t\t<div class=\"elementor-element elementor-element-9ef7e62 elementor-widget elementor-widget-spacer\" data-id=\"9ef7e62\" data-element_type=\"widget\" data-e-type=\"widget\" data-widget_type=\"spacer.default\">\n\t\t\t\t<div class=\"elementor-widget-container\">\n\t\t\t\t\t\t\t<div class=\"elementor-spacer\">\n\t\t\t<div class=\"elementor-spacer-inner\"><\/div>\n\t\t<\/div>\n\t\t\t\t\t\t<\/div>\n\t\t\t\t<\/div>\n\t\t\t\t<div class=\"elementor-element elementor-element-d078c9c elementor-widget elementor-widget-about-us-widget\" data-id=\"d078c9c\" data-element_type=\"widget\" data-e-type=\"widget\" data-widget_type=\"about-us-widget.default\">\n\t\t\t\t<div class=\"elementor-widget-container\">\n\t\t\t\t\t\r\n        <!-- Start About Area -->\r\n                        <section class=\"about-area pb-100\">\r\n                    <div class=\"container-fluid\">\r\n                        <div class=\"row align-items-center\">\r\n                            <div class=\"col-lg-6 col-md-12\">\r\n                                <div class=\"about-image-wp\">\r\n                                    <img decoding=\"async\" src=\"https:\/\/air.triuvo.ai\/wp-content\/uploads\/2025\/12\/HOME1.jpg\" alt=\"Bild\">\r\n                                <\/div>\r\n                            <\/div>\r\n\r\n                            <div class=\"col-lg-6 col-md-12\">\r\n                                <div class=\"about-content\">\r\n                                    <div class=\"content\">\r\n                                        <span><\/span>\r\n                                        <h2>Was w\u00e4re, wenn Sie letztes Jahr Aquinas gehabt h\u00e4tten?<\/h2>\r\n                                        <p class=\"p1\">Stellen Sie sich das vergangene Jahr an den M\u00e4rkten vor - steile Anstiege, pl\u00f6tzliche Einbr\u00fcche, Kriegsschlagzeilen, Inflation, Zentralbanken und endloser L\u00e4rm.<\/p><p class=\"p1\"><i><b>Fragen Sie sich jetzt ehrlich:<\/b><\/i><\/p><p class=\"p1\">Wussten Sie wirklich, wann es an der Zeit war, das Risiko zu senken und wann Sie es gefahrlos erh\u00f6hen konnten?<\/p><p class=\"p1\">K\u00f6nnen Sie zwischen Medienrauschen und echten Regimewechseln unterscheiden?<\/p><p class=\"p1\">Wussten Sie, welche Unternehmen oder Branchen mit Ihrem Glauben unvereinbar waren, auch wenn sie \u201crentabel\u201d aussahen?<\/p><p class=\"p1\">Hatten Sie einen Rahmen, um zu entscheiden, wie viel Liquidit\u00e4t Sie behalten und wann Sie den Handel aus reiner Vorsicht einstellen sollten?<\/p>                                                                            <\/div>\r\n                                <\/div>\r\n                            <\/div>\r\n                        <\/div>\r\n                    <\/div>\r\n                <\/section>\r\n                <!-- End About Area -->\r\n        \t\t\t\t<\/div>\n\t\t\t\t<\/div>\n\t\t\t\t<div class=\"elementor-element elementor-element-fe85f16 elementor-widget elementor-widget-about-us-widget\" data-id=\"fe85f16\" data-element_type=\"widget\" data-e-type=\"widget\" data-widget_type=\"about-us-widget.default\">\n\t\t\t\t<div class=\"elementor-widget-container\">\n\t\t\t\t\t\r\n        <!-- Start About Area -->\r\n         \r\n                <div class=\"about-area ptb-90\">\r\n                    <div class=\"container\">\r\n                        <div class=\"row align-items-center\">\r\n                            <div class=\"col-lg-6 col-md-12\">\r\n                                <div class=\"about-image\">\r\n                                    <img decoding=\"async\" class=\"\" src=\"https:\/\/air.triuvo.ai\/wp-content\/uploads\/2022\/09\/about-img2.jpg\" alt=\"Bild\">\r\n                                    <img decoding=\"async\" class=\"\" src=\"https:\/\/air.triuvo.ai\/wp-content\/uploads\/2025\/12\/HOME2.jpg\" alt=\"Bild\">\r\n                                <\/div>\r\n                            <\/div>\r\n                            <div class=\"col-lg-6 col-md-12\">\r\n                                <div class=\"about-content text-right\">\r\n                                    <span><\/span>\r\n                                    <h2>Mit dem Aquinas Intelligence Report (AIR) h\u00e4tten Sie die M\u00f6glichkeit gehabt:<\/h2>\r\n                                    <ul><li class=\"p1\">Eine t\u00e4gliche Kapsel mit Kontext, um den Tag mit Klarheit zu beginnen - nicht mit Angst.<\/li><li class=\"p1\">Umsichtige Modellportfolios mit angemessenen Risikob\u00e4ndern.<\/li><li class=\"p1\">Konkrete Signale gab es nur, wenn der Markt echte Chancen bot, nicht bei jedem Rebound.<\/li><li class=\"p1\">Private Artikel und Fragerunden, in denen die Logik hinter jeder Entscheidung erl\u00e4utert wird, damit Sie aus jedem Schritt lernen k\u00f6nnen.<\/li><li class=\"p1\">Und ein Studienbegleiter -\u00a0<i>Aquinas AI<\/i>\u00a0- zu fragen, wenn etwas nicht stimmte.<\/li><li class=\"p1\">Das Ziel ist nicht, dass Sie \u201calles richtig gemacht h\u00e4tten\u201d.\u201d<\/li><li class=\"p1\">Es geht darum, dass Sie keine schwerwiegenden un\u00fcberlegten Entscheidungen getroffen h\u00e4tten - und dass jeder Schritt, den Sie unternommen haben, sowohl mit Ihrem Gewissen als auch mit der wirtschaftlichen Realit\u00e4t in Einklang gestanden h\u00e4tte.<\/li><\/ul>                                                                    <\/div>\r\n                            <\/div>\r\n                        <\/div>\r\n\r\n                        <div class=\"about-inner-area\">\r\n                            <div class=\"row\">                             <\/div>\r\n                        <\/div>\r\n                    <\/div>\r\n                \r\n                                    <div class=\"shape14\">\r\n                        <img decoding=\"async\" class=\"\" src=\"https:\/\/air.triuvo.ai\/wp-content\/themes\/plaby\/assets\/img\/shape\/13.svg\" alt=\"Shape\">\r\n                    <\/div>\r\n                    <div class=\"shape2\">\r\n                        <img decoding=\"async\" class=\"\" src=\"https:\/\/air.triuvo.ai\/wp-content\/themes\/plaby\/assets\/img\/shape\/18.png\" alt=\"Shape\">\r\n                    <\/div>\r\n                            <\/div>\r\n                    <!-- End About Area -->\r\n        \t\t\t\t<\/div>\n\t\t\t\t<\/div>\n\t\t\t\t\t<\/div>\n\t\t<\/div>\n\t\t\t\t\t<\/div>\n\t\t<\/section>\n\t\t\t\t<section class=\"elementor-section elementor-top-section elementor-element elementor-element-e89444c elementor-section-full_width elementor-section-height-default elementor-section-height-default\" data-id=\"e89444c\" data-element_type=\"section\" data-e-type=\"section\">\n\t\t\t\t\t\t<div class=\"elementor-container elementor-column-gap-no\">\n\t\t\t\t\t<div class=\"elementor-column elementor-col-100 elementor-top-column elementor-element elementor-element-2a8a293\" data-id=\"2a8a293\" data-element_type=\"column\" data-e-type=\"column\">\n\t\t\t<div class=\"elementor-widget-wrap\">\n\t\t\t\t\t\t\t<\/div>\n\t\t<\/div>\n\t\t\t\t\t<\/div>\n\t\t<\/section>\n\t\t\t\t<div class=\"elementor-section elementor-top-section elementor-element elementor-element-66da5cc elementor-section-full_width bg-f7f9fb elementor-section-height-default elementor-section-height-default\" data-id=\"66da5cc\" data-element_type=\"section\" data-e-type=\"section\">\n\t\t\t\t\t\t<div class=\"elementor-container elementor-column-gap-no\">\n\t\t\t\t\t<div class=\"elementor-column elementor-col-100 elementor-top-column elementor-element elementor-element-4e37b79\" data-id=\"4e37b79\" data-element_type=\"column\" data-e-type=\"column\">\n\t\t\t<div class=\"elementor-widget-wrap elementor-element-populated\">\n\t\t\t\t\t\t<div class=\"elementor-element elementor-element-15bb73b elementor-widget elementor-widget-spacer\" data-id=\"15bb73b\" data-element_type=\"widget\" data-e-type=\"widget\" data-widget_type=\"spacer.default\">\n\t\t\t\t<div class=\"elementor-widget-container\">\n\t\t\t\t\t\t\t<div class=\"elementor-spacer\">\n\t\t\t<div class=\"elementor-spacer-inner\"><\/div>\n\t\t<\/div>\n\t\t\t\t\t\t<\/div>\n\t\t\t\t<\/div>\n\t\t\t\t\t<\/div>\n\t\t<\/div>\n\t\t\t\t\t<\/div>\n\t\t<\/div>\n\t\t\t\t<div class=\"elementor-section elementor-top-section elementor-element elementor-element-dca90a0 elementor-section-full_width elementor-section-height-default elementor-section-height-default\" data-id=\"dca90a0\" data-element_type=\"section\" data-e-type=\"section\">\n\t\t\t\t\t\t<div class=\"elementor-container elementor-column-gap-no\">\n\t\t\t\t\t<div class=\"elementor-column elementor-col-100 elementor-top-column elementor-element elementor-element-9230a6c\" data-id=\"9230a6c\" data-element_type=\"column\" data-e-type=\"column\">\n\t\t\t<div class=\"elementor-widget-wrap elementor-element-populated\">\n\t\t\t\t\t\t<div class=\"elementor-element elementor-element-490b6cf elementor-widget elementor-widget-plaby-banner-widget\" data-id=\"490b6cf\" data-element_type=\"widget\" data-e-type=\"widget\" data-widget_type=\"plaby-banner-widget.default\">\n\t\t\t\t<div class=\"elementor-widget-container\">\n\t\t\t\t\t\r\n        <!-- Start Main Banner Area -->\r\n                   \r\n                        <div class=\"it-services-banner-area\" style=\"background-image: url(https:\/\/air.triuvo.ai\/wp-content\/uploads\/2025\/12\/Unstructured-Data-2-scaled.png )\">\r\n                                <div class=\"container-fluid\">\r\n                    <div class=\"row align-items-center\">\r\n                        <div class=\"col-lg-6 col-md-12\">\r\n                            <div class=\"it-services-banner-content\">\r\n                                <h1  ><\/h1>\r\n\r\n                                                                                            <\/div>\r\n                        <\/div>\r\n                        \r\n                        \r\n                                            <\/div>\r\n                <\/div>\r\n            <\/div>\r\n                <!-- End Main Banner Area -->\r\n        \t\t\t\t<\/div>\n\t\t\t\t<\/div>\n\t\t\t\t<div class=\"elementor-element elementor-element-b4f48b8 elementor-widget elementor-widget-spacer\" data-id=\"b4f48b8\" data-element_type=\"widget\" data-e-type=\"widget\" data-widget_type=\"spacer.default\">\n\t\t\t\t<div class=\"elementor-widget-container\">\n\t\t\t\t\t\t\t<div class=\"elementor-spacer\">\n\t\t\t<div class=\"elementor-spacer-inner\"><\/div>\n\t\t<\/div>\n\t\t\t\t\t\t<\/div>\n\t\t\t\t<\/div>\n\t\t\t\t\t<\/div>\n\t\t<\/div>\n\t\t\t\t\t<\/div>\n\t\t<\/div>\n\t\t\t\t<section class=\"elementor-section elementor-top-section elementor-element elementor-element-b3dcf00 elementor-section-full_width elementor-section-height-default elementor-section-height-default\" data-id=\"b3dcf00\" data-element_type=\"section\" data-e-type=\"section\">\n\t\t\t\t\t\t<div class=\"elementor-container elementor-column-gap-no\">\n\t\t\t\t\t<div class=\"elementor-column elementor-col-100 elementor-top-column elementor-element elementor-element-a2a435f\" data-id=\"a2a435f\" data-element_type=\"column\" data-e-type=\"column\">\n\t\t\t<div class=\"elementor-widget-wrap elementor-element-populated\">\n\t\t\t\t\t\t<div class=\"elementor-element elementor-element-c10dc31 elementor-widget elementor-widget-cta-widget\" data-id=\"c10dc31\" data-element_type=\"widget\" data-e-type=\"widget\" data-widget_type=\"cta-widget.default\">\n\t\t\t\t<div class=\"elementor-widget-container\">\n\t\t\t\t\t\r\n        <!-- Start CTA Area -->\r\n                    <div class=\"cta-area jarallax\" data-jarallax='{\"speed\": 0.3}' style=\"background-image: url(https:\/\/air.triuvo.ai\/wp-content\/uploads\/2022\/09\/build-bg.jpg )\">\r\n                <div class=\"container\">\r\n                    <div class=\"cta-content text-left\">\r\n                        <span>Bereit zum Denken - nicht zum Spekulieren?<\/span>\r\n                        <h2>Bei jeder Entscheidung Vorsicht walten lassen<\/h2>\r\n                                                                                    <a target=\"_blank\" href=\"https:\/\/air.triuvo.ai\/de\/direktkontakt\/\" class=\"btn btn-primary\">Kontakt<\/a>                                            <\/div>\r\n                <\/div>\r\n            <\/div>\r\n                    <!-- End CTA Area -->\r\n    \t\t\t\t<\/div>\n\t\t\t\t<\/div>\n\t\t\t\t\t<\/div>\n\t\t<\/div>\n\t\t\t\t\t<\/div>\n\t\t<\/section>\n\t\t\t\t<\/div>","protected":false},"excerpt":{"rendered":"<p>Research, Signals, and Model Portfolios Aquinas Intelligence Report (AIR) is a complete system of market research, signals, and model portfolios built on Thomistic philosophy, Catholic social doctrine, and modern risk management. It is designed for investors, advisors, entrepreneurs, and family offices seeking performance, moral coherence, and strategic prudence in one unified framework. We don\u2019t sell<\/p>","protected":false},"author":1,"featured_media":0,"parent":0,"menu_order":0,"comment_status":"closed","ping_status":"closed","template":"elementor_header_footer","meta":{"_acf_changed":false,"pmpro_default_level":"","_uag_custom_page_level_css":"","footnotes":""},"class_list":["post-716","page","type-page","status-publish","hentry","pmpro-has-access"],"acf":[],"uagb_featured_image_src":{"full":false,"thumbnail":false,"medium":false,"medium_large":false,"large":false,"1536x1536":false,"2048x2048":false,"trp-custom-language-flag":false,"plaby_card_thumb":false,"plaby_single_thumb":false,"woocommerce_thumbnail":false,"woocommerce_single":false,"woocommerce_gallery_thumbnail":false},"uagb_author_info":{"display_name":"LuarV-Admin","author_link":"https:\/\/air.triuvo.ai\/de\/author\/luarv-admin\/"},"uagb_comment_info":0,"uagb_excerpt":"Research, Signals, and Model Portfolios Aquinas Intelligence Report (AIR) is a complete system of market research, signals, and model portfolios built on Thomistic philosophy, Catholic social doctrine, and modern risk management. It is designed for investors, advisors, entrepreneurs, and family offices seeking performance, moral coherence, and strategic prudence in one unified framework. We don\u2019t sell","_links":{"self":[{"href":"https:\/\/air.triuvo.ai\/de\/wp-json\/wp\/v2\/pages\/716","targetHints":{"allow":["GET"]}}],"collection":[{"href":"https:\/\/air.triuvo.ai\/de\/wp-json\/wp\/v2\/pages"}],"about":[{"href":"https:\/\/air.triuvo.ai\/de\/wp-json\/wp\/v2\/types\/page"}],"author":[{"embeddable":true,"href":"https:\/\/air.triuvo.ai\/de\/wp-json\/wp\/v2\/users\/1"}],"replies":[{"embeddable":true,"href":"https:\/\/air.triuvo.ai\/de\/wp-json\/wp\/v2\/comments?post=716"}],"version-history":[{"count":161,"href":"https:\/\/air.triuvo.ai\/de\/wp-json\/wp\/v2\/pages\/716\/revisions"}],"predecessor-version":[{"id":2215,"href":"https:\/\/air.triuvo.ai\/de\/wp-json\/wp\/v2\/pages\/716\/revisions\/2215"}],"wp:attachment":[{"href":"https:\/\/air.triuvo.ai\/de\/wp-json\/wp\/v2\/media?parent=716"}],"curies":[{"name":"wp","href":"https:\/\/api.w.org\/{rel}","templated":true}]}}