{"id":2,"date":"2021-03-18T10:14:51","date_gmt":"2021-03-18T10:14:51","guid":{"rendered":"http:\/\/136.116.241.105\/?page_id=2"},"modified":"2025-12-30T01:34:48","modified_gmt":"2025-12-30T00:34:48","slug":"doktrin","status":"publish","type":"page","link":"https:\/\/air.triuvo.ai\/de\/doktrin\/","title":{"rendered":"Lehre"},"content":{"rendered":"<div data-elementor-type=\"wp-page\" data-elementor-id=\"2\" class=\"elementor elementor-2\">\n\t\t\t\t\t\t<section class=\"elementor-section elementor-top-section elementor-element elementor-element-169ac773 elementor-section-boxed elementor-section-height-default elementor-section-height-default\" data-id=\"169ac773\" data-element_type=\"section\" data-e-type=\"section\">\n\t\t\t\t\t\t<div class=\"elementor-container elementor-column-gap-default\">\n\t\t\t\t\t<div class=\"elementor-column elementor-col-100 elementor-top-column elementor-element elementor-element-77f85b63\" data-id=\"77f85b63\" data-element_type=\"column\" data-e-type=\"column\">\n\t\t\t<div class=\"elementor-widget-wrap elementor-element-populated\">\n\t\t\t\t\t\t<div class=\"elementor-element elementor-element-a6057e0 elementor-widget elementor-widget-spacer\" data-id=\"a6057e0\" data-element_type=\"widget\" data-e-type=\"widget\" data-widget_type=\"spacer.default\">\n\t\t\t\t<div class=\"elementor-widget-container\">\n\t\t\t\t\t\t\t<div class=\"elementor-spacer\">\n\t\t\t<div class=\"elementor-spacer-inner\"><\/div>\n\t\t<\/div>\n\t\t\t\t\t\t<\/div>\n\t\t\t\t<\/div>\n\t\t\t\t<section class=\"elementor-section elementor-inner-section elementor-element elementor-element-60263b0 elementor-section-boxed elementor-section-height-default elementor-section-height-default\" data-id=\"60263b0\" data-element_type=\"section\" data-e-type=\"section\">\n\t\t\t\t\t\t<div class=\"elementor-container elementor-column-gap-default\">\n\t\t\t\t\t<div class=\"elementor-column elementor-col-100 elementor-inner-column elementor-element elementor-element-c062a66\" data-id=\"c062a66\" data-element_type=\"column\" data-e-type=\"column\">\n\t\t\t<div class=\"elementor-widget-wrap\">\n\t\t\t\t\t\t\t<\/div>\n\t\t<\/div>\n\t\t\t\t\t<\/div>\n\t\t<\/section>\n\t\t\t\t<div class=\"elementor-element elementor-element-36a05da elementor-widget elementor-widget-PlabySection\" data-id=\"36a05da\" data-element_type=\"widget\" data-e-type=\"widget\" data-widget_type=\"PlabySection.default\">\n\t\t\t\t<div class=\"elementor-widget-container\">\n\t\t\t\t\t\r\n        <div class=\"container\">\r\n            <div class=\"section-title  text-center\">\r\n                <span> DIE AQUINAS-SPEZIFIKATION <\/span>\r\n                <h2 class=\"title\">Die Architektur des geheiligten Kapitals<\/h2>\r\n                <p style=\"text-align: center\"><i>Ein doktrin\u00e4res und operatives Manifest<\/i><\/p>\n<p style=\"text-align: left\">\u00a0<\/p>\n<p>\u00a0<\/p>\n<p style=\"text-align: left\"><span style=\"color: #ff00ff\">I. Die Pr\u00e4ambel: Die Einheit der Vision<\/span><\/p>\n<p style=\"text-align: left\">Wir lehnen den modernen Dualismus ab, der den Wirtschaftsmotor vom moralischen Gesetz trennt. Wir bekr\u00e4ftigen die einleitende Wahrheit von Johannes Paul II.:<\/p>\n<p>\u00a0<\/p>\n<p style=\"padding-left: 40px;text-align: left\"><em>\u201cGlaube und Vernunft sind wie zwei Fl\u00fcgel, auf denen sich der menschliche Geist zur Betrachtung der Wahrheit erhebt; und Gott hat in das Herz des Menschen das Verlangen gelegt, die Wahrheit zu erkennen \u2013 mit einem Wort, sich selbst zu erkennen \u2013, damit die Menschen durch die Erkenntnis und Liebe Gottes auch zur F\u00fclle der Wahrheit \u00fcber sich selbst gelangen k\u00f6nnen.\u201d (Johannes Paul II., Fides et Ratio, Er\u00f6ffnungssegen)<\/em><\/p>\n<p>\u00a0<\/p>\n<p style=\"text-align: left\">Im Bereich des Kapitals ist dies keine Metapher, sondern eine operative Notwendigkeit. Die Vernunft (Ratio) analysiert die materiellen und effizienten Ursachen eines Unternehmens (Bilanzen, Cashflows). Der Glaube (Fides) beleuchtet die formalen und finalen Ursachen (die Natur des Unternehmens und sein letztendliches Ziel). Mit nur einem Fl\u00fcgel zu investieren bedeutet, im Kreis zu fliegen und unweigerlich auf den Boden unbeabsichtigter Folgen zu st\u00fcrzen. Wir gehen davon aus, dass die richtige Vernunft (Recta Ratio) und das g\u00f6ttliche Gesetz keine gegens\u00e4tzlichen Kr\u00e4fte sind. Sie sind der einheitliche Ma\u00dfstab der Realit\u00e4t.<\/p>\n<p>\u00a0<\/p>\n<p>\u00a0<\/p>\n<p>\u00a0<\/p>\n<p style=\"text-align: left\"><span style=\"color: #ff00ff\">II. Die Diagnose: Der Fehler der passiven Mitt\u00e4terschaft<\/span><\/p>\n<p style=\"text-align: left\">Der Standardansatz zur Kapitalallokation \u2013 der \u201cmarktneutrale\u201d Index (z. B. S&amp;P 500) \u2013 ist ein theologischer Trugschluss. Er geht davon aus, dass Kapital neutral sein kann. Der heilige Thomas von Aquin lehrt jedoch, dass keine menschliche Handlung, die aus einem bewussten Willen hervorgeht, moralisch indifferent ist (Summa Theologiae, I-II, q. 18, a. 9).<\/p>\n<p>\u00a0<\/p>\n<p style=\"text-align: left\">Durch den Kauf des Index beteiligt sich der Anleger an der materiellen Zusammenarbeit mit den spezifischen Handlungen der im Index enthaltenen Unternehmen. Wenn diese Unternehmen die Zerst\u00f6rung des Lebens, die Aufl\u00f6sung der Familie oder die Ausbeutung Schwacher f\u00f6rdern, stellt der passive Anleger die Liquidit\u00e4t bereit, die diese Missst\u00e4nde aufrechterh\u00e4lt. Benedikt XVI. hat uns ausdr\u00fccklich gewarnt:<\/p>\n<p>\u00a0<\/p>\n<p style=\"text-align: center\"><em>\u201c... jede wirtschaftliche Entscheidung hat moralische Konsequenzen.\u201d<\/em><\/p>\n<p style=\"text-align: center\"><em>(Benedikt XVI., Caritas in Veritate, Nr. 37)<\/em><\/p>\n<p>\u00a0<\/p>\n<p style=\"text-align: left\">\u201cDiversifizierung\u201d als Vorwand f\u00fcr die Finanzierung von intrinsischem \u00dcbel zu nutzen, bedeutet, die Seele zu opfern.<\/p>\n<p style=\"text-align: left\">um eine geringere Standardabweichung zu erzielen. Es handelt sich um einen Versto\u00df gegen die Sorgfaltspflicht, die als<\/p>\n<p style=\"text-align: left\">\u201cWagenlenker der Tugenden\u201d (ST II-II, q. 47).<\/p>\n<p>\u00a0<\/p>\n<p>\u00a0<\/p>\n<p style=\"text-align: left\"><span style=\"color: #ff00ff\">III. Die Methode: Das ontologische Veto<\/span><\/p>\n<p style=\"text-align: left\">Wir f\u00fchren das ontologische Veto ein. Dabei handelt es sich nicht nur um das \u201cAussortieren der S\u00fcnde\u201d. Es ist eine Anerkennung der Natur des B\u00f6sen. Wie der heilige Thomas definiert, ist das B\u00f6se privatio boni \u2013 ein Mangel an dem Guten, das vorhanden sein sollte (ST I, q. 48, a. 1). Das B\u00f6se ist ein Mangel an Sein; es ist ein struktureller Defekt.<\/p>\n<p style=\"text-align: left\">\u2022 Fragilit\u00e4t: Ein Unternehmen, das von Sucht profitiert, ist strukturell fragil; es ist auf die Abh\u00e4ngigkeit seiner Kundenbasis angewiesen.<\/p>\n<p style=\"text-align: left\">\u2022 Selbstmord: Ein Unternehmen, das von Unfruchtbarkeit (Abtreibung\/Empf\u00e4ngnisverh\u00fctung) profitiert, ist strukturell selbstm\u00f6rderisch; es zerst\u00f6rt die zuk\u00fcnftigen Arbeitskr\u00e4fte und die Marktnachfrage, von denen es abh\u00e4ngig ist.<\/p>\n<p style=\"text-align: left\">Daher ist unser Ausschluss dieser Unternehmen nicht nur eine moralische Pflicht, sondern auch eine \u00fcberlegene Risikomanagementstrategie. Wir meiden nicht nur \u201cschlechte\u201d Unternehmen, sondern auch solche, die ontologisch mangelhaft sind und im Widerspruch zur nat\u00fcrlichen Ordnung stehen.<\/p>\n<p style=\"text-align: left\">\u00a0<\/p>\n<p>\u00a0<\/p>\n<p style=\"text-align: left\"><span style=\"color: #ff00ff\">IV. Die These: Resilienz durch Naturgesetze<\/span><\/p>\n<p style=\"text-align: left\">Warum ist ein Portfolio, das sich an den Naturgesetzen orientiert, \u00fcberlegen? Weil die Naturgesetze die \u201cGebrauchsanweisung\u201d f\u00fcr menschliches Gedeihen sind. Unternehmen, die sich an diesen Gesetzen orientieren \u2013 indem sie Familie, W\u00fcrde der Arbeit und echte Wertsch\u00f6pfung unterst\u00fctzen \u2013 schwimmen mit dem Strom der Realit\u00e4t.<\/p>\n<p>\u00a0<\/p>\n<p style=\"text-align: left\">1. Stabilit\u00e4t: Sie f\u00fcrchten weder das Licht der Wahrheit noch regulatorische Korrekturen.<\/p>\n<p style=\"text-align: left\">2. Loyalit\u00e4t: Sie betrachten Arbeit nicht als blo\u00dfe Kosten, sondern als etwas W\u00fcrdevolles und folgen damit der Priorit\u00e4t der Arbeit gegen\u00fcber dem Kapital (Johannes Paul II., Laborem Exercens, Nr. 12). Dies schafft Loyalit\u00e4t und operative Exzellenz.<\/p>\n<p style=\"text-align: left\">3. Nachhaltigkeit: Sie dienen dem Gemeinwohl und stellen sicher, dass ihre Betriebsgenehmigung auf ihrem Beitrag zur Gesellschaft und nicht auf Ausbeutung basiert.<\/p>\n<p>\u00a0<\/p>\n<p style=\"text-align: center\"><strong><em>Tugend ist keine Steuer auf Leistung; Tugend (Virtus) bedeutet w\u00f6rtlich \u201cSt\u00e4rke\u201d.\u201d<\/em><\/strong><\/p>\n<p style=\"text-align: left\">\u00a0<\/p>\n<p>\u00a0<\/p>\n<p>\u00a0<\/p>\n<p style=\"text-align: left\"><span style=\"color: #ff00ff\">V. Das Ziel: Die Heiligung der Welt<\/span><\/p>\n<p style=\"text-align: left\">Schlie\u00dflich lehnen wir die Vorstellung ab, dass Finanzen ein \u201cnotwendiges \u00dcbel\u201d sind. Wir bekennen uns zum Aufruf zur universellen Heiligkeit. Wie der heilige Josemar\u00eda Escriv\u00e1 lehrte, m\u00fcssen wir unsere Arbeit heiligen, uns selbst in unserer Arbeit heiligen und andere durch unsere Arbeit heiligen. Investieren ist Arbeit. Es ist die Verwaltung von Talenten.<\/p>\n<p>\u00a0<\/p>\n<p style=\"text-align: center\"><em>\u201cDas legitime Streben nach Gewinn steht nicht im Widerspruch zur Verpflichtung, den Armen zu helfen und einen Beitrag zur Gesellschaft zu leisten ... Im Gegenteil, wenn die wirtschaftliche Logik richtig angewendet wird, kann sie ein Instrument der Solidarit\u00e4t sein.\u201d (Kompendium der Soziallehre der Kirche)<\/em><\/p>\n<p>\u00a0<\/p>\n<p style=\"text-align: left\">Die Aquinas-Spezifikation lautet wie folgt: Kapital mit der Pr\u00e4zision eines Thomisten und dem Eifer eines Apostels einsetzen. Wir streben Renditen nicht zum Zwecke der Machtakkumulation an, sondern zur Ausbreitung des Reiches Gottes und zur Freiheit der Familie.<\/p>\n<p>\u00a0<\/p>\n<p>\u00a0<\/p>\n<p style=\"text-align: left\"><strong>Wir kaufen nicht den Heuhaufen. Wir kaufen die Nadel. Und die Nadel ist die Wahrheit.<\/strong><\/p>\n<p style=\"text-align: left\">\u00a0<\/p>            <\/div>\r\n        <\/div>\r\n        \t\t\t\t<\/div>\n\t\t\t\t<\/div>\n\t\t\t\t\t<\/div>\n\t\t<\/div>\n\t\t\t\t\t<\/div>\n\t\t<\/section>\n\t\t\t\t<section class=\"elementor-section elementor-top-section elementor-element elementor-element-4bbfce6 elementor-section-boxed elementor-section-height-default elementor-section-height-default\" data-id=\"4bbfce6\" data-element_type=\"section\" data-e-type=\"section\">\n\t\t\t\t\t\t<div class=\"elementor-container elementor-column-gap-default\">\n\t\t\t\t\t<div class=\"elementor-column elementor-col-100 elementor-top-column elementor-element elementor-element-24abfcc\" data-id=\"24abfcc\" data-element_type=\"column\" data-e-type=\"column\">\n\t\t\t<div class=\"elementor-widget-wrap\">\n\t\t\t\t\t\t\t<\/div>\n\t\t<\/div>\n\t\t\t\t\t<\/div>\n\t\t<\/section>\n\t\t\t\t<section class=\"elementor-section elementor-top-section elementor-element elementor-element-c43e834 elementor-section-boxed elementor-section-height-default elementor-section-height-default\" data-id=\"c43e834\" data-element_type=\"section\" data-e-type=\"section\">\n\t\t\t\t\t\t<div class=\"elementor-container elementor-column-gap-default\">\n\t\t\t\t\t<div class=\"elementor-column elementor-col-100 elementor-top-column elementor-element elementor-element-ac181ac\" data-id=\"ac181ac\" data-element_type=\"column\" data-e-type=\"column\">\n\t\t\t<div class=\"elementor-widget-wrap\">\n\t\t\t\t\t\t\t<\/div>\n\t\t<\/div>\n\t\t\t\t\t<\/div>\n\t\t<\/section>\n\t\t\t\t<section class=\"elementor-section elementor-top-section elementor-element elementor-element-4a1f448 elementor-section-boxed elementor-section-height-default elementor-section-height-default\" data-id=\"4a1f448\" data-element_type=\"section\" data-e-type=\"section\">\n\t\t\t\t\t\t<div class=\"elementor-container elementor-column-gap-default\">\n\t\t\t\t\t<div class=\"elementor-column elementor-col-100 elementor-top-column elementor-element elementor-element-c857921\" data-id=\"c857921\" data-element_type=\"column\" data-e-type=\"column\">\n\t\t\t<div class=\"elementor-widget-wrap elementor-element-populated\">\n\t\t\t\t\t\t<div class=\"elementor-element elementor-element-6494c43 elementor-widget elementor-widget-single-service-widget\" data-id=\"6494c43\" data-element_type=\"widget\" data-e-type=\"widget\" data-widget_type=\"single-service-widget.default\">\n\t\t\t\t<div class=\"elementor-widget-container\">\n\t\t\t\t\t\r\n        <!-- Start Services Details Area -->\r\n            <div class=\"services-details-overview\">\r\n                <div class=\"services-details-desc text-left\">\r\n                    <h1>Thomas von Aquin<\/h1>\r\n                    <p><span style=\"color: #ff00ff\"><strong>Der Engelhafte Doktor und die immerw\u00e4hrende Philosophie<\/strong><\/span><\/p>\n<p>Der heilige Thomas von Aquin (13. Jahrhundert), der \"gemeinsame Lehrer\" der Kirche, ist der bedeutendste Architekt der Synthese zwischen Vernunft und Glauben. Sein Werk zeigt, dass die Vernunft die Ordnung des Seins und der Natur objektiv erkennen kann, w\u00e4hrend der Glaube \u2013 gegr\u00fcndet auf die g\u00f6ttliche Offenbarung \u2013 den Intellekt mit Wahrheiten erhebt und vervollkommnet, die \u00fcber die nat\u00fcrlichen F\u00e4higkeiten hinausgehen, ohne ihnen jemals zu widersprechen. Seine Methode ist streng diszipliniert: definieren, unterscheiden, Einw\u00e4nde behandeln und unter strikter Treue zur Realit\u00e4t Schlussfolgerungen ziehen.<\/p>\n<p>\u00a0<\/p>\n<p><span style=\"color: #ff00ff\">1. Eine realistische Metaphysik Im Kern steht ein moderater Realismus:<\/span> Die Welt ist verst\u00e4ndlich und existiert unabh\u00e4ngig von unserem Verstand.<\/p>\n<ul>\n<li>Die Person: Eine wesentliche Einheit von K\u00f6rper und Seele (Hylomorphismus).<\/li>\n<li>Moral: Nicht basierend auf subjektiven Gef\u00fchlen oder Nutzen, sondern auf der Wahrheit \u00fcber den Menschen und sein letztendliches Ziel (telos).<\/li>\n<li>Tugend: Sie ist keine blo\u00dfe Zierde oder Routine, sondern eine gute Gewohnheit (Habitus), die die menschliche Freiheit best\u00e4ndig auf das Gute ausrichtet.<\/li>\n<\/ul>\n<p>\u00a0<\/p>\n<p><span style=\"color: #ff00ff\">2. Der aristotelisch-thomistische Rahmen Es handelt sich um eine Philosophie des Seins.<\/span> Von Aristoteles \u00fcbernimmt Aquinas wichtige Strukturen, um die Realit\u00e4t zu erkl\u00e4ren:<\/p>\n<ul>\n<li>Wirkung und Potenz: Erkl\u00e4rt Ver\u00e4nderung und Bewegung (was etwas jetzt ist im Vergleich zu dem, was es werden kann).<\/li>\n<li>Die vier Ursachen: Um etwas zu verstehen, m\u00fcssen wir seine materielle Ursache (woraus es besteht), seine formale Ursache (was es ist), seine effiziente Ursache (wer es geschaffen hat) und seine finale Ursache (seinen Zweck) kennen.<\/li>\n<li>Teleologie: Jede Natur handelt zweckgerichtet; der Kosmos hat einen inneren Sinn. Thomas von Aquin vertieft dies mit der entscheidenden Unterscheidung zwischen Wesen (was ein Ding ist) und Seinsakt (esse \u2013 dass es ist). Gesch\u00f6pfe sind nicht das Sein selbst; sie haben Anteil am Sein, das sie von Gott empfangen haben.<\/li>\n<\/ul>                <\/div>\r\n\r\n                <div class=\"services-details-image wow fadeInUp\">\r\n                    <img decoding=\"async\" class=\"\" src=\"https:\/\/air.triuvo.ai\/wp-content\/uploads\/2025\/12\/Diseno-sin-titulo-3.jpg\" alt=\"Bild\">\r\n                <\/div>\r\n            <\/div>\r\n\r\n            <div class=\"services-details-overview\">\r\n                <div class=\"services-details-image wow fadeInUp\">\r\n                    <img decoding=\"async\" class=\"\" src=\"https:\/\/air.triuvo.ai\/wp-content\/uploads\/2025\/12\/Diseno-sin-titulo-2.jpg\" alt=\"Bild\">\r\n                <\/div>\r\n\r\n                <div class=\"services-details-desc text-center\">\r\n                    <h3><\/h3>\r\n\r\n                    <ul>\n<li style=\"text-align: left\">Erkenntnistheorie: Nihil est in intellectu quod non prius fuerit in sensu (Nichts ist im Verstand, was nicht zuvor in den Sinnen gewesen w\u00e4re). Der Verstand leitet Universalien aus Sinneserfahrungen ab; er \"erschafft\" keine Realit\u00e4t.<\/li>\n<li style=\"text-align: left\">Ethik und Naturrecht: Das menschliche Wohl gr\u00fcndet sich auf die menschliche Natur. Die Vernunft erkennt die nat\u00fcrlichen Neigungen (zum Leben, zur Wahrheit, zur Gesellschaft) und formuliert die Gebote des Naturrechts. Die Klugheit (recta ratio agibilium) regelt die Mittel, um diese Ziele zu erreichen.<\/li>\n<\/ul>\n<p style=\"text-align: left\">\u00a0<\/p>\n<p style=\"text-align: left\"><span style=\"color: #ff00ff\">3. Die Kraft des Thomismus Seine anhaltende Kraft liegt in seiner umfassenden Reichweite:<\/span><\/p>\n<ul style=\"text-align: left\">\n<li>Spekulative Einheit: Sie integriert Metaphysik, Anthropologie und Theologie ohne interne Widerspr\u00fcche. Sie widerlegt immer wiederkehrende Irrt\u00fcmer wie die Reduzierung des Guten auf blo\u00dfe N\u00fctzlichkeit, der Freiheit auf Willk\u00fcr oder der Wahrheit auf Konsens.<\/li>\n<li>Praktische Weisheit: Sie bietet stabile Kriterien f\u00fcr die Entscheidungsfindung: angemessene Ziele, verh\u00e4ltnism\u00e4\u00dfige Mittel, die Hierarchie der G\u00fcter und einen n\u00fcchternen Realismus hinsichtlich der menschlichen Grenzen und des Gemeinwohls.<\/li>\n<\/ul>\n<p style=\"text-align: left\">\u00a0<\/p>\n<p style=\"text-align: left\"><span style=\"color: #ff00ff\">4. Der Grundpfeiler der Lehre: Glaube und Vernunft Das Leitprinzip lautet:<\/span> <em>\"Gnade zerst\u00f6rt die Natur nicht, sondern setzt sie voraus und vervollkommnet sie.\"<\/em><\/p>\n<ul>\n<li style=\"text-align: left\">Die Einheit der Wahrheit: Da Gott sowohl der Sch\u00f6pfer der geschaffenen Natur (Vernunft) als auch der offenbarten Wahrheit (Glaube) ist, kann es zwischen beiden keinen echten Widerspruch geben. Die Wahrheit ist eins.<\/li>\n<li style=\"text-align: left\">Die h\u00f6chste Norm: W\u00e4hrend die Vernunft ein notwendiges Instrument ist, ist die g\u00f6ttliche Offenbarung \u2013 gesch\u00fctzt durch das Lehramt \u2013 die h\u00f6chste Regel, denn die erste Wahrheit kann weder t\u00e4uschen noch get\u00e4uscht werden.<\/li>\n<li style=\"text-align: left\">Korrektur eines Irrtums: Wenn eine philosophische Schlussfolgerung der Offenbarung widerspricht, ist dies ein Zeichen daf\u00fcr, dass die Vernunft in ihrem Prozess einen Fehler begangen hat, und nicht daf\u00fcr, dass der Glaube irrational ist.<\/li>\n<\/ul>\r\n                    <div class=\"services-details-accordion\">\r\n                        <ul class=\"accordion\">\r\n                            \r\n                        <\/ul>\r\n                    <\/div>\r\n                <\/div>\r\n            <\/div>\r\n        <!-- End Services Details Area -->\r\n        \t\t\t\t<\/div>\n\t\t\t\t<\/div>\n\t\t\t\t\t<\/div>\n\t\t<\/div>\n\t\t\t\t\t<\/div>\n\t\t<\/section>\n\t\t\t\t<\/div>","protected":false},"excerpt":{"rendered":"<p>THE AQUINAS SPECIFICATION The Architecture of Sanctified Capital A Doctrinal and Operational Manifesto \u00a0 \u00a0 I. The Preamble: The Unity of Vision We reject the modern dualism that severs the economic engine from the moral law. We affirm the opening truth of St. John Paul II: \u00a0 \u201cFaith and reason are like two wings on<\/p>","protected":false},"author":1,"featured_media":0,"parent":0,"menu_order":0,"comment_status":"closed","ping_status":"closed","template":"","meta":{"_acf_changed":false,"pmpro_default_level":"","_uag_custom_page_level_css":"","footnotes":""},"class_list":["post-2","page","type-page","status-publish","hentry","pmpro-has-access"],"acf":[],"uagb_featured_image_src":{"full":false,"thumbnail":false,"medium":false,"medium_large":false,"large":false,"1536x1536":false,"2048x2048":false,"trp-custom-language-flag":false,"plaby_card_thumb":false,"plaby_single_thumb":false,"woocommerce_thumbnail":false,"woocommerce_single":false,"woocommerce_gallery_thumbnail":false},"uagb_author_info":{"display_name":"LuarV-Admin","author_link":"https:\/\/air.triuvo.ai\/de\/author\/luarv-admin\/"},"uagb_comment_info":0,"uagb_excerpt":"THE AQUINAS SPECIFICATION The Architecture of Sanctified Capital A Doctrinal and Operational Manifesto \u00a0 \u00a0 I. The Preamble: The Unity of Vision We reject the modern dualism that severs the economic engine from the moral law. We affirm the opening truth of St. John Paul II: \u00a0 \u201cFaith and reason are like two wings on","_links":{"self":[{"href":"https:\/\/air.triuvo.ai\/de\/wp-json\/wp\/v2\/pages\/2","targetHints":{"allow":["GET"]}}],"collection":[{"href":"https:\/\/air.triuvo.ai\/de\/wp-json\/wp\/v2\/pages"}],"about":[{"href":"https:\/\/air.triuvo.ai\/de\/wp-json\/wp\/v2\/types\/page"}],"author":[{"embeddable":true,"href":"https:\/\/air.triuvo.ai\/de\/wp-json\/wp\/v2\/users\/1"}],"replies":[{"embeddable":true,"href":"https:\/\/air.triuvo.ai\/de\/wp-json\/wp\/v2\/comments?post=2"}],"version-history":[{"count":14,"href":"https:\/\/air.triuvo.ai\/de\/wp-json\/wp\/v2\/pages\/2\/revisions"}],"predecessor-version":[{"id":2305,"href":"https:\/\/air.triuvo.ai\/de\/wp-json\/wp\/v2\/pages\/2\/revisions\/2305"}],"wp:attachment":[{"href":"https:\/\/air.triuvo.ai\/de\/wp-json\/wp\/v2\/media?parent=2"}],"curies":[{"name":"wp","href":"https:\/\/api.w.org\/{rel}","templated":true}]}}