{"id":1669,"date":"2025-12-19T00:15:01","date_gmt":"2025-12-18T23:15:01","guid":{"rendered":"http:\/\/136.116.241.105\/?page_id=1669"},"modified":"2026-01-07T16:52:19","modified_gmt":"2026-01-07T15:52:19","slug":"luftfrei","status":"publish","type":"page","link":"https:\/\/air.triuvo.ai\/de\/luftfrei\/","title":{"rendered":"Dienste f\u00fcr Gerichtsverfahren"},"content":{"rendered":"<div data-elementor-type=\"wp-page\" data-elementor-id=\"1669\" class=\"elementor elementor-1669\">\n\t\t\t\t\t\t<section class=\"elementor-section elementor-top-section elementor-element elementor-element-be8cb54 elementor-section-boxed elementor-section-height-default elementor-section-height-default\" data-id=\"be8cb54\" data-element_type=\"section\" data-e-type=\"section\">\n\t\t\t\t\t\t<div class=\"elementor-container elementor-column-gap-default\">\n\t\t\t\t\t<div class=\"elementor-column elementor-col-100 elementor-top-column elementor-element elementor-element-18aa164\" data-id=\"18aa164\" data-element_type=\"column\" data-e-type=\"column\">\n\t\t\t<div class=\"elementor-widget-wrap\">\n\t\t\t\t\t\t\t<\/div>\n\t\t<\/div>\n\t\t\t\t\t<\/div>\n\t\t<\/section>\n\t\t\t\t<section class=\"elementor-section elementor-top-section elementor-element elementor-element-e0e6d28 elementor-section-boxed elementor-section-height-default elementor-section-height-default\" data-id=\"e0e6d28\" data-element_type=\"section\" data-e-type=\"section\">\n\t\t\t\t\t\t<div class=\"elementor-container elementor-column-gap-default\">\n\t\t\t\t\t<div class=\"elementor-column elementor-col-100 elementor-top-column elementor-element elementor-element-d4d953f\" data-id=\"d4d953f\" data-element_type=\"column\" data-e-type=\"column\">\n\t\t\t<div class=\"elementor-widget-wrap elementor-element-populated\">\n\t\t\t\t\t\t<div class=\"elementor-element elementor-element-41e5613 elementor-widget elementor-widget-choose-us-widget\" data-id=\"41e5613\" data-element_type=\"widget\" data-e-type=\"widget\" data-widget_type=\"choose-us-widget.default\">\n\t\t\t\t<div class=\"elementor-widget-container\">\n\t\t\t\t\t\r\n        <!-- Start Choose Us Area -->\r\n                    <div class=\"why-choose-area ptb-90\">\r\n                <div class=\"container\">\r\n                                            <div class=\"section-title text-center\">\r\n                            <span>365 Tage der Klarheit<\/span>\r\n                            <h1>Start f\u00fcr $1 a Day<\/h1>\r\n                        <\/div>\r\n                    \r\n                    <div class=\"row\">                    <\/div>\r\n                <\/div>\r\n\r\n                                <div class=\"shape14\">\r\n                    <img decoding=\"async\" class=\"\" src=\"https:\/\/air.triuvo.ai\/wp-content\/themes\/plaby\/assets\/img\/shape\/13.svg\" alt=\"Shape\">\r\n                <\/div>\r\n                <div class=\"shape15\">\r\n                    <img decoding=\"async\" class=\"\" src=\"https:\/\/air.triuvo.ai\/wp-content\/themes\/plaby\/assets\/img\/shape\/13.svg\" alt=\"Shape\">\r\n                <\/div>\r\n                        <\/div>\r\n                <!-- End Choose Us Area -->\r\n        \t\t\t\t<\/div>\n\t\t\t\t<\/div>\n\t\t\t\t<div class=\"elementor-element elementor-element-79ed4f0 elementor-widget elementor-widget-about-two-widget\" data-id=\"79ed4f0\" data-element_type=\"widget\" data-e-type=\"widget\" data-widget_type=\"about-two-widget.default\">\n\t\t\t\t<div class=\"elementor-widget-container\">\n\t\t\t\t\t\r\n        <!-- Start AboutTwo Area -->\r\n                    <div class=\"container\">\r\n                <div class=\"row align-items-center\">\r\n                                            <div class=\"col-lg-6 col-md-12\">\r\n                            <div class=\"about-wrap-image\">\r\n                                <img decoding=\"async\" src=\"https:\/\/air.triuvo.ai\/wp-content\/uploads\/2026\/01\/morning-free-trial.png\" alt=\"Bild\">\r\n                            <\/div>\r\n                        <\/div>\r\n                                        \r\n\r\n                    <div class=\"col-lg-6 col-md-12\">\r\n                        <div class=\"about-wrap-content\">\r\n                                                            <span>AQUINAS MORGEN <\/span>\r\n                                                        <h2>Beginnen Sie jeden Tag mit Klarheit, nicht mit L\u00e4rm\u00a0<\/h2>\r\n                                                           <p><p>Aquinas Morning ist ein t\u00e4glicher Rahmen, der Marktinformationen in ein kluges Verst\u00e4ndnis verwandelt.\u00a0<\/p><p>Sie erhalten t\u00e4glich Zugang zu:\u00a0<\/p><ul><li><strong>Niveau der Marktanspannung:<\/strong>\u00a0Ein vorsichtiges Signal f\u00fcr das finanzielle Umfeld des Tages: ruhig, angespannt oder kritisch.\u00a0<\/li><li><strong>3-5 Wesentliche Markteinblicke:<\/strong>\u00a0Aktien, Zinsen, Kredite, Rohstoffe, Gold und geopolitische Zusammenh\u00e4nge - destilliert, nicht verrauscht.\u00a0<\/li><li><strong>Vorsichtsma\u00dfnahme:\u00a0<\/strong>Eine kurze Reflexion, die die Marktrealit\u00e4t mit Vernunft, Tugend und moralischer Klarheit verbindet.\u00a0<\/li><li><strong>T\u00e4glicher Aktionspunkt:\u00a0<\/strong>Eine konkrete Anleitung dazu, was zu \u00fcberpr\u00fcfen ist, was zu vermeiden ist und wo Vorsicht geboten ist, nicht zu handeln.\u00a0<\/li><\/ul><p>Ihr t\u00e4glicher Begleiter bei der Navigation auf den M\u00e4rkten mit Klarheit und Verstand.\u00a0<\/p><\/p>\r\n                                                        <div class=\"row justify-content-center\">\r\n                                <div class=\"col-lg-6 col-sm-6\">\r\n                                    <ul class=\"wrap-list\">\r\n                                                                            <\/ul>\r\n                                <\/div>\r\n                                <div class=\"col-lg-6 col-sm-6\">\r\n                                    <ul class=\"wrap-list\">\r\n                                                                            <\/ul>\r\n                                <\/div>\r\n                            <\/div>\r\n                                                                <div class=\"about-btn\">\r\n                                                                            <a target=\"_blank\" href=\"https:\/\/air.triuvo.ai\/de\/preisgestaltung\/\" class=\"btn btn-primary\">Starten Sie Ihren kostenlosen Test<\/a>                                    <\/div>\r\n                                \r\n                                                    <\/div>\r\n                    <\/div>\r\n                <\/div>\r\n            <\/div>\r\n\r\n                    <!-- End AboutTwo Area -->\r\n        \t\t\t\t<\/div>\n\t\t\t\t<\/div>\n\t\t\t\t\t<\/div>\n\t\t<\/div>\n\t\t\t\t\t<\/div>\n\t\t<\/section>\n\t\t\t\t<section class=\"elementor-section elementor-top-section elementor-element elementor-element-9eae2fd elementor-section-boxed elementor-section-height-default elementor-section-height-default\" data-id=\"9eae2fd\" data-element_type=\"section\" data-e-type=\"section\">\n\t\t\t\t\t\t<div class=\"elementor-container elementor-column-gap-default\">\n\t\t\t\t\t<div class=\"elementor-column elementor-col-100 elementor-top-column elementor-element elementor-element-6f163a2\" data-id=\"6f163a2\" data-element_type=\"column\" data-e-type=\"column\">\n\t\t\t<div class=\"elementor-widget-wrap\">\n\t\t\t\t\t\t\t<\/div>\n\t\t<\/div>\n\t\t\t\t\t<\/div>\n\t\t<\/section>\n\t\t\t\t<section class=\"elementor-section elementor-top-section elementor-element elementor-element-8ac00fd elementor-section-boxed elementor-section-height-default elementor-section-height-default\" data-id=\"8ac00fd\" data-element_type=\"section\" data-e-type=\"section\">\n\t\t\t\t\t\t<div class=\"elementor-container elementor-column-gap-default\">\n\t\t\t\t\t<div class=\"elementor-column elementor-col-100 elementor-top-column elementor-element elementor-element-1af634f\" data-id=\"1af634f\" data-element_type=\"column\" data-e-type=\"column\">\n\t\t\t<div class=\"elementor-widget-wrap elementor-element-populated\">\n\t\t\t\t\t\t<div class=\"elementor-element elementor-element-c58fe11 elementor-widget elementor-widget-about-two-widget\" data-id=\"c58fe11\" data-element_type=\"widget\" data-e-type=\"widget\" data-widget_type=\"about-two-widget.default\">\n\t\t\t\t<div class=\"elementor-widget-container\">\n\t\t\t\t\t\r\n        <!-- Start AboutTwo Area -->\r\n                    <div class=\"container\">\r\n                <div class=\"row align-items-center\">\r\n                                            <div class=\"col-lg-6 col-md-12\">\r\n                            <div class=\"about-wrap-image\">\r\n                                <img decoding=\"async\" src=\"https:\/\/air.triuvo.ai\/wp-content\/uploads\/2026\/01\/signals-free-trial.png\" alt=\"Bild\">\r\n                            <\/div>\r\n                        <\/div>\r\n                                        \r\n\r\n                    <div class=\"col-lg-6 col-md-12\">\r\n                        <div class=\"about-wrap-content\">\r\n                                                            <span>Signale &amp; Portfolios <\/span>\r\n                                                        <h2>Vom Verstehen zum disziplinierten Handeln <\/h2>\r\n                                                           <p><p>Aquinas Signals &amp; Portfolios ist ein strukturierter Weg f\u00fcr Investoren und Fachleute, die nach ihrem Urteilsverm\u00f6gen handeln wollen - ohne Spekulationen, Eile oder blinde Ausf\u00fchrung.<\/p><p>Worauf Sie Zugriff haben:<\/p><ul><li><strong>Alles in der Morning Capsule:<\/strong> T\u00e4glicher Kontext und aufsichtsrechtliche Struktur.<\/li><li><strong>Selektive Marktsignale:<\/strong> Wird nur ausgestellt, wenn die Bedingungen mit Disziplin, Struktur und ethischer Koh\u00e4renz \u00fcbereinstimmen.<\/li><li><strong>Modellportfolio-Rahmenwerke:<\/strong> Drei Allokationsstrukturen, die das Engagement und die langfristige Positionierung steuern und nicht die Entscheidungen diktieren sollen.<\/li><li><strong>Gef\u00fchrtes Verstehen:<\/strong> Unterst\u00fctzung bei der Interpretation von Signalen und Portfolios innerhalb eines koh\u00e4renten moralischen und strategischen Rahmens<\/li><\/ul><p>Nachdenken. Entscheiden. Handeln.<\/p><\/p>\r\n                                                        <div class=\"row justify-content-center\">\r\n                                <div class=\"col-lg-6 col-sm-6\">\r\n                                    <ul class=\"wrap-list\">\r\n                                                                            <\/ul>\r\n                                <\/div>\r\n                                <div class=\"col-lg-6 col-sm-6\">\r\n                                    <ul class=\"wrap-list\">\r\n                                                                            <\/ul>\r\n                                <\/div>\r\n                            <\/div>\r\n                                                                <div class=\"about-btn\">\r\n                                                                            <a target=\"_blank\" href=\"https:\/\/air.triuvo.ai\/de\/preisgestaltung\/\" class=\"btn btn-primary\">Starten Sie Ihren kostenlosen Test<\/a>                                    <\/div>\r\n                                \r\n                                                    <\/div>\r\n                    <\/div>\r\n                <\/div>\r\n            <\/div>\r\n\r\n                    <!-- End AboutTwo Area -->\r\n        \t\t\t\t<\/div>\n\t\t\t\t<\/div>\n\t\t\t\t<div class=\"elementor-element elementor-element-c741fc2 elementor-widget elementor-widget-services-widget\" data-id=\"c741fc2\" data-element_type=\"widget\" data-e-type=\"widget\" data-widget_type=\"services-widget.default\">\n\t\t\t\t<div class=\"elementor-widget-container\">\n\t\t\t\t\t\r\n        <!-- Start Services Area -->\r\n                        <section class=\"services-area-wp pb-80\">\r\n                    <div class=\"container\">\r\n                                                    <div class=\"section-title-style-two\">\r\n                                <div class=\"content\">\r\n                                                                        <h2><\/h2>\r\n                                <\/div>\r\n\r\n                                                            <\/div>\r\n                        \r\n                        <div class=\"row justify-content-center\">\r\n                                                            <div class=\"col-lg-6 col-md-6 col-sm-6\">\r\n                                    <div class=\"single-services-item\">\r\n                                                                                    <div class=\"icon\">\r\n                                                <i class=\"flaticon-play-button\"><\/i>\r\n                                                <img decoding=\"async\" src=\"https:\/\/air.triuvo.ai\/wp-content\/uploads\/2025\/12\/banner_servicios.jpg\" alt=\"Bild\">\r\n                                            <\/div>\r\n                                                                                <h3><a href=\"https:\/\/air.triuvo.ai\/de\/dienstleistung\/ki-einsatz\/\">Aquinas Strategische Fragen und Antworten<\/a><\/h3>\r\n                                        <div class=\"content\">\r\n                                           <h3><a href=\"https:\/\/air.triuvo.ai\/de\/dienstleistung\/ki-einsatz\/\">Aquinas Strategische Fragen und Antworten<\/a><\/h3>\r\n                                            <p><p>Beinhaltet alles aus All-Access Capital sowie vorrangige Antworten, geschlossene Strategiesitzungen und direkte Beratung f\u00fcr diejenigen, die mit Umsicht und Weitsicht gr\u00f6\u00dferes Kapital verwalten.<\/p>\n<\/p>\r\n                                            <a href=\"https:\/\/air.triuvo.ai\/de\/dienstleistung\/ki-einsatz\/\" class=\"read-more-btn\">Mehr lesen <i class=\"flaticon-add-1\"><\/i><\/a>\r\n                                        <\/div>\r\n                                    <\/div>\r\n                                <\/div>\r\n                                                            <div class=\"col-lg-6 col-md-6 col-sm-6\">\r\n                                    <div class=\"single-services-item\">\r\n                                                                                    <div class=\"icon\">\r\n                                                <i class=\"flaticon-play-button\"><\/i>\r\n                                                <img decoding=\"async\" src=\"https:\/\/air.triuvo.ai\/wp-content\/uploads\/2025\/12\/banner_servicios.jpg\" alt=\"Bild\">\r\n                                            <\/div>\r\n                                                                                <h3><a href=\"https:\/\/air.triuvo.ai\/de\/dienstleistung\/sprache-ki\/\">Aquinas All-Access Capital<\/a><\/h3>\r\n                                        <div class=\"content\">\r\n                                           <h3><a href=\"https:\/\/air.triuvo.ai\/de\/dienstleistung\/sprache-ki\/\">Aquinas All-Access Capital<\/a><\/h3>\r\n                                            <p><p>Umfassender Zugriff auf taktische Signale, erweiterte Portfolios, detaillierte Analysen und Informationen aus den Fragen und Antworten der Mitglieder.<\/p>\n<\/p>\r\n                                            <a href=\"https:\/\/air.triuvo.ai\/de\/dienstleistung\/sprache-ki\/\" class=\"read-more-btn\">Mehr lesen <i class=\"flaticon-add-1\"><\/i><\/a>\r\n                                        <\/div>\r\n                                    <\/div>\r\n                                <\/div>\r\n                                                    <\/div>\r\n                    <\/div>\r\n                <\/section>\r\n            \r\n        <!-- End Services Area -->\r\n        \t\t\t\t<\/div>\n\t\t\t\t<\/div>\n\t\t\t\t\t<\/div>\n\t\t<\/div>\n\t\t\t\t\t<\/div>\n\t\t<\/section>\n\t\t\t\t<\/div>","protected":false},"excerpt":{"rendered":"<p>365 Days of Clarity Start for $1 a Day AQUINAS MORNING Begin Each Day with Clarity, Not Noise\u00a0 Aquinas Morning\u202fis a daily framework that transforms market information into prudent understanding.\u00a0 Receive daily access to:\u00a0 Market Tension Level:\u00a0A prudential signal of the day\u2019s financial environment: calm, tense, or critical.\u00a0 3\u20135 Essential Market Insights:\u00a0Equities, rates, credit, commodities,<\/p>","protected":false},"author":1,"featured_media":2201,"parent":0,"menu_order":0,"comment_status":"closed","ping_status":"closed","template":"","meta":{"_acf_changed":false,"pmpro_default_level":"","_uag_custom_page_level_css":"","footnotes":""},"class_list":["post-1669","page","type-page","status-publish","has-post-thumbnail","hentry","pmpro-has-access"],"acf":[],"uagb_featured_image_src":{"full":["https:\/\/air.triuvo.ai\/wp-content\/uploads\/2025\/12\/banner_dosservicios.jpg",1000,250,false],"thumbnail":["https:\/\/air.triuvo.ai\/wp-content\/uploads\/2025\/12\/banner_dosservicios-150x150.jpg",150,150,true],"medium":["https:\/\/air.triuvo.ai\/wp-content\/uploads\/2025\/12\/banner_dosservicios-300x75.jpg",300,75,true],"medium_large":["https:\/\/air.triuvo.ai\/wp-content\/uploads\/2025\/12\/banner_dosservicios-768x192.jpg",640,160,true],"large":["https:\/\/air.triuvo.ai\/wp-content\/uploads\/2025\/12\/banner_dosservicios.jpg",640,160,false],"1536x1536":["https:\/\/air.triuvo.ai\/wp-content\/uploads\/2025\/12\/banner_dosservicios.jpg",1000,250,false],"2048x2048":["https:\/\/air.triuvo.ai\/wp-content\/uploads\/2025\/12\/banner_dosservicios.jpg",1000,250,false],"trp-custom-language-flag":["https:\/\/air.triuvo.ai\/wp-content\/uploads\/2025\/12\/banner_dosservicios.jpg",18,5,false],"plaby_card_thumb":["https:\/\/air.triuvo.ai\/wp-content\/uploads\/2025\/12\/banner_dosservicios-510x250.jpg",510,250,true],"plaby_single_thumb":["https:\/\/air.triuvo.ai\/wp-content\/uploads\/2025\/12\/banner_dosservicios-730x250.jpg",730,250,true],"woocommerce_thumbnail":["https:\/\/air.triuvo.ai\/wp-content\/uploads\/2025\/12\/banner_dosservicios-350x250.jpg",350,250,true],"woocommerce_single":["https:\/\/air.triuvo.ai\/wp-content\/uploads\/2025\/12\/banner_dosservicios-530x133.jpg",530,133,true],"woocommerce_gallery_thumbnail":["https:\/\/air.triuvo.ai\/wp-content\/uploads\/2025\/12\/banner_dosservicios-100x100.jpg",100,100,true]},"uagb_author_info":{"display_name":"LuarV-Admin","author_link":"https:\/\/air.triuvo.ai\/de\/author\/luarv-admin\/"},"uagb_comment_info":0,"uagb_excerpt":"365 Days of Clarity Start for $1 a Day AQUINAS MORNING Begin Each Day with Clarity, Not Noise\u00a0 Aquinas Morning\u202fis a daily framework that transforms market information into prudent understanding.\u00a0 Receive daily access to:\u00a0 Market Tension Level:\u00a0A prudential signal of the day\u2019s financial environment: calm, tense, or critical.\u00a0 3\u20135 Essential Market Insights:\u00a0Equities, rates, credit, commodities,","_links":{"self":[{"href":"https:\/\/air.triuvo.ai\/de\/wp-json\/wp\/v2\/pages\/1669","targetHints":{"allow":["GET"]}}],"collection":[{"href":"https:\/\/air.triuvo.ai\/de\/wp-json\/wp\/v2\/pages"}],"about":[{"href":"https:\/\/air.triuvo.ai\/de\/wp-json\/wp\/v2\/types\/page"}],"author":[{"embeddable":true,"href":"https:\/\/air.triuvo.ai\/de\/wp-json\/wp\/v2\/users\/1"}],"replies":[{"embeddable":true,"href":"https:\/\/air.triuvo.ai\/de\/wp-json\/wp\/v2\/comments?post=1669"}],"version-history":[{"count":57,"href":"https:\/\/air.triuvo.ai\/de\/wp-json\/wp\/v2\/pages\/1669\/revisions"}],"predecessor-version":[{"id":2474,"href":"https:\/\/air.triuvo.ai\/de\/wp-json\/wp\/v2\/pages\/1669\/revisions\/2474"}],"wp:featuredmedia":[{"embeddable":true,"href":"https:\/\/air.triuvo.ai\/de\/wp-json\/wp\/v2\/media\/2201"}],"wp:attachment":[{"href":"https:\/\/air.triuvo.ai\/de\/wp-json\/wp\/v2\/media?parent=1669"}],"curies":[{"name":"wp","href":"https:\/\/api.w.org\/{rel}","templated":true}]}}